{"id":8477,"date":"2022-09-05T20:01:07","date_gmt":"2022-09-05T17:01:07","guid":{"rendered":"https:\/\/onparturi.fi\/?post_type=product&#038;p=8477"},"modified":"2026-01-09T19:59:09","modified_gmt":"2026-01-09T17:59:09","slug":"sensitive-wax","status":"publish","type":"product","link":"https:\/\/onparturi.fi\/en\/shop\/hiustuotteet\/hiusgeelit-ja-vahat\/sensitive-wax\/","title":{"rendered":"No Nothing Sensitive Wax 100 ml"},"content":{"rendered":"<hr \/>\n<blockquote>\n<h2 style=\"text-align: center;\"><span style=\"color: #000000;\"><a style=\"color: #000000;\" href=\"https:\/\/onparturi.fi\/en\/product-tag\/four-reasons\/\">Four Reasons No Nothing Sensitive Wax<\/a><\/span><\/h2>\n<\/blockquote>\n<hr \/>\n<p style=\"text-align: center;\">\n<section class=\"product-description\">\n<div class=\"container-fluid description-container\">\n<div class=\"row description-row\">\n<div class=\"col-lg-6 col-12 text-background\">\n<div class=\"text-wrapper\">\n<h5 style=\"text-align: center;\">Product Description:<\/h5>\n<div class=\"text\" style=\"text-align: center;\">\n<p>Hajusteeton, herk\u00e4lle hiuspohjalle sopiva muotoiluvaha. Antaa joustavaa, rouheaa rakennetta hiuksiin sek\u00e4 voimakkaan pidon kaikille hiustyyleille. Bambunmahlauute vahvistaa ja ravitsee hiuksia.<\/p>\n<\/div>\n<\/div>\n<\/div>\n<\/div>\n<\/div>\n<\/section>\n<section id=\"responsibility_section\" class=\"product-responsibility\">\n<div class=\"container-fluid description-container\">\n<div class=\"row description-row\">\n<div class=\"col-lg-6 col-12 text-background\">\n<div class=\"text-wrapper\">\n<blockquote>\n<h5 style=\"text-align: center;\">Vastuullisuus<\/h5>\n<\/blockquote>\n<div class=\"text\">\n<div class=\"row\">\n<div class=\"col-md-12\">\n<blockquote>\n<p style=\"text-align: center;\">T\u00e4m\u00e4 tuote (kuten kaikki Four Reasons -hiustuotteet) on 100 % vegaaninen ja suunniteltu Suomessa sinulle U-P-E-A, jotta saat parhaat v\u00e4lineet itselt\u00e4si n\u00e4ytt\u00e4miseen. Pakkaus on valmistettu biopohjaisesta sokeriruokomuovista ja t\u00e4ysin kierr\u00e4tett\u00e4v\u00e4: kun surullinen p\u00e4iv\u00e4 koittaa ja pullon pohja on paljas, lajittele pakkaus muovij\u00e4tteeseen!<\/p>\n<div id=\"heading1\" class=\"card-header\">\n<h5 class=\"mb-0\" style=\"text-align: center;\">N\u00e4in k\u00e4yt\u00e4t minua<\/h5>\n<\/div>\n<div id=\"collapse1\">\n<div class=\"card-body\" style=\"text-align: center;\">Aktivoi k\u00e4mmenten v\u00e4liss\u00e4, levit\u00e4 kauttaaltaan hiuksiin ja muotoile sormin tai kamman avulla.<\/div>\n<\/div>\n<div id=\"heading3\" class=\"card-header\">\n<h5 class=\"mb-0\" style=\"text-align: center;\">Ainesosaluettelo (INCI)<\/h5>\n<\/div>\n<\/blockquote>\n<div id=\"collapse3\">\n<div class=\"card-body\">\n<blockquote>\n<p style=\"text-align: center;\">Aqua (Water), Kaolin, Petrolatum, Bis-Diglyceryl Polyacyladipate-2, Cetyl Alcohol, VP\/VA Copolymer, Ceteareth-25, PEG-40 Hydrogenated Castor Oil, Copernicia Cerifera Cera, Alcohol Denat., Synthetic Wax, Hydrogenated Microcrystalline Wax, Bambusa Vulgaris Sap Extract, Glycerin, Propylene Glycol, Ethylhexylglycerin, Polysorbate 20, Phenoxyethanol.<\/p>\n<\/blockquote>\n<\/div>\n<\/div>\n<\/div>\n<\/div>\n<\/div>\n<\/div>\n<\/div>\n<\/div>\n<\/div>\n<\/section>","protected":false},"excerpt":{"rendered":"<p>&nbsp;<\/p>\n<h2>Four Reasons No Nothing Sensitive Wax 100 ml<\/h2>\n<p>Hajusteeton, herk\u00e4lle hiuspohjalle sopiva muotoiluvaha. Antaa joustavaa, rouheaa rakennetta hiuksiin sek\u00e4 voimakkaan pidon kaikille hiustyyleille. Bambunmahlauute vahvistaa ja ravitsee hiuksia.<\/p>","protected":false},"featured_media":8480,"comment_status":"open","ping_status":"closed","template":"","meta":[],"product_brand":[],"product_cat":[61,197],"product_tag":[145],"class_list":{"0":"post-8477","1":"product","2":"type-product","3":"status-publish","4":"has-post-thumbnail","6":"product_cat-hiusgeelit-ja-vahat","7":"product_cat-hiustuotteet","8":"product_tag-four-reasons","10":"first","11":"outofstock","12":"taxable","13":"shipping-taxable","14":"purchasable","15":"product-type-simple"},"_links":{"self":[{"href":"https:\/\/onparturi.fi\/en\/wp-json\/wp\/v2\/product\/8477","targetHints":{"allow":["GET"]}}],"collection":[{"href":"https:\/\/onparturi.fi\/en\/wp-json\/wp\/v2\/product"}],"about":[{"href":"https:\/\/onparturi.fi\/en\/wp-json\/wp\/v2\/types\/product"}],"replies":[{"embeddable":true,"href":"https:\/\/onparturi.fi\/en\/wp-json\/wp\/v2\/comments?post=8477"}],"version-history":[{"count":3,"href":"https:\/\/onparturi.fi\/en\/wp-json\/wp\/v2\/product\/8477\/revisions"}],"predecessor-version":[{"id":11986,"href":"https:\/\/onparturi.fi\/en\/wp-json\/wp\/v2\/product\/8477\/revisions\/11986"}],"wp:featuredmedia":[{"embeddable":true,"href":"https:\/\/onparturi.fi\/en\/wp-json\/wp\/v2\/media\/8480"}],"wp:attachment":[{"href":"https:\/\/onparturi.fi\/en\/wp-json\/wp\/v2\/media?parent=8477"}],"wp:term":[{"taxonomy":"product_brand","embeddable":true,"href":"https:\/\/onparturi.fi\/en\/wp-json\/wp\/v2\/product_brand?post=8477"},{"taxonomy":"product_cat","embeddable":true,"href":"https:\/\/onparturi.fi\/en\/wp-json\/wp\/v2\/product_cat?post=8477"},{"taxonomy":"product_tag","embeddable":true,"href":"https:\/\/onparturi.fi\/en\/wp-json\/wp\/v2\/product_tag?post=8477"}],"curies":[{"name":"wp","href":"https:\/\/api.w.org\/{rel}","templated":true}]}}