{"id":8475,"date":"2022-09-05T19:53:07","date_gmt":"2022-09-05T16:53:07","guid":{"rendered":"https:\/\/onparturi.fi\/?post_type=product&#038;p=8475"},"modified":"2025-06-08T23:49:29","modified_gmt":"2025-06-08T20:49:29","slug":"gel-glue","status":"publish","type":"product","link":"https:\/\/onparturi.fi\/en\/shop\/hiustuotteet\/hiusgeelit-ja-vahat\/gel-glue\/","title":{"rendered":"Gel Glue 100ml"},"content":{"rendered":"<hr \/>\n<blockquote>\n<h2 style=\"text-align: center;\"><span style=\"color: #000000;\"><a style=\"color: #000000;\" href=\"https:\/\/onparturi.fi\/en\/product-tag\/four-reasons\/\">Four Reasons Professional Gel Glue 100ml<\/a><\/span><\/h2>\n<\/blockquote>\n<hr \/>\n<section class=\"product-description\">\n<div class=\"container-fluid description-container\">\n<div class=\"row description-row\">\n<div class=\"col-lg-6 col-12 text-background\">\n<div class=\"text-wrapper\">\n<blockquote>\n<h4 style=\"text-align: center;\">Product Description:<\/h4>\n<p style=\"text-align: center;\">Geeliliima antaa eritt\u00e4in voimakasta ja kest\u00e4v\u00e4\u00e4 pitoa \u00e4\u00e4rimm\u00e4isiin kampauksiin. Luo esimerkiksi wet look tai taakse kammattu, sile\u00e4 tyyli, joka pysyy menossasi mukana. Vahvuus on valtti, kun hiustyylin tulee kest\u00e4\u00e4.<\/p>\n<p style=\"text-align: center;\">Four Reasons Professional Gel Glue on parhaista raaka-aineista luotu ammattilaislaatuinen tuote. Sen koostumus on vegaaninen ja pakkaus kierr\u00e4tett\u00e4v\u00e4.<\/p>\n<\/blockquote>\n<\/div>\n<\/div>\n<\/div>\n<\/div>\n<\/section>\n<section id=\"responsibility_section\" class=\"product-responsibility\">\n<div class=\"container-fluid description-container\">\n<div class=\"row description-row\">\n<div class=\"col-lg-6 col-12 text-background\">\n<div class=\"text-wrapper\">\n<blockquote>\n<h4 style=\"text-align: center;\">Vastuullisuus<\/h4>\n<\/blockquote>\n<div class=\"text\">\n<div class=\"row\">\n<div class=\"col-md-12\">\n<p style=\"text-align: center;\">T\u00e4m\u00e4 tuote\u00a0 on 100 % vegaaninen ja suunniteltu Suomessa sinulle U-P-E-A, jotta saat parhaat v\u00e4lineet itselt\u00e4si n\u00e4ytt\u00e4miseen. Pakkaus on t\u00e4ysin kierr\u00e4tett\u00e4v\u00e4: kun surullinen p\u00e4iv\u00e4 koittaa ja pullon pohja on paljas, lajittele pakkaus muovij\u00e4tteeseen!<\/p>\n<\/div>\n<\/div>\n<\/div>\n<div class=\"button-wrapper\"><\/div>\n<\/div>\n<div>\n<div id=\"heading1\" class=\"card-header\">\n<blockquote>\n<h4 class=\"mb-0\" style=\"text-align: center;\">N\u00e4in k\u00e4yt\u00e4t minua<\/h4>\n<\/blockquote>\n<\/div>\n<blockquote>\n<div id=\"collapse1\">\n<div class=\"card-body\" style=\"text-align: center;\">Hiero k\u00e4siin, muotoile hiukset ja anna kuivua.<\/div>\n<\/div>\n<div id=\"heading3\" class=\"card-header\">\n<h4 class=\"mb-0\" style=\"text-align: center;\">Ainesosaluettelo (INCI)<\/h4>\n<\/div>\n<div id=\"collapse3\">\n<div class=\"card-body\">\n<p style=\"text-align: center;\">Aqua, VP\/VA Copolymer, Propylene Glycol, Acrylates\/Ceteth-20 Itaconate Copolymer, Acrylates Copolymer, PEG-40 Hydrogenated Castor Oil, Ethylhexylglycerin, Parfum, Phenoxyethanol, PEG-25 PABA, Aminomethyl Propanol, Amyl Cinnamal, Benzyl Salicylate, Citronellol, Geraniol, Hexyl Cinnamal, Hydroxycitronellal, Limonene, Linalool, CI 19140, CI 42090.<\/p>\n<\/div>\n<\/div>\n<\/blockquote>\n<\/div>\n<\/div>\n<\/div>\n<\/div>\n<\/section>\n<blockquote>\n<section class=\"product-tips py-5\">\n<div class=\"container\">\n<div class=\"slider-row\">\n<div class=\"scroll\">\n<div class=\"item\">\n<div class=\"d-flex flex-column\">\n<div class=\"row align-items-center\">\n<div class=\"col-md-6\">\n<h4 style=\"text-align: center;\">Ammattilaisen vinkki<\/h4>\n<p style=\"text-align: center;\">T\u00e4ydellinen sileiden kampausten muotoiluun. Kokeile!<\/p>\n<\/div>\n<\/div>\n<\/div>\n<\/div>\n<\/div>\n<\/div>\n<\/div>\n<\/section>\n<\/blockquote>\n<div id=\"collapse1\" class=\"collapse show\" aria-labelledby=\"heading1\">\n<div class=\"card-body\">\n<blockquote>\n<p style=\"text-align: center;\">\n<\/blockquote>\n<\/div>\n<\/div>\n<div id=\"heading2\" class=\"card-header\">\n<div id=\"collapse1\" class=\"collapse show\" aria-labelledby=\"heading1\">\n<div class=\"card-body\">\n<p>&nbsp;<\/p>\n<\/div>\n<\/div>\n<div id=\"heading2\" class=\"card-header\"><\/div>\n<\/div>\n<p>&nbsp;<\/p>","protected":false},"excerpt":{"rendered":"<h2 class=\"serp-title\">Four Reasons Professional Gel Glue 100ml<\/h2>\n<p>Geeliliima antaa eritt\u00e4in voimakasta ja kest\u00e4v\u00e4\u00e4 pitoa \u00e4\u00e4rimm\u00e4isiin kampauksiin. Luo esimerkiksi wet look tai taakse kammattu, sile\u00e4 tyyli, joka pysyy menossasi mukana. Vahvuus on valtti, kun hiustyylin tulee kest\u00e4\u00e4.<\/p>\n<p>Four Reasons Professional Gel Glue on parhaista raaka-aineista luotu ammattilaislaatuinen tuote. Sen koostumus on vegaaninen ja pakkaus kierr\u00e4tett\u00e4v\u00e4.<\/p>","protected":false},"featured_media":8476,"comment_status":"open","ping_status":"closed","template":"","meta":[],"product_brand":[],"product_cat":[61,197],"product_tag":[145],"class_list":{"0":"post-8475","1":"product","2":"type-product","3":"status-publish","4":"has-post-thumbnail","6":"product_cat-hiusgeelit-ja-vahat","7":"product_cat-hiustuotteet","8":"product_tag-four-reasons","10":"first","11":"outofstock","12":"taxable","13":"shipping-taxable","14":"purchasable","15":"product-type-simple"},"_links":{"self":[{"href":"https:\/\/onparturi.fi\/en\/wp-json\/wp\/v2\/product\/8475","targetHints":{"allow":["GET"]}}],"collection":[{"href":"https:\/\/onparturi.fi\/en\/wp-json\/wp\/v2\/product"}],"about":[{"href":"https:\/\/onparturi.fi\/en\/wp-json\/wp\/v2\/types\/product"}],"replies":[{"embeddable":true,"href":"https:\/\/onparturi.fi\/en\/wp-json\/wp\/v2\/comments?post=8475"}],"version-history":[{"count":4,"href":"https:\/\/onparturi.fi\/en\/wp-json\/wp\/v2\/product\/8475\/revisions"}],"predecessor-version":[{"id":11985,"href":"https:\/\/onparturi.fi\/en\/wp-json\/wp\/v2\/product\/8475\/revisions\/11985"}],"wp:featuredmedia":[{"embeddable":true,"href":"https:\/\/onparturi.fi\/en\/wp-json\/wp\/v2\/media\/8476"}],"wp:attachment":[{"href":"https:\/\/onparturi.fi\/en\/wp-json\/wp\/v2\/media?parent=8475"}],"wp:term":[{"taxonomy":"product_brand","embeddable":true,"href":"https:\/\/onparturi.fi\/en\/wp-json\/wp\/v2\/product_brand?post=8475"},{"taxonomy":"product_cat","embeddable":true,"href":"https:\/\/onparturi.fi\/en\/wp-json\/wp\/v2\/product_cat?post=8475"},{"taxonomy":"product_tag","embeddable":true,"href":"https:\/\/onparturi.fi\/en\/wp-json\/wp\/v2\/product_tag?post=8475"}],"curies":[{"name":"wp","href":"https:\/\/api.w.org\/{rel}","templated":true}]}}