{"id":8462,"date":"2022-09-05T19:15:10","date_gmt":"2022-09-05T16:15:10","guid":{"rendered":"https:\/\/onparturi.fi\/?post_type=product&#038;p=8462"},"modified":"2026-02-23T13:22:00","modified_gmt":"2026-02-23T11:22:00","slug":"fiber-wax","status":"publish","type":"product","link":"https:\/\/onparturi.fi\/en\/shop\/hiustuotteet\/hiusgeelit-ja-vahat\/fiber-wax\/","title":{"rendered":"Fiber Wax 100ml"},"content":{"rendered":"<section class=\"product-description\">\n<div class=\"container-fluid description-container\">\n<div class=\"row description-row\">\n<div class=\"col-lg-6 col-12 text-background\">\n<div class=\"text-wrapper\">\n<blockquote>\n<hr \/>\n<h2 style=\"text-align: center;\"><span style=\"color: #000000;\"><a style=\"color: #000000;\" href=\"https:\/\/onparturi.fi\/en\/product-tag\/four-reasons\/\">Four Reasons Original Fiber Wax<\/a><\/span><\/h2>\n<hr \/>\n<\/blockquote>\n<h2><\/h2>\n<blockquote>\n<h4 style=\"text-align: center;\">Product Description:<\/h4>\n<div class=\"text\" style=\"text-align: center;\">\n<p>Runsaskuituinen vaha antaa rakennetta ja joustavaa pitoa.\u00a0Xantaanikumi\u00a0tekee vahasta pehme\u00e4\u00e4 ja helposti k\u00e4sitelt\u00e4v\u00e4\u00e4.<\/p>\n<\/div>\n<\/blockquote>\n<\/div>\n<\/div>\n<\/div>\n<\/div>\n<\/section>\n<section id=\"responsibility_section\" class=\"product-responsibility\">\n<div class=\"container-fluid description-container\">\n<div class=\"row description-row\">\n<div class=\"col-lg-6 col-12 text-background\">\n<div class=\"text-wrapper\">\n<blockquote>\n<h4 style=\"text-align: center;\">Vastuullisuus<\/h4>\n<div class=\"text\" style=\"text-align: center;\">\n<div class=\"row\">\n<div class=\"col-md-12\">\n<p>T\u00e4m\u00e4 tuote (kuten kaikki Four Reasons -hiustuotteet) on 100 % vegaaninen ja suunniteltu Suomessa sinulle U-P-E-A, jotta saat parhaat v\u00e4lineet itselt\u00e4si n\u00e4ytt\u00e4miseen. Sokeriruokomuovista valmistettu pakkaus on t\u00e4ysin kierr\u00e4tett\u00e4v\u00e4: kun surullinen p\u00e4iv\u00e4 koittaa ja pullon pohja on paljas, lajittele pakkaus muovij\u00e4tteeseen!<\/p>\n<\/div>\n<\/div>\n<\/div>\n<div class=\"button-wrapper\" style=\"text-align: center;\"><\/div>\n<\/blockquote>\n<\/div>\n<\/div>\n<div class=\"col-lg-6 col-12 image-wrapper\"><\/div>\n<\/div>\n<\/div>\n<\/section>\n<section id=\"four_reasons_tabs\" class=\"container\">\n<div id=\"mobile-tabs\" class=\"row\">\n<div class=\"card\">\n<div id=\"heading1\" class=\"card-header\">\n<blockquote>\n<h4 class=\"mb-0\" style=\"text-align: center;\">N\u00e4in k\u00e4yt\u00e4t minua<\/h4>\n<\/blockquote>\n<\/div>\n<blockquote>\n<div id=\"collapse1\">\n<div class=\"card-body\" style=\"text-align: center;\">Aktivoi k\u00e4mmenten v\u00e4liss\u00e4 ja levit\u00e4 kuiviin tai kosteisiin hiuksiin tyvest\u00e4 aloittaen. Muotoile makusi mukaan.<\/div>\n<\/div>\n<div id=\"heading3\" class=\"card-header\">\n<h4 class=\"mb-0\" style=\"text-align: center;\">Ainesosaluettelo (INCI)<\/h4>\n<\/div>\n<\/blockquote>\n<div id=\"collapse3\">\n<div class=\"card-body\">\n<blockquote>\n<p style=\"text-align: center;\">Aqua (Water), PEG-4 Hydrogenated Castor Oil, Petrolatum, Ceteareth-30, Ceteareth-25, VP\/VA Copolymer, Steareth-2, Cetearyl Alcohol, PEG-90M, Phenoxyethanol, Xanthan Gum, DMDM Hydantoin, Ethylhexylglycerin, Parfum (Fragrance), Limonene.<\/p>\n<\/blockquote>\n<\/div>\n<\/div>\n<div id=\"heading-additional-info\" class=\"card-header\"><\/div>\n<div id=\"collapse-additional-info\">\n<div class=\"card-body\">\n<div class=\"row mt-3 mt-md-0\">\n<div class=\"col-md-4 col-12\"><\/div>\n<\/div>\n<\/div>\n<\/div>\n<\/div>\n<\/div>\n<\/section>","protected":false},"excerpt":{"rendered":"<h2>Four Reasons Original Fiber Wax 100ml<\/h2>\n<p>Runsaskuituinen vaha antaa rakennetta ja joustavaa pitoa.\u00a0Xantaanikumi\u00a0tekee vahasta pehme\u00e4\u00e4 ja helposti k\u00e4sitelt\u00e4v\u00e4\u00e4.<\/p>","protected":false},"featured_media":8465,"comment_status":"open","ping_status":"closed","template":"","meta":[],"product_brand":[],"product_cat":[61,197],"product_tag":[145],"class_list":{"0":"post-8462","1":"product","2":"type-product","3":"status-publish","4":"has-post-thumbnail","6":"product_cat-hiusgeelit-ja-vahat","7":"product_cat-hiustuotteet","8":"product_tag-four-reasons","10":"first","11":"instock","12":"taxable","13":"shipping-taxable","14":"purchasable","15":"product-type-simple"},"_links":{"self":[{"href":"https:\/\/onparturi.fi\/en\/wp-json\/wp\/v2\/product\/8462","targetHints":{"allow":["GET"]}}],"collection":[{"href":"https:\/\/onparturi.fi\/en\/wp-json\/wp\/v2\/product"}],"about":[{"href":"https:\/\/onparturi.fi\/en\/wp-json\/wp\/v2\/types\/product"}],"replies":[{"embeddable":true,"href":"https:\/\/onparturi.fi\/en\/wp-json\/wp\/v2\/comments?post=8462"}],"version-history":[{"count":5,"href":"https:\/\/onparturi.fi\/en\/wp-json\/wp\/v2\/product\/8462\/revisions"}],"predecessor-version":[{"id":11982,"href":"https:\/\/onparturi.fi\/en\/wp-json\/wp\/v2\/product\/8462\/revisions\/11982"}],"wp:featuredmedia":[{"embeddable":true,"href":"https:\/\/onparturi.fi\/en\/wp-json\/wp\/v2\/media\/8465"}],"wp:attachment":[{"href":"https:\/\/onparturi.fi\/en\/wp-json\/wp\/v2\/media?parent=8462"}],"wp:term":[{"taxonomy":"product_brand","embeddable":true,"href":"https:\/\/onparturi.fi\/en\/wp-json\/wp\/v2\/product_brand?post=8462"},{"taxonomy":"product_cat","embeddable":true,"href":"https:\/\/onparturi.fi\/en\/wp-json\/wp\/v2\/product_cat?post=8462"},{"taxonomy":"product_tag","embeddable":true,"href":"https:\/\/onparturi.fi\/en\/wp-json\/wp\/v2\/product_tag?post=8462"}],"curies":[{"name":"wp","href":"https:\/\/api.w.org\/{rel}","templated":true}]}}