{"id":8455,"date":"2022-08-31T12:15:18","date_gmt":"2022-08-31T09:15:18","guid":{"rendered":"https:\/\/onparturi.fi\/?post_type=product&#038;p=8455"},"modified":"2026-04-14T17:09:48","modified_gmt":"2026-04-14T14:09:48","slug":"matte-paste","status":"publish","type":"product","link":"https:\/\/onparturi.fi\/en\/shop\/hiustuotteet\/hiusgeelit-ja-vahat\/matte-paste\/","title":{"rendered":"Matte Paste 100ml"},"content":{"rendered":"<section class=\"product-description\">\n<div class=\"container-fluid description-container\">\n<div class=\"row description-row\">\n<div class=\"col-lg-6 col-12 text-background\">\n<div class=\"text-wrapper\">\n<blockquote>\n<hr \/>\n<h2 style=\"text-align: center;\"><span style=\"color: #000000;\"><a style=\"color: #000000;\" href=\"https:\/\/onparturi.fi\/en\/product-tag\/four-reasons\/\">Four Reasons Original Matte Paste<\/a><\/span><\/h2>\n<hr \/>\n<\/blockquote>\n<h2 style=\"text-align: center;\">Product Description:<\/h2>\n<div class=\"text\" style=\"text-align: center;\">\n<p>Hiusvaha antaa rakennetta ja voimakasta pitoa.\u00a0J\u00e4tt\u00e4\u00e4 hiukset joustaviksi ja helposti uudelleenmuotoiltaviksi. Sis\u00e4lt\u00e4\u00e4 ravitsevaa bambunmahlauutetta.\u00a0Herkullisen hedelm\u00e4inen tuoksu!<\/p>\n<\/div>\n<\/div>\n<\/div>\n<\/div>\n<\/div>\n<\/section>\n<section id=\"responsibility_section\" class=\"product-responsibility\">\n<div class=\"container-fluid description-container\">\n<div class=\"row description-row\">\n<div class=\"col-lg-6 col-12 text-background\">\n<div class=\"text-wrapper\">\n<h2 style=\"text-align: center;\">Vastusullisuu<\/h2>\n<div class=\"text\">\n<div class=\"row\">\n<div class=\"col-md-12\">\n<p style=\"text-align: center;\">T\u00e4m\u00e4 tuote (kuten kaikki <a href=\"https:\/\/onparturi.fi\/en\/product-tag\/four-reasons\/\">Four Reasons<\/a> -hiustuotteet) on 100 % vegaaninen ja suunniteltu Suomessa sinulle U-P-E-A, jotta saat parhaat v\u00e4lineet itselt\u00e4si n\u00e4ytt\u00e4miseen. Sokeriruokomuovista valmistettu pakkaus on t\u00e4ysin kierr\u00e4tett\u00e4v\u00e4: kun surullinen p\u00e4iv\u00e4 koittaa ja pullon pohja on paljas, lajittele pakkaus muovij\u00e4tteeseen!<\/p>\n<\/div>\n<\/div>\n<\/div>\n<\/div>\n<\/div>\n<\/div>\n<\/div>\n<\/section>\n<section id=\"four_reasons_tabs\" class=\"container\">\n<div id=\"mobile-tabs\" class=\"row\">\n<div class=\"card-body\" style=\"text-align: center;\"><\/div>\n<div class=\"card\">\n<div id=\"heading3\" class=\"card-header\">\n<blockquote>\n<h4 class=\"mb-0\" style=\"text-align: center;\">Ainesosaluettelo (INCI)<\/h4>\n<\/blockquote>\n<\/div>\n<div id=\"collapse3\">\n<div class=\"card-body\">\n<blockquote>\n<p style=\"text-align: center;\">Aqua (Water), Kaolin, Petrolatum, Bis-Diglyceryl Polyacyladipate-2, Cetyl Alcohol, VP\/VA Copolymer, Ceteareth-25, PEG-40 Hydrogenated Castor Oil, CoperniciaCerifera (Carnauba) Wax, Alcohol Denat., Microcrystalline Wax, Synthetic Wax, Bambusa Vulgaris Sap Extract, Glycerin,Ethylhexylglycerin, Polysorbate 20, Propylene Glycol, Isopropyl Alcohol, Tetrasodium Glutamate Diacetate, Phenoxyethanol, Parfum (Fragrance), Linalool, Limonene, Alpha-Isomethyl Ionone, Citronellol.<\/p>\n<\/blockquote>\n<\/div>\n<\/div>\n<div id=\"collapse-additional-info\">\n<div class=\"card-body\">\n<div class=\"row mt-3 mt-md-0\">\n<div class=\"col-md-4 col-12\"><\/div>\n<\/div>\n<\/div>\n<\/div>\n<\/div>\n<\/div>\n<\/section>\n<p>&nbsp;<\/p>","protected":false},"excerpt":{"rendered":"<h2>\u00a0Four Reasons Original Matte Paste 100ml<\/h2>\n<p>Hiusvaha antaa rakennetta ja voimakasta pitoa. J\u00e4tt\u00e4\u00e4 hiukset joustaviksi ja helposti uudelleenmuotoiltaviksi. Sis\u00e4lt\u00e4\u00e4 ravitsevaa bambunmahlauutetta. Herkullisen hedelm\u00e4inen tuoksu! Vegaaninen.<\/p>","protected":false},"featured_media":8456,"comment_status":"open","ping_status":"closed","template":"","meta":[],"product_brand":[],"product_cat":[61,197],"product_tag":[145],"class_list":{"0":"post-8455","1":"product","2":"type-product","3":"status-publish","4":"has-post-thumbnail","6":"product_cat-hiusgeelit-ja-vahat","7":"product_cat-hiustuotteet","8":"product_tag-four-reasons","10":"first","11":"instock","12":"taxable","13":"shipping-taxable","14":"purchasable","15":"product-type-simple"},"_links":{"self":[{"href":"https:\/\/onparturi.fi\/en\/wp-json\/wp\/v2\/product\/8455","targetHints":{"allow":["GET"]}}],"collection":[{"href":"https:\/\/onparturi.fi\/en\/wp-json\/wp\/v2\/product"}],"about":[{"href":"https:\/\/onparturi.fi\/en\/wp-json\/wp\/v2\/types\/product"}],"replies":[{"embeddable":true,"href":"https:\/\/onparturi.fi\/en\/wp-json\/wp\/v2\/comments?post=8455"}],"version-history":[{"count":4,"href":"https:\/\/onparturi.fi\/en\/wp-json\/wp\/v2\/product\/8455\/revisions"}],"predecessor-version":[{"id":11978,"href":"https:\/\/onparturi.fi\/en\/wp-json\/wp\/v2\/product\/8455\/revisions\/11978"}],"wp:featuredmedia":[{"embeddable":true,"href":"https:\/\/onparturi.fi\/en\/wp-json\/wp\/v2\/media\/8456"}],"wp:attachment":[{"href":"https:\/\/onparturi.fi\/en\/wp-json\/wp\/v2\/media?parent=8455"}],"wp:term":[{"taxonomy":"product_brand","embeddable":true,"href":"https:\/\/onparturi.fi\/en\/wp-json\/wp\/v2\/product_brand?post=8455"},{"taxonomy":"product_cat","embeddable":true,"href":"https:\/\/onparturi.fi\/en\/wp-json\/wp\/v2\/product_cat?post=8455"},{"taxonomy":"product_tag","embeddable":true,"href":"https:\/\/onparturi.fi\/en\/wp-json\/wp\/v2\/product_tag?post=8455"}],"curies":[{"name":"wp","href":"https:\/\/api.w.org\/{rel}","templated":true}]}}