{"id":4332,"date":"2022-01-09T22:39:18","date_gmt":"2022-01-09T20:39:18","guid":{"rendered":"https:\/\/onparturi.fi\/?post_type=product&#038;p=4332"},"modified":"2025-12-26T17:26:55","modified_gmt":"2025-12-26T15:26:55","slug":"scalp-revitalizing-tonic","status":"publish","type":"product","link":"https:\/\/onparturi.fi\/en\/shop\/hiustuotteet\/suihkeet-tonicit\/scalp-revitalizing-tonic\/","title":{"rendered":"Scalp Revitalizing Tonic 150ml"},"content":{"rendered":"<blockquote>\n<hr \/>\n<h2 style=\"text-align: center;\"><span style=\"color: #000000;\"><a style=\"color: #000000;\" href=\"https:\/\/onparturi.fi\/en\/product-tag\/four-reasons\/\">Four Reasons Scalp Revitalizing Tonic<\/a><\/span><\/h2>\n<hr \/>\n<h4 style=\"text-align: center;\">\u00a0 \u00a0 \u00a0 Product Description:<\/h4>\n<\/blockquote>\n<section class=\"product-description\">\n<div class=\"container-fluid description-container\">\n<div class=\"row description-row\">\n<div class=\"col-lg-6 col-12 text-background\">\n<div class=\"text-wrapper\">\n<div class=\"text\">\n<blockquote>\n<p style=\"text-align: center;\">Jokainen hiuspohja kaipaa toisinaan virkistyst\u00e4, mutta hiusvedest\u00e4 hy\u00f6tyy erityisesti kutiseva, \u00e4rtynyt tai hilseilev\u00e4 p\u00e4\u00e4nahka. Virkist\u00e4v\u00e4 Four Reasons Original Scalp Revitalizing Tonic -hiusvesi yll\u00e4pit\u00e4\u00e4 hiuspohjan hyvinvointia. Aloe vera ja glyseriini kosteuttavat ja rauhoittavat hiuspohjaa, mentoli stimuloi ja viilent\u00e4\u00e4. Raikas teepuu\u00f6ljyn tuoksu!<\/p>\n<p style=\"text-align: center;\">Oh, so green! Scalp Revitalizing Tonic on 100 % vegaaninen, valmistettu Suomessa uusiutuvalla energialla ja pakattu kierr\u00e4tysmateriaaliin.<\/p>\n<p>&nbsp;<\/p><\/blockquote>\n<\/div>\n<\/div>\n<\/div>\n<\/div>\n<\/div>\n<\/section>\n<section id=\"responsibility_section\" class=\"product-responsibility\">\n<div class=\"container-fluid description-container\">\n<div class=\"row description-row\">\n<div class=\"col-lg-6 col-12 text-background\">\n<div class=\"text-wrapper\">\n<blockquote>\n<h4 style=\"text-align: center;\">Vastuullisuus<\/h4>\n<\/blockquote>\n<div class=\"text\">\n<div class=\"row\">\n<div class=\"col-12 col-md-10\">\n<blockquote>\n<p style=\"text-align: center;\">T\u00e4m\u00e4 tuote on vaaleanpunainen valinta: 100 % vegaaninen, pakattu kierr\u00e4tysmuoviin, valmistettu Suomessa ja suunniteltu sinulle U-P-E-A, jotta saat parhaat v\u00e4lineet itselt\u00e4si n\u00e4ytt\u00e4miseen. Kierr\u00e4tysmuovista ja PEFC-sertifioidusta kartongista valmistettu pakkaus on t\u00e4ysin kierr\u00e4tett\u00e4v\u00e4: kun surullinen p\u00e4iv\u00e4 koittaa ja pullon pohja on paljas, lajittele pullo muovij\u00e4tteeseen ja pakkaus pahvinker\u00e4ykseen!<\/p>\n<\/blockquote>\n<\/div>\n<\/div>\n<\/div>\n<\/div>\n<\/div>\n<div class=\"col-lg-6 col-12 image-wrapper\"><\/div>\n<\/div>\n<\/div>\n<\/section>\n<section id=\"four_reasons_tabs\" class=\"container\">\n<div id=\"mobile-tabs\" class=\"row\">\n<div class=\"card\">\n<div id=\"heading1\" class=\"card-header\">\n<blockquote>\n<h4 class=\"mb-0\" style=\"text-align: center;\">N\u00e4in k\u00e4yt\u00e4t minua<\/h4>\n<\/blockquote>\n<\/div>\n<blockquote>\n<div id=\"collapse1\">\n<div class=\"card-body\" style=\"text-align: center;\">Levit\u00e4 tarpeen mukaan kuiviin tai kosteisiin hiuksiin. \u00c4l\u00e4 huuhtele. Sopii k\u00e4ytett\u00e4v\u00e4ksi kaikille hiuspohjille, erityisesti rauhoittamaan, raikastamaan ja kosteuttamaan kutisevaa, \u00e4rtynytt\u00e4 tai hilseilev\u00e4\u00e4 hiuspohjaa. \u00c4l\u00e4 k\u00e4yt\u00e4 tuotetta, jos hiuspohjassasi on haavaumia.<\/div>\n<\/div>\n<div id=\"heading2\" class=\"card-header\">\n<h4 class=\"mb-0\" style=\"text-align: center;\">Sis\u00e4lt\u00e4ni l\u00f6yd\u00e4t<\/h4>\n<\/div>\n<div id=\"collapse2\">\n<div class=\"card-body\">\n<p style=\"text-align: center;\">Aloe vera, glyseriini ja mentoli.<\/p>\n<\/div>\n<\/div>\n<div id=\"heading3\" class=\"card-header\">\n<h4 class=\"mb-0\" style=\"text-align: center;\">Ainesosaluettelo (INCI)<\/h4>\n<\/div>\n<\/blockquote>\n<div id=\"collapse3\">\n<div class=\"card-body\">\n<blockquote>\n<p style=\"text-align: center;\">Aqua (Water), Alcohol Denat., Glycerin, Aloe Barbadensis Leaf Extract, Melaleuca Alternifolia Leaf Oil, Menthol, Piroctone Olamine, Lactic Acid, Hydroxyethylcellulose, Limonene.<\/p>\n<\/blockquote>\n<\/div>\n<\/div>\n<div id=\"heading-additional-info\" class=\"card-header\"><\/div>\n<div id=\"collapse-additional-info\">\n<div class=\"card-body\">\n<div class=\"row mt-3 mt-md-0\">\n<div class=\"col-md-4 col-12\"><\/div>\n<\/div>\n<\/div>\n<\/div>\n<\/div>\n<\/div>\n<\/section>","protected":false},"excerpt":{"rendered":"<h2>Scalp Revitalizing Tonic<\/h2>\n<h4>Virkist\u00e4v\u00e4 hiusvesi<\/h4>\n<div class=\"product--description\">\n<p>Jokainen hiuspohja kaipaa toisinaan virkistyst\u00e4, mutta hiusvedest\u00e4 hy\u00f6tyy erityisesti kutiseva, \u00e4rtynyt tai hilseilev\u00e4 p\u00e4\u00e4nahka. Virkist\u00e4v\u00e4 Four Reasons Original Scalp Revitalizing Tonic -hiusvesi yll\u00e4pit\u00e4\u00e4 hiuspohjan hyvinvointia. Aloe vera ja glyseriini kosteuttavat ja rauhoittavat hiuspohjaa, mentoli stimuloi ja viilent\u00e4\u00e4. Raikas teepuu\u00f6ljyn tuoksu!<\/p>\n<p>Oh, so green! Scalp Revitalizing Tonic on 100 % vegaaninen, valmistettu Suomessa uusiutuvalla energialla ja pakattu kierr\u00e4tysmateriaaliin.<\/p>\n<\/div>\n<div class=\"product--description\">\n<p>Levit\u00e4 tarpeen mukaan kuiviin tai kosteisiin hiuksiin. \u00c4l\u00e4 huuhtele. Sopii k\u00e4ytett\u00e4v\u00e4ksi kaikille hiuspohjille, erityisesti rauhoittamaan, raikastamaan ja kosteuttamaan kutisevaa, \u00e4rtynytt\u00e4 tai hilseilev\u00e4\u00e4 hiuspohjaa. \u00c4l\u00e4 k\u00e4yt\u00e4 tuotetta, jos hiuspohjassasi on haavaumia.<\/p>\n<\/div>","protected":false},"featured_media":4333,"comment_status":"open","ping_status":"closed","template":"","meta":[],"product_brand":[],"product_cat":[212,197],"product_tag":[145],"class_list":{"0":"post-4332","1":"product","2":"type-product","3":"status-publish","4":"has-post-thumbnail","6":"product_cat-suihkeet-tonicit","7":"product_cat-hiustuotteet","8":"product_tag-four-reasons","10":"first","11":"outofstock","12":"sale","13":"taxable","14":"shipping-taxable","15":"purchasable","16":"product-type-simple"},"_links":{"self":[{"href":"https:\/\/onparturi.fi\/en\/wp-json\/wp\/v2\/product\/4332","targetHints":{"allow":["GET"]}}],"collection":[{"href":"https:\/\/onparturi.fi\/en\/wp-json\/wp\/v2\/product"}],"about":[{"href":"https:\/\/onparturi.fi\/en\/wp-json\/wp\/v2\/types\/product"}],"replies":[{"embeddable":true,"href":"https:\/\/onparturi.fi\/en\/wp-json\/wp\/v2\/comments?post=4332"}],"version-history":[{"count":5,"href":"https:\/\/onparturi.fi\/en\/wp-json\/wp\/v2\/product\/4332\/revisions"}],"predecessor-version":[{"id":11977,"href":"https:\/\/onparturi.fi\/en\/wp-json\/wp\/v2\/product\/4332\/revisions\/11977"}],"wp:featuredmedia":[{"embeddable":true,"href":"https:\/\/onparturi.fi\/en\/wp-json\/wp\/v2\/media\/4333"}],"wp:attachment":[{"href":"https:\/\/onparturi.fi\/en\/wp-json\/wp\/v2\/media?parent=4332"}],"wp:term":[{"taxonomy":"product_brand","embeddable":true,"href":"https:\/\/onparturi.fi\/en\/wp-json\/wp\/v2\/product_brand?post=4332"},{"taxonomy":"product_cat","embeddable":true,"href":"https:\/\/onparturi.fi\/en\/wp-json\/wp\/v2\/product_cat?post=4332"},{"taxonomy":"product_tag","embeddable":true,"href":"https:\/\/onparturi.fi\/en\/wp-json\/wp\/v2\/product_tag?post=4332"}],"curies":[{"name":"wp","href":"https:\/\/api.w.org\/{rel}","templated":true}]}}