{"id":4324,"date":"2022-01-09T22:32:54","date_gmt":"2022-01-09T20:32:54","guid":{"rendered":"https:\/\/onparturi.fi\/?post_type=product&#038;p=4324"},"modified":"2024-11-26T15:34:46","modified_gmt":"2024-11-26T13:34:46","slug":"scalp-calming-shampoo","status":"publish","type":"product","link":"https:\/\/onparturi.fi\/en\/shop\/hiustuotteet\/shampoot\/scalp-calming-shampoo\/","title":{"rendered":"Scalp Calming Shampoo 250ml"},"content":{"rendered":"<section class=\"product-description\">\n<div class=\"container-fluid description-container\">\n<div class=\"row description-row\">\n<div class=\"col-lg-6 col-12 text-background\">\n<div class=\"text-wrapper\">\n<blockquote>\n<hr \/>\n<h2 style=\"text-align: center;\"><span style=\"color: #000000;\"><a style=\"color: #000000;\" href=\"https:\/\/onparturi.fi\/en\/product-tag\/four-reasons\/\">Four Reasons Original Scalp Calming Shampoo<\/a><\/span><\/h2>\n<hr \/>\n<h4 style=\"text-align: center;\">Product Description:<\/h4>\n<div class=\"text\" style=\"text-align: center;\">\n<p>Kuiva, herkk\u00e4 tai kutiseva hiuspohja? T\u00e4m\u00e4 rauhoittava shampoo auttaa p\u00e4\u00e4nahan kutinaan ja on tarkoitettu erityisesti herk\u00e4lle ja kuivalle hiuspohjalle sek\u00e4 kuivan hilseen hoitoon.<\/p>\n<p><a href=\"https:\/\/onparturi.fi\/en\/product-tag\/four-reasons\/\">Four Reasons<\/a> Original Scalp Calming Shampoo sis\u00e4lt\u00e4\u00e4 hiuksia ja hiuspohjaa kosteuttavaa herneproteiinia. Luonnon betaiini vahvistaa hiuksiasi tehden niist\u00e4 kiilt\u00e4v\u00e4t, pehme\u00e4t ja joustavat. Tasapainottaa hiuspohjaa ja hillitsee kutinaa. Raikas, valkoisen puuvillan kukan tuoksu!<\/p>\n<\/div>\n<\/blockquote>\n<\/div>\n<\/div>\n<\/div>\n<\/div>\n<\/section>\n<section id=\"responsibility_section\" class=\"product-responsibility\">\n<div class=\"container-fluid description-container\">\n<div class=\"row description-row\">\n<blockquote>\n<div class=\"col-lg-6 col-12 text-background\" style=\"text-align: center;\">\n<div class=\"text-wrapper\">\n<h4>Vastuullisuus<\/h4>\n<div class=\"text\">\n<div class=\"row\">\n<div class=\"col-12 col-md-10\">\n<p>T\u00e4m\u00e4 tuote on vaaleanpunainen valinta: 100 % vegaaninen, pakattu kierr\u00e4tysmuoviin, valmistettu Suomessa ja suunniteltu sinulle U-P-E-A, jotta saat parhaat v\u00e4lineet itselt\u00e4si n\u00e4ytt\u00e4miseen. Kierr\u00e4tysmuovista ja PEFC-sertifioidusta kartongista valmistettu pakkaus on t\u00e4ysin kierr\u00e4tett\u00e4v\u00e4: kun surullinen p\u00e4iv\u00e4 koittaa ja pullon pohja on paljas, lajittele pullo muovij\u00e4tteeseen ja pakkaus pahvinker\u00e4ykseen!<\/p>\n<\/div>\n<\/div>\n<\/div>\n<\/div>\n<\/div>\n<div class=\"col-lg-6 col-12 image-wrapper\" style=\"text-align: center;\"><\/div>\n<\/blockquote>\n<\/div>\n<\/div>\n<\/section>\n<section id=\"four_reasons_tabs\" class=\"container\">\n<div id=\"mobile-tabs\" class=\"row\">\n<div class=\"card\">\n<div id=\"heading1\" class=\"card-header\">\n<blockquote>\n<h5 class=\"mb-0\" style=\"text-align: center;\">N\u00e4in k\u00e4yt\u00e4t minua<\/h5>\n<\/blockquote>\n<\/div>\n<blockquote>\n<div id=\"collapse1\">\n<div class=\"card-body\" style=\"text-align: center;\">Hiero kosteisiin hiuksiin ja hiuspohjaan. Huuhtele huolellisesti. Sopii k\u00e4ytett\u00e4v\u00e4ksi erityisesti herk\u00e4lle ja kuivalle hiuspohjalle sek\u00e4 kuivan hilseen hoitoon.<\/div>\n<\/div>\n<div id=\"heading2\" class=\"card-header\">\n<h5 class=\"mb-0\" style=\"text-align: center;\">Sis\u00e4lt\u00e4ni l\u00f6yd\u00e4t<\/h5>\n<\/div>\n<div id=\"collapse2\">\n<div class=\"card-body\">\n<p style=\"text-align: center;\">Betaiini ja herneproteiini<\/p>\n<\/div>\n<\/div>\n<div id=\"heading3\" class=\"card-header\">\n<h5 class=\"mb-0\" style=\"text-align: center;\">Ainesosaluettelo (INCI)<\/h5>\n<\/div>\n<\/blockquote>\n<div id=\"collapse3\">\n<div class=\"card-body\">\n<blockquote>\n<p style=\"text-align: center;\">Aqua (Water), Sodium Laureth Sulfate, Glycerin, PEG-4 Rapeseedamide, Betaine, Cocamidopropyl Betaine, Disodium Laureth Sulfosuccinate, Piroctone Olamine, Lactic Acid, Trideceth-6, Hydrolyzed Pea Protein, Phenoxyethanol, Silicone Quaternium-18, Tetrasodium Glutamate Diacetate, PEG-120 Methyl Glucose Trioleate, Parfum (Fragrance), Hydroxypropyl Guar Hydroxypropyl Trimonium Chloride, Ethylhexylglycerin, Trideceth-12, Propanediol, Potassium Sorbate, Octadecyl di-t-butyl-4-hydroxyhydrocinnamate.<\/p>\n<\/blockquote>\n<\/div>\n<\/div>\n<div id=\"heading-additional-info\" class=\"card-header\"><\/div>\n<div id=\"collapse-additional-info\">\n<div class=\"card-body\">\n<div class=\"row mt-3 mt-md-0\">\n<div class=\"col-md-4 col-12\"><\/div>\n<\/div>\n<\/div>\n<\/div>\n<\/div>\n<\/div>\n<\/section>","protected":false},"excerpt":{"rendered":"<h2 class=\"link-to-brand\">Four Reasons Original Scalp Calming Shampoo 250 ml<\/h2>\n<h4>Rauhoittava shampoo<\/h4>\n<div class=\"product--description\">\n<p>Kuiva, herkk\u00e4 tai kutiseva hiuspohja? T\u00e4m\u00e4 rauhoittava shampoo auttaa p\u00e4\u00e4nahan kutinaan ja on tarkoitettu erityisesti herk\u00e4lle ja kuivalle hiuspohjalle sek\u00e4 kuivan hilseen hoitoon.<\/p>\n<p>Four Reasons Original Scalp Calming Shampoo sis\u00e4lt\u00e4\u00e4 hiuksia ja hiuspohjaa kosteuttavaa herneproteiinia. Luonnon betaiini vahvistaa hiuksiasi tehden niist\u00e4 kiilt\u00e4v\u00e4t, pehme\u00e4t ja joustavat. Tasapainottaa hiuspohjaa ja hillitsee kutinaa. Raikas, valkoisen puuvillan kukan tuoksu!<\/p>\n<p>Oh, so green! Scalp Calming Shampoo on 100 % vegaaninen, valmistettu Suomessa uusiutuvalla energialla ja pakattu kierr\u00e4tysmateriaaliin.<\/p>\n<\/div>\n<div class=\"product--description\">\n<p>K\u00e4ytt\u00f6:<br \/>\nhiero kosteisiin hiuksiin ja hiuspohjaan. Huuhtele huolellisesti. Sopii k\u00e4ytett\u00e4v\u00e4ksi erityisesti herk\u00e4lle ja kuivalle hiuspohjalle sek\u00e4 kuivan hilseen hoitoon.<\/p>\n<\/div>","protected":false},"featured_media":4325,"comment_status":"open","ping_status":"closed","template":"","meta":[],"product_brand":[],"product_cat":[55,197],"product_tag":[145],"class_list":{"0":"post-4324","1":"product","2":"type-product","3":"status-publish","4":"has-post-thumbnail","6":"product_cat-shampoot","7":"product_cat-hiustuotteet","8":"product_tag-four-reasons","10":"first","11":"instock","12":"sale","13":"taxable","14":"shipping-taxable","15":"purchasable","16":"product-type-simple"},"_links":{"self":[{"href":"https:\/\/onparturi.fi\/en\/wp-json\/wp\/v2\/product\/4324","targetHints":{"allow":["GET"]}}],"collection":[{"href":"https:\/\/onparturi.fi\/en\/wp-json\/wp\/v2\/product"}],"about":[{"href":"https:\/\/onparturi.fi\/en\/wp-json\/wp\/v2\/types\/product"}],"replies":[{"embeddable":true,"href":"https:\/\/onparturi.fi\/en\/wp-json\/wp\/v2\/comments?post=4324"}],"version-history":[{"count":3,"href":"https:\/\/onparturi.fi\/en\/wp-json\/wp\/v2\/product\/4324\/revisions"}],"predecessor-version":[{"id":11971,"href":"https:\/\/onparturi.fi\/en\/wp-json\/wp\/v2\/product\/4324\/revisions\/11971"}],"wp:featuredmedia":[{"embeddable":true,"href":"https:\/\/onparturi.fi\/en\/wp-json\/wp\/v2\/media\/4325"}],"wp:attachment":[{"href":"https:\/\/onparturi.fi\/en\/wp-json\/wp\/v2\/media?parent=4324"}],"wp:term":[{"taxonomy":"product_brand","embeddable":true,"href":"https:\/\/onparturi.fi\/en\/wp-json\/wp\/v2\/product_brand?post=4324"},{"taxonomy":"product_cat","embeddable":true,"href":"https:\/\/onparturi.fi\/en\/wp-json\/wp\/v2\/product_cat?post=4324"},{"taxonomy":"product_tag","embeddable":true,"href":"https:\/\/onparturi.fi\/en\/wp-json\/wp\/v2\/product_tag?post=4324"}],"curies":[{"name":"wp","href":"https:\/\/api.w.org\/{rel}","templated":true}]}}