{"id":4320,"date":"2022-01-09T22:29:16","date_gmt":"2022-01-09T20:29:16","guid":{"rendered":"https:\/\/onparturi.fi\/?post_type=product&#038;p=4320"},"modified":"2026-01-09T20:03:26","modified_gmt":"2026-01-09T18:03:26","slug":"sensitive-repair-shampoo","status":"publish","type":"product","link":"https:\/\/onparturi.fi\/en\/shop\/hiustuotteet\/shampoot\/sensitive-repair-shampoo\/","title":{"rendered":"Sensitive Repair Shampoo 300ml"},"content":{"rendered":"<section class=\"product-description\">\n<div class=\"container-fluid description-container\">\n<div class=\"row description-row\">\n<div class=\"col-lg-6 col-12 text-background\">\n<div class=\"text-wrapper\">\n<blockquote>\n<hr \/>\n<h2 style=\"text-align: center;\"><span style=\"color: #000000;\"><a style=\"color: #000000;\" href=\"https:\/\/onparturi.fi\/en\/product-tag\/four-reasons\/\">Four\u00a0 Reasons No Nothing Sensitive Repair Shampoo<\/a><\/span><\/h2>\n<hr \/>\n<h2 style=\"text-align: center;\"><\/h2>\n<p>&nbsp;<\/p>\n<h5 style=\"text-align: center;\">Product Description:<\/h5>\n<\/blockquote>\n<div class=\"text\">\n<blockquote>\n<p style=\"text-align: center;\">Hajusteeton, herk\u00e4lle hiuspohjalle sopiva vaurioituneita hiuksia korjaava shampoo. Hoitava koostumus vahvistaa vaurioituneita ja hauraita hiuksia. Kosteuttaa hiuksia tehokkaasti ja v\u00e4hent\u00e4\u00e4 niiden katkeilua.<\/p>\n<p style=\"text-align: center;\">Valmistettu Suomessa.<\/p>\n<\/blockquote>\n<\/div>\n<\/div>\n<\/div>\n<\/div>\n<\/div>\n<\/section>\n<section id=\"responsibility_section\" class=\"product-responsibility\">\n<div class=\"container-fluid description-container\">\n<div class=\"row description-row\">\n<div class=\"col-lg-6 col-12 text-background\">\n<div class=\"text-wrapper\"><\/div>\n<\/div>\n<\/div>\n<\/div>\n<\/section>\n<section id=\"four_reasons_tabs\" class=\"container\">\n<div id=\"mobile-tabs\" class=\"row\">\n<div class=\"card\">\n<div id=\"collapse-additional-info\">\n<div class=\"card-body\">\n<div class=\"row mt-3 mt-md-0\">\n<div class=\"col-md-4 col-12\"><\/div>\n<\/div>\n<\/div>\n<\/div>\n<\/div>\n<\/div>\n<\/section>","protected":false},"excerpt":{"rendered":"<h2>Four Reasons No Nothing Sensitive Repair Shampoo 300ml<\/h2>\n<h5>Kun kaikki \u00e4rsytt\u00e4\u00e4, valitse tuotesarja, joka ei \u00e4rsyt\u00e4 ket\u00e4\u00e4n<\/h5>\n<div class=\"product--description\">\n<p>Kaikilla Four Reasons No Nothing -tuotteilla on Allergia-, Iho- ja Astmaliiton Allergiatunnus. T\u00e4m\u00e4 puolueettomasti tutkituille tuotteille my\u00f6nnetty luotettavuuden tunnusmerkki takaa, etteiv\u00e4t tuotteiden koostumuksissa k\u00e4ytetyt ainesosat yleisesti \u00e4rsyt\u00e4 tai herkist\u00e4 ihoa, aiheuta tuoksuherkkyysoireita tai muita allergia- tai astmareaktioita.<\/p>\n<p>Allergiatunnuksen omaavat tuotteet eiv\u00e4t sis\u00e4ll\u00e4 seuraavia ainesosia:<br \/>\n\u2022 Hajusteita<br \/>\n\u2022 Tuoksuja<br \/>\n\u2022 Eteerisi\u00e4 \u00f6ljyj\u00e4<br \/>\n\u2022 Yleisesti herkist\u00e4vi\u00e4 tai \u00e4rsytt\u00e4vi\u00e4 aineita tai niiden pitoisuuksia<br \/>\n\u2022 Myker\u00f6kukkien ainesosia<br \/>\n\u2022 Fenyleenidiamiineja<br \/>\n\u2022 Formaldehydi\u00e4 ja sen vapauttajia<\/p>\n<p>Sano ei ymp\u00e4rist\u00f6n kuormitukselle<br \/>\nFour Reasons No Nothing -tuotesarjan pakkaukset on valmistettu biopohjaisesta sokeriruokomuovista. Biomuovien k\u00e4ytt\u00f6 v\u00e4hent\u00e4\u00e4 \u00f6ljyriippuvuutta ja niiden valmistuksen hiilidioksidip\u00e4\u00e4st\u00f6t ovat pienemm\u00e4t kuin perinteisell\u00e4 muovilla. Pakkaukset ovat my\u00f6s t\u00e4ysin kierr\u00e4tett\u00e4vi\u00e4; kierr\u00e4tt\u00e4m\u00e4ll\u00e4 biopohjaista muovia saavutetaan entist\u00e4kin pienempi hiilijalanj\u00e4lki. Suosi l\u00e4hituotantoa! Tuotesarjan pesu- ja hoitotuotteet on valmistettu Suomessa. Aerosolituotteet valmistetaan Ruotsissa.<\/p>\n<p>Sensitive Repair Shampoo<br \/>\nHajusteeton, herk\u00e4lle hiuspohjalle sopiva vaurioituneita hiuksia korjaava shampoo. Hoitava koostumus vahvistaa vaurioituneita ja hauraita hiuksia. Kosteuttaa hiuksia tehokkaasti ja v\u00e4hent\u00e4\u00e4 niiden katkeilua.<\/p>\n<\/div>","protected":false},"featured_media":4321,"comment_status":"open","ping_status":"closed","template":"","meta":[],"product_brand":[],"product_cat":[55,197],"product_tag":[145],"class_list":{"0":"post-4320","1":"product","2":"type-product","3":"status-publish","4":"has-post-thumbnail","6":"product_cat-shampoot","7":"product_cat-hiustuotteet","8":"product_tag-four-reasons","10":"first","11":"instock","12":"sale","13":"taxable","14":"shipping-taxable","15":"purchasable","16":"product-type-simple"},"_links":{"self":[{"href":"https:\/\/onparturi.fi\/en\/wp-json\/wp\/v2\/product\/4320","targetHints":{"allow":["GET"]}}],"collection":[{"href":"https:\/\/onparturi.fi\/en\/wp-json\/wp\/v2\/product"}],"about":[{"href":"https:\/\/onparturi.fi\/en\/wp-json\/wp\/v2\/types\/product"}],"replies":[{"embeddable":true,"href":"https:\/\/onparturi.fi\/en\/wp-json\/wp\/v2\/comments?post=4320"}],"version-history":[{"count":2,"href":"https:\/\/onparturi.fi\/en\/wp-json\/wp\/v2\/product\/4320\/revisions"}],"predecessor-version":[{"id":11969,"href":"https:\/\/onparturi.fi\/en\/wp-json\/wp\/v2\/product\/4320\/revisions\/11969"}],"wp:featuredmedia":[{"embeddable":true,"href":"https:\/\/onparturi.fi\/en\/wp-json\/wp\/v2\/media\/4321"}],"wp:attachment":[{"href":"https:\/\/onparturi.fi\/en\/wp-json\/wp\/v2\/media?parent=4320"}],"wp:term":[{"taxonomy":"product_brand","embeddable":true,"href":"https:\/\/onparturi.fi\/en\/wp-json\/wp\/v2\/product_brand?post=4320"},{"taxonomy":"product_cat","embeddable":true,"href":"https:\/\/onparturi.fi\/en\/wp-json\/wp\/v2\/product_cat?post=4320"},{"taxonomy":"product_tag","embeddable":true,"href":"https:\/\/onparturi.fi\/en\/wp-json\/wp\/v2\/product_tag?post=4320"}],"curies":[{"name":"wp","href":"https:\/\/api.w.org\/{rel}","templated":true}]}}