{"id":4302,"date":"2022-01-09T22:15:53","date_gmt":"2022-01-09T20:15:53","guid":{"rendered":"https:\/\/onparturi.fi\/?post_type=product&#038;p=4302"},"modified":"2026-01-09T20:04:49","modified_gmt":"2026-01-09T18:04:49","slug":"volume-conditioner-2","status":"publish","type":"product","link":"https:\/\/onparturi.fi\/en\/shop\/hiustuotteet\/hoitoaineet\/volume-conditioner-2\/","title":{"rendered":"Volume Conditioner 300ml"},"content":{"rendered":"<blockquote>\n<hr \/>\n<h1 class=\"link-to-brand\" style=\"text-align: center;\"><span style=\"color: #000000;\"><a style=\"color: #000000;\" href=\"https:\/\/onparturi.fi\/en\/product-tag\/four-reasons\/\">Four Reasons Original Volume Conditioner<\/a><\/span><\/h1>\n<hr \/>\n<h1 class=\"link-to-brand\" style=\"text-align: center;\"><\/h1>\n<\/blockquote>\n<section class=\"product-description\">\n<div class=\"container-fluid description-container\">\n<div class=\"row description-row\">\n<div class=\"col-lg-6 col-12 text-background\">\n<div class=\"text-wrapper\">\n<blockquote>\n<h5 style=\"text-align: center;\">Product Description:<\/h5>\n<\/blockquote>\n<div class=\"text\">\n<blockquote>\n<p style=\"text-align: center;\">Mieluummin \u00f6verit kuin\u00a0vajarit.\u00a0Tuuheuttava\u00a0hoitoaine poistaa s\u00e4hk\u00f6isyytt\u00e4 ja tekee hiuksista ilmavat sek\u00e4 helposti kammattavat. Hernepeptidit kosteuttavat hiuksia niit\u00e4 latistamatta. Sopii erityisesti k\u00e4ytett\u00e4v\u00e4ksi kampauksien pohjalla ja kaikille, jotka kaipaavat tyyliins\u00e4 lis\u00e4\u00e4 tuuheutta!<\/p>\n<p style=\"text-align: center;\">Valmistettu Suomessa.<\/p>\n<\/blockquote>\n<\/div>\n<\/div>\n<\/div>\n<\/div>\n<\/div>\n<\/section>\n<section id=\"responsibility_section\" class=\"product-responsibility\">\n<div class=\"container-fluid description-container\">\n<div class=\"row description-row\">\n<div class=\"col-lg-6 col-12 text-background\">\n<div class=\"text-wrapper\"><\/div>\n<\/div>\n<\/div>\n<\/div>\n<\/section>\n<section id=\"four_reasons_tabs\" class=\"container\">\n<div id=\"mobile-tabs\" class=\"row\">\n<div class=\"card\">\n<div id=\"collapse-additional-info\">\n<div class=\"card-body\">\n<div class=\"row mt-3 mt-md-0\">\n<div class=\"col-md-4 col-12\"><\/div>\n<\/div>\n<\/div>\n<\/div>\n<\/div>\n<\/div>\n<\/section>","protected":false},"excerpt":{"rendered":"<h2 class=\"link-to-brand\">Four Reasons Original Volume Conditioner 300ml<\/h2>\n<h4>Tuuheuttava hoitoaine<\/h4>\n<div class=\"product--description\">\n<p>Mieluummin \u00f6verit kuin vajarit. Tuuheuttava hoitoaine poistaa s\u00e4hk\u00f6isyytt\u00e4 ja tekee hiuksista ilmavat sek\u00e4 helposti kammattavat. Hernepeptidit kosteuttavat hiuksia niit\u00e4 latistamatta. Sopii erityisesti k\u00e4ytett\u00e4v\u00e4ksi kampauksien pohjalla ja kaikille, jotka kaipaavat tyyliins\u00e4 lis\u00e4\u00e4 tuuheutta!<\/p>\n<p>Valmistettu Suomessa.<\/p>\n<\/div>","protected":false},"featured_media":4303,"comment_status":"open","ping_status":"closed","template":"","meta":[],"product_brand":[],"product_cat":[56,197],"product_tag":[145],"class_list":{"0":"post-4302","1":"product","2":"type-product","3":"status-publish","4":"has-post-thumbnail","6":"product_cat-hoitoaineet","7":"product_cat-hiustuotteet","8":"product_tag-four-reasons","10":"first","11":"instock","12":"taxable","13":"shipping-taxable","14":"purchasable","15":"product-type-simple"},"_links":{"self":[{"href":"https:\/\/onparturi.fi\/en\/wp-json\/wp\/v2\/product\/4302","targetHints":{"allow":["GET"]}}],"collection":[{"href":"https:\/\/onparturi.fi\/en\/wp-json\/wp\/v2\/product"}],"about":[{"href":"https:\/\/onparturi.fi\/en\/wp-json\/wp\/v2\/types\/product"}],"replies":[{"embeddable":true,"href":"https:\/\/onparturi.fi\/en\/wp-json\/wp\/v2\/comments?post=4302"}],"version-history":[{"count":2,"href":"https:\/\/onparturi.fi\/en\/wp-json\/wp\/v2\/product\/4302\/revisions"}],"predecessor-version":[{"id":11965,"href":"https:\/\/onparturi.fi\/en\/wp-json\/wp\/v2\/product\/4302\/revisions\/11965"}],"wp:featuredmedia":[{"embeddable":true,"href":"https:\/\/onparturi.fi\/en\/wp-json\/wp\/v2\/media\/4303"}],"wp:attachment":[{"href":"https:\/\/onparturi.fi\/en\/wp-json\/wp\/v2\/media?parent=4302"}],"wp:term":[{"taxonomy":"product_brand","embeddable":true,"href":"https:\/\/onparturi.fi\/en\/wp-json\/wp\/v2\/product_brand?post=4302"},{"taxonomy":"product_cat","embeddable":true,"href":"https:\/\/onparturi.fi\/en\/wp-json\/wp\/v2\/product_cat?post=4302"},{"taxonomy":"product_tag","embeddable":true,"href":"https:\/\/onparturi.fi\/en\/wp-json\/wp\/v2\/product_tag?post=4302"}],"curies":[{"name":"wp","href":"https:\/\/api.w.org\/{rel}","templated":true}]}}