{"id":4280,"date":"2022-01-09T21:59:47","date_gmt":"2022-01-09T19:59:47","guid":{"rendered":"https:\/\/onparturi.fi\/?post_type=product&#038;p=4280"},"modified":"2026-01-09T20:05:40","modified_gmt":"2026-01-09T18:05:40","slug":"repair-shampoo","status":"publish","type":"product","link":"https:\/\/onparturi.fi\/en\/shop\/hiustuotteet\/shampoot\/repair-shampoo\/","title":{"rendered":"Repair Shampoo 300ml"},"content":{"rendered":"<blockquote>\n<h2 style=\"text-align: center;\"><\/h2>\n<hr \/>\n<h2 style=\"text-align: center;\"><span style=\"color: #000000;\"><a style=\"color: #000000;\" href=\"https:\/\/onparturi.fi\/en\/product-tag\/four-reasons\/\">Four Reasons Original Repair Shampoo<\/a><\/span><\/h2>\n<hr \/>\n<h2 style=\"text-align: center;\"><\/h2>\n<\/blockquote>\n<section class=\"product-description\">\n<div class=\"container-fluid description-container\">\n<div class=\"row description-row\">\n<div class=\"col-lg-6 col-12 text-background\">\n<div class=\"text-wrapper\">\n<blockquote>\n<h5><\/h5>\n<h5 style=\"text-align: center;\">Product Description:<\/h5>\n<p>On aika ottaa esiin j\u00e4re\u00e4mm\u00e4t aseet.\u00a0Korjaava shampoo vahvistaa rasittuneita\u00a0ja k\u00e4siteltyj\u00e4\u00a0hiuksia, kosteuttaa ja poistaa p\u00f6rr\u00f6isyytt\u00e4.\u00a0Kasvipohjainen proteiiniyhdiste suojaa hiuksia tehokkaasti vaurioilta. Sis\u00e4lt\u00e4\u00e4 uudistavaa kasviuutetta, joka saa voimansa rohtosammakonputkesta, papaijasta ja kurjenmiekasta.<\/p>\n<p>Valmistettu Suomessa.<\/p><\/blockquote>\n<\/div>\n<\/div>\n<\/div>\n<\/div>\n<\/section>\n<blockquote>\n<div class=\"container-fluid description-container\">\n<div class=\"row description-row\">\n<div class=\"col-lg-6 col-12 text-background\">\n<div class=\"text-wrapper\"><\/div>\n<\/div>\n<\/div>\n<\/div>\n<\/blockquote>\n<section id=\"four_reasons_tabs\" class=\"container\">\n<div id=\"mobile-tabs\" class=\"row\">\n<div class=\"card\">\n<div id=\"collapse-additional-info\">\n<div class=\"card-body\">\n<div class=\"row mt-3 mt-md-0\">\n<blockquote>\n<p class=\"col-md-4 col-12\" style=\"text-align: center;\">\n<\/blockquote>\n<\/div>\n<\/div>\n<\/div>\n<\/div>\n<\/div>\n<\/section>","protected":false},"excerpt":{"rendered":"<h2>Four Reasons Original Repair Shampoo 300ml<\/h2>\n<div class=\"product--description\">\n<p>On aika ottaa esiin j\u00e4re\u00e4mm\u00e4t aseet. Korjaava shampoo vahvistaa rasittuneita ja k\u00e4siteltyj\u00e4 hiuksia, kosteuttaa ja poistaa p\u00f6rr\u00f6isyytt\u00e4. Kasvipohjainen proteiiniyhdiste suojaa hiuksia tehokkaasti vaurioilta. Sis\u00e4lt\u00e4\u00e4 uudistavaa kasviuutetta, joka saa voimansa rohtosammakonputkesta, papaijasta ja kurjenmiekasta.<\/p>\n<p>Valmistettu Suomessa.<\/p>\n<\/div>","protected":false},"featured_media":4281,"comment_status":"open","ping_status":"closed","template":"","meta":[],"product_brand":[],"product_cat":[55,197],"product_tag":[145],"class_list":{"0":"post-4280","1":"product","2":"type-product","3":"status-publish","4":"has-post-thumbnail","6":"product_cat-shampoot","7":"product_cat-hiustuotteet","8":"product_tag-four-reasons","10":"first","11":"instock","12":"taxable","13":"shipping-taxable","14":"purchasable","15":"product-type-simple"},"_links":{"self":[{"href":"https:\/\/onparturi.fi\/en\/wp-json\/wp\/v2\/product\/4280","targetHints":{"allow":["GET"]}}],"collection":[{"href":"https:\/\/onparturi.fi\/en\/wp-json\/wp\/v2\/product"}],"about":[{"href":"https:\/\/onparturi.fi\/en\/wp-json\/wp\/v2\/types\/product"}],"replies":[{"embeddable":true,"href":"https:\/\/onparturi.fi\/en\/wp-json\/wp\/v2\/comments?post=4280"}],"version-history":[{"count":2,"href":"https:\/\/onparturi.fi\/en\/wp-json\/wp\/v2\/product\/4280\/revisions"}],"predecessor-version":[{"id":11960,"href":"https:\/\/onparturi.fi\/en\/wp-json\/wp\/v2\/product\/4280\/revisions\/11960"}],"wp:featuredmedia":[{"embeddable":true,"href":"https:\/\/onparturi.fi\/en\/wp-json\/wp\/v2\/media\/4281"}],"wp:attachment":[{"href":"https:\/\/onparturi.fi\/en\/wp-json\/wp\/v2\/media?parent=4280"}],"wp:term":[{"taxonomy":"product_brand","embeddable":true,"href":"https:\/\/onparturi.fi\/en\/wp-json\/wp\/v2\/product_brand?post=4280"},{"taxonomy":"product_cat","embeddable":true,"href":"https:\/\/onparturi.fi\/en\/wp-json\/wp\/v2\/product_cat?post=4280"},{"taxonomy":"product_tag","embeddable":true,"href":"https:\/\/onparturi.fi\/en\/wp-json\/wp\/v2\/product_tag?post=4280"}],"curies":[{"name":"wp","href":"https:\/\/api.w.org\/{rel}","templated":true}]}}