{"id":4258,"date":"2022-01-09T21:31:41","date_gmt":"2022-01-09T19:31:41","guid":{"rendered":"https:\/\/onparturi.fi\/?post_type=product&#038;p=4258"},"modified":"2025-08-08T15:11:20","modified_gmt":"2025-08-08T12:11:20","slug":"volume-shampoo","status":"publish","type":"product","link":"https:\/\/onparturi.fi\/en\/shop\/hiustuotteet\/shampoot\/volume-shampoo\/","title":{"rendered":"Volume shampoo 250ml"},"content":{"rendered":"<section class=\"product-description\">\n<div class=\"container-fluid description-container\">\n<div class=\"row description-row\">\n<div class=\"col-lg-6 col-12 text-background\">\n<div class=\"text-wrapper\">\n<blockquote>\n<hr \/>\n<h2 class=\"link-to-brand\" style=\"text-align: center;\"><span style=\"color: #000000;\"><a style=\"color: #000000;\" href=\"https:\/\/onparturi.fi\/en\/product-tag\/four-reasons\/\">Four Reasons Nature Volume Shampoo<\/a><\/span><\/h2>\n<hr \/>\n<h2 class=\"link-to-brand\" style=\"text-align: center;\"><\/h2>\n<h5 style=\"text-align: center;\">Product Description:<\/h5>\n<p>Tuuheuttava shampoo puhdistaa hiukset antaen niille samalla t\u00e4ytel\u00e4ist\u00e4 runsautta. Hiukset tuntuvat tuuheilta ilman p\u00f6rr\u00f6isyytt\u00e4. Hopealehmuksen nuppu-uute kosteuttaa hiuksia tehokkaasti ja suojaa niit\u00e4 ulkoisilta rasitteilta. Sis\u00e4lt\u00e4\u00e4 my\u00f6s luomutyrnimarjan mehua ja luomuaprikoosin hedelm\u00e4uutetta. Tuloksena runsaat, kimmoisat ja ryhdikk\u00e4\u00e4t hiukset!<\/p>\n<p>Four Reasons Nature Volume Shampoo on vegaaninen ja valmistettu luonnollisista raaka-aineista. Tuotteella on Ecocertin\u00ae my\u00f6nt\u00e4m\u00e4 kansainv\u00e4linen luonnonkosmetiikan Cosmos Natural -sertifikaatti. Pakkaus on kierr\u00e4tysmuovia ja se voidaan kierr\u00e4tt\u00e4\u00e4 edelleen.<\/p>\n<p>Valmistettu Suomessa.<\/p><\/blockquote>\n<\/div>\n<\/div>\n<\/div>\n<\/div>\n<\/section>\n<blockquote>\n<div class=\"container-fluid description-container\">\n<div class=\"row description-row\">\n<div class=\"col-lg-6 col-12 text-background\">\n<div class=\"text-wrapper\">\n<div class=\"button-wrapper\"><\/div>\n<\/div>\n<\/div>\n<\/div>\n<\/div>\n<\/blockquote>\n<section class=\"product-tips py-5\">\n<div class=\"container\">\n<div class=\"slider-row\">\n<div class=\"scroll\">\n<div class=\"item\">\n<div class=\"d-flex flex-column\">\n<div class=\"row align-items-center\">\n<div class=\"col-md-6\">\n<blockquote>\n<h5 style=\"text-align: center;\">Ammattilaisen vinkki<\/h5>\n<p style=\"text-align: center;\">Luonnollisesti tuuheuttava shampoo, joka saa hennot hiukset n\u00e4ytt\u00e4m\u00e4\u00e4n ja tuntumaan paksummilta!<\/p>\n<\/blockquote>\n<\/div>\n<\/div>\n<\/div>\n<\/div>\n<\/div>\n<\/div>\n<\/div>\n<\/section>","protected":false},"excerpt":{"rendered":"<h2>Volume shampoo 250ml<\/h2>\n<h4>Tuuheuttava ja kosteuttava shampoo<\/h4>\n<div class=\"product--description\">\n<p>Tuuheuttava shampoo puhdistaa hiukset antaen niille samalla t\u00e4ytel\u00e4ist\u00e4 runsautta. Hiukset tuntuvat tuuheilta ilman p\u00f6rr\u00f6isyytt\u00e4. Hopealehmuksen nuppu-uute kosteuttaa hiuksia tehokkaasti ja suojaa niit\u00e4 ulkoisilta rasitteilta. Sis\u00e4lt\u00e4\u00e4 my\u00f6s luomutyrnimarjan mehua ja luomuaprikoosin hedelm\u00e4uutetta. Tuloksena runsaat, kimmoisat ja ryhdikk\u00e4\u00e4t hiukset! Four Reasons Nature Volume Shampoo on vegaaninen ja valmistettu luonnollisista raaka-aineista. Tuotteella on kansainv\u00e4linen luonnonkosmetiikan ECOCERT-sertifikaatti. Pakkaus on kierr\u00e4tysmuovia ja se voidaan kierr\u00e4tt\u00e4\u00e4 edelleen.<\/p>\n<p>Nature-sarja valmistetaan kest\u00e4v\u00e4n kehityksen periaatteiden mukaisesti Suomessa. Siksi se on hyv\u00e4 valinta sek\u00e4 sinulle ett\u00e4 ymp\u00e4rist\u00f6lle. Tuotteiden sis\u00e4lt\u00f6 on v\u00e4hint\u00e4\u00e4n 99 % luonnosta per\u00e4isin \u2013 koostumuksemme ja tehoaineemme ovat aidosti luonnonmukaisia ja my\u00f6s vegaanisia. Four Reasons Nature on luksusta, jonka luonto on luonut hiuksillesi.<\/p>\n<\/div>","protected":false},"featured_media":4259,"comment_status":"open","ping_status":"closed","template":"","meta":[],"product_brand":[],"product_cat":[55,197],"product_tag":[145],"class_list":{"0":"post-4258","1":"product","2":"type-product","3":"status-publish","4":"has-post-thumbnail","6":"product_cat-shampoot","7":"product_cat-hiustuotteet","8":"product_tag-four-reasons","10":"first","11":"outofstock","12":"taxable","13":"shipping-taxable","14":"purchasable","15":"product-type-simple"},"_links":{"self":[{"href":"https:\/\/onparturi.fi\/en\/wp-json\/wp\/v2\/product\/4258","targetHints":{"allow":["GET"]}}],"collection":[{"href":"https:\/\/onparturi.fi\/en\/wp-json\/wp\/v2\/product"}],"about":[{"href":"https:\/\/onparturi.fi\/en\/wp-json\/wp\/v2\/types\/product"}],"replies":[{"embeddable":true,"href":"https:\/\/onparturi.fi\/en\/wp-json\/wp\/v2\/comments?post=4258"}],"version-history":[{"count":2,"href":"https:\/\/onparturi.fi\/en\/wp-json\/wp\/v2\/product\/4258\/revisions"}],"predecessor-version":[{"id":11958,"href":"https:\/\/onparturi.fi\/en\/wp-json\/wp\/v2\/product\/4258\/revisions\/11958"}],"wp:featuredmedia":[{"embeddable":true,"href":"https:\/\/onparturi.fi\/en\/wp-json\/wp\/v2\/media\/4259"}],"wp:attachment":[{"href":"https:\/\/onparturi.fi\/en\/wp-json\/wp\/v2\/media?parent=4258"}],"wp:term":[{"taxonomy":"product_brand","embeddable":true,"href":"https:\/\/onparturi.fi\/en\/wp-json\/wp\/v2\/product_brand?post=4258"},{"taxonomy":"product_cat","embeddable":true,"href":"https:\/\/onparturi.fi\/en\/wp-json\/wp\/v2\/product_cat?post=4258"},{"taxonomy":"product_tag","embeddable":true,"href":"https:\/\/onparturi.fi\/en\/wp-json\/wp\/v2\/product_tag?post=4258"}],"curies":[{"name":"wp","href":"https:\/\/api.w.org\/{rel}","templated":true}]}}