{"id":4230,"date":"2022-01-09T19:47:59","date_gmt":"2022-01-09T17:47:59","guid":{"rendered":"https:\/\/onparturi.fi\/?post_type=product&#038;p=4230"},"modified":"2026-02-16T20:32:27","modified_gmt":"2026-02-16T18:32:27","slug":"weightless-volume-conditioner","status":"publish","type":"product","link":"https:\/\/onparturi.fi\/en\/shop\/hiustuotteet\/hoitoaineet\/weightless-volume-conditioner\/","title":{"rendered":"Weightless Volume Conditioner 300ml"},"content":{"rendered":"<blockquote>\n<h2 style=\"text-align: center;\"><\/h2>\n<hr \/>\n<h2 style=\"text-align: center;\"><span style=\"color: #000000;\"><a style=\"color: #000000;\" href=\"https:\/\/onparturi.fi\/en\/product-tag\/four-reasons\/\">Four Reasons Professional Weightless Volume Conditioner<\/a><\/span><\/h2>\n<hr \/>\n<h2 style=\"text-align: center;\"><\/h2>\n<\/blockquote>\n<p>&nbsp;<\/p>\n<blockquote>\n<h5 style=\"text-align: center;\">Product Description:<\/h5>\n<p style=\"text-align: center;\">Tuuheuttava hoitoaine antaa kaikille lis\u00e4\u00e4 runsautta kaipaaville hiuksille volyymia ja ilmavuutta hernepeptidien avulla. Se selvitt\u00e4\u00e4 ja kosteuttaa hiuksia j\u00e4tt\u00e4en ne pehmeiksi ja kauniin kiilt\u00e4viksi. Pit\u00e4\u00e4 hiukset silein\u00e4 ja torjuu s\u00e4hk\u00f6isyytt\u00e4 sek\u00e4 p\u00f6rr\u00f6isyytt\u00e4. Tuloksena silkinpehme\u00e4t ja tuuheat hiukset!<\/p>\n<p style=\"text-align: center;\">Four Reasons Professional Weightless Volume Conditioner on parhaista raaka-aineista luotu ammattilaislaatuinen tuote. Sen koostumus on vegaaninen ja pakkaus kierr\u00e4tett\u00e4v\u00e4. Valmistettu Suomessa.<\/p>\n<h5 style=\"text-align: center;\">Vastuullisuus<\/h5>\n<div class=\"row\">\n<div class=\"col-12 col-md-10\">\n<p style=\"text-align: center;\">T\u00e4m\u00e4 tuote on vaaleanpunainen valinta: 100 % vegaaninen, pakattu kierr\u00e4tysmuoviin, valmistettu Suomessa ja suunniteltu sinulle U-P-E-A, jotta saat parhaat v\u00e4lineet itselt\u00e4si n\u00e4ytt\u00e4miseen. Pakkaus on t\u00e4ysin kierr\u00e4tett\u00e4v\u00e4: kun surullinen p\u00e4iv\u00e4 koittaa ja pullon pohja on paljas, lajittele pakkaus muovij\u00e4tteeseen! Psst: Teemme jatkuvasti t\u00f6it\u00e4, jotta voimme siirty\u00e4 v\u00e4hitellen biopohjaisiin, sokeriruokomuovista valmistettuihin pakkauksiin my\u00f6s Professional-pesutuotteissa.<\/p>\n<\/div>\n<\/div>\n<p style=\"text-align: center;\">\n<\/blockquote>\n<section class=\"product-tips py-5\">\n<div class=\"container\">\n<div class=\"slider-row\">\n<div class=\"scroll\">\n<div class=\"item\">\n<div class=\"d-flex flex-column\">\n<div class=\"row align-items-center\">\n<div class=\"col-md-6\">\n<blockquote>\n<h5 style=\"text-align: center;\">Ammattilaisen vinkki<\/h5>\n<p style=\"text-align: center;\">Ilmavuutta antava hoitoaine erityisesti hennoille hiuksille! Pelastaa kuivan pipotukan my\u00f6s pahimmilla pakkasilla, sill\u00e4 tuuheuttavien ominaisuuksiensa lis\u00e4ksi hoitoaine kosteuttaa, pit\u00e4\u00e4 hiukset silein\u00e4 ja torjuu s\u00e4hk\u00f6isyytt\u00e4 sek\u00e4 p\u00f6rr\u00f6isyytt\u00e4.<\/p>\n<\/blockquote>\n<\/div>\n<\/div>\n<\/div>\n<\/div>\n<\/div>\n<\/div>\n<\/div>\n<\/section>","protected":false},"excerpt":{"rendered":"<h2>Four Reasons Professional Weightless Volume Conditioner 300ml<\/h2>\n<h4>Tuuheutta ja ilmavuutta antava hoitoaine<\/h4>\n<div class=\"product--description\">\n<p>Tuuheuttava hoitoaine antaa kaikille lis\u00e4\u00e4 runsautta kaipaaville hiuksille volyymia ja ilmavuutta hernepeptidien avulla. Se selvitt\u00e4\u00e4 ja kosteuttaa hiuksia j\u00e4tt\u00e4en ne pehmeiksi ja kauniin kiilt\u00e4viksi. Pit\u00e4\u00e4 hiukset silein\u00e4 ja torjuu s\u00e4hk\u00f6isyytt\u00e4 sek\u00e4 p\u00f6rr\u00f6isyytt\u00e4. Tuloksena silkinpehme\u00e4t ja tuuheat hiukset! Four Reasons Professional Weightless Volume Conditioner on parhaista raaka-aineista luotu ammattilaislaatuinen tuote. Sen koostumus on vegaaninen ja pakkaus kierr\u00e4tett\u00e4v\u00e4.<\/p>\n<\/div>","protected":false},"featured_media":4231,"comment_status":"open","ping_status":"closed","template":"","meta":[],"product_brand":[],"product_cat":[56,197],"product_tag":[145],"class_list":{"0":"post-4230","1":"product","2":"type-product","3":"status-publish","4":"has-post-thumbnail","6":"product_cat-hoitoaineet","7":"product_cat-hiustuotteet","8":"product_tag-four-reasons","10":"first","11":"instock","12":"taxable","13":"shipping-taxable","14":"purchasable","15":"product-type-simple"},"_links":{"self":[{"href":"https:\/\/onparturi.fi\/en\/wp-json\/wp\/v2\/product\/4230","targetHints":{"allow":["GET"]}}],"collection":[{"href":"https:\/\/onparturi.fi\/en\/wp-json\/wp\/v2\/product"}],"about":[{"href":"https:\/\/onparturi.fi\/en\/wp-json\/wp\/v2\/types\/product"}],"replies":[{"embeddable":true,"href":"https:\/\/onparturi.fi\/en\/wp-json\/wp\/v2\/comments?post=4230"}],"version-history":[{"count":3,"href":"https:\/\/onparturi.fi\/en\/wp-json\/wp\/v2\/product\/4230\/revisions"}],"predecessor-version":[{"id":10716,"href":"https:\/\/onparturi.fi\/en\/wp-json\/wp\/v2\/product\/4230\/revisions\/10716"}],"wp:featuredmedia":[{"embeddable":true,"href":"https:\/\/onparturi.fi\/en\/wp-json\/wp\/v2\/media\/4231"}],"wp:attachment":[{"href":"https:\/\/onparturi.fi\/en\/wp-json\/wp\/v2\/media?parent=4230"}],"wp:term":[{"taxonomy":"product_brand","embeddable":true,"href":"https:\/\/onparturi.fi\/en\/wp-json\/wp\/v2\/product_brand?post=4230"},{"taxonomy":"product_cat","embeddable":true,"href":"https:\/\/onparturi.fi\/en\/wp-json\/wp\/v2\/product_cat?post=4230"},{"taxonomy":"product_tag","embeddable":true,"href":"https:\/\/onparturi.fi\/en\/wp-json\/wp\/v2\/product_tag?post=4230"}],"curies":[{"name":"wp","href":"https:\/\/api.w.org\/{rel}","templated":true}]}}