{"id":4218,"date":"2022-01-09T19:38:19","date_gmt":"2022-01-09T17:38:19","guid":{"rendered":"https:\/\/onparturi.fi\/?post_type=product&#038;p=4218"},"modified":"2025-09-10T08:18:57","modified_gmt":"2025-09-10T05:18:57","slug":"conditioner","status":"publish","type":"product","link":"https:\/\/onparturi.fi\/en\/shop\/hiustuotteet\/hoitoaineet\/conditioner\/","title":{"rendered":"Damage Control Conditioner 300ml"},"content":{"rendered":"<blockquote>\n<hr \/>\n<h2 style=\"text-align: center;\"><span style=\"color: #000000;\"><a style=\"color: #000000;\" href=\"https:\/\/onparturi.fi\/en\/product-tag\/four-reasons\/\">Four Reasons Pro Damage Control Conditioner<\/a><\/span><\/h2>\n<hr \/>\n<\/blockquote>\n<h2><\/h2>\n<blockquote>\n<p style=\"text-align: center;\"><strong>Product Description:<\/strong><\/p>\n<p style=\"text-align: center;\">Vaurioita korjaava hoitoaine sis\u00e4lt\u00e4\u00e4 kasviproteiinia, joka rakennepaikkaa ja vahvistaa k\u00e4sitelty\u00e4 ja huokoista hiusta. Elinvoima ja kiilto palautuvat hiuksiin. Selvitt\u00e4\u00e4 ja helpottaa hiusten k\u00e4sittely\u00e4 latistamatta niit\u00e4. Rasittuneet hiukset saavat uutta vahvuutta, kosteutta ja joustavuutta. Papaija-, rohtosammakonputki- ja irisuute hoitavat hiuksia. Tuloksena hyv\u00e4kuntoiset ja kiilt\u00e4v\u00e4t hiukset!<\/p>\n<p style=\"text-align: center;\">Four Reasons Professional Damage Control Conditioner -hoitoaine on parhaista raaka-aineista luotu ammattilaislaatuinen tuote. Sen koostumus on vegaaninen ja pakkaus kierr\u00e4tett\u00e4v\u00e4. Valmistettu Suomessa.<\/p>\n<p style=\"text-align: center;\"><strong>Vastuullisuus<\/strong><\/p>\n<p style=\"text-align: center;\">T\u00e4m\u00e4 tuote on vaaleanpunainen valinta: 100 % vegaaninen, pakattu kierr\u00e4tysmuoviin, valmistettu Suomessa ja suunniteltu sinulle U-P-E-A, jotta saat parhaat v\u00e4lineet itselt\u00e4si n\u00e4ytt\u00e4miseen. Pakkaus on t\u00e4ysin kierr\u00e4tett\u00e4v\u00e4: kun surullinen p\u00e4iv\u00e4 koittaa ja pullon pohja on paljas, lajittele pakkaus muovij\u00e4tteeseen! Psst: Teemme jatkuvasti t\u00f6it\u00e4, jotta voimme siirty\u00e4 v\u00e4hitellen biopohjaisiin, sokeriruokomuovista valmistettuihin pakkauksiin my\u00f6s Professional-pesutuotteissa.<\/p>\n<p id=\"heading1\" class=\"card-header\" style=\"text-align: center;\">\n<\/blockquote>\n<div id=\"collapse3\">\n<div class=\"card-body\">\n<blockquote>\n<p style=\"text-align: center;\">\n<\/blockquote>\n<\/div>\n<\/div>\n<div id=\"heading-additional-info\" class=\"card-header\"><\/div>\n<div id=\"collapse-additional-info\">\n<div class=\"card-body\">\n<div class=\"row mt-3 mt-md-0\">\n<div class=\"col-md-8 col-12\"><\/div>\n<\/div>\n<\/div>\n<\/div>","protected":false},"excerpt":{"rendered":"<h2>\u00a0Damage Control Conditioner Korjaa rasittuneiden hiusten vaurioita<\/h2>\n<div class=\"product--description\">\n<p>Vaurioita korjaava hoitoaine sis\u00e4lt\u00e4\u00e4 kasviproteiinia, joka rakennepaikkaa ja vahvistaa k\u00e4sitelty\u00e4 ja huokoista hiusta. Elinvoima ja kiilto palautuvat hiuksiin. Selvitt\u00e4\u00e4 ja helpottaa hiusten k\u00e4sittely\u00e4 latistamatta niit\u00e4. Rasittuneet hiukset saavat uutta vahvuutta, kosteutta ja joustavuutta. Papaija-, rohtosammakonputki- ja irisuute hoitavat hiuksia. Tuloksena hyv\u00e4kuntoiset ja kiilt\u00e4v\u00e4t hiukset! Four Reasons Professional Damage Control Conditioner -hoitoaine on parhaista raaka-aineista luotu ammattilaislaatuinen tuote. Sen koostumus on vegaaninen ja pakkaus kierr\u00e4tett\u00e4v\u00e4.<\/p>\n<\/div>","protected":false},"featured_media":10711,"comment_status":"open","ping_status":"closed","template":"","meta":[],"product_brand":[],"product_cat":[56,197],"product_tag":[145],"class_list":{"0":"post-4218","1":"product","2":"type-product","3":"status-publish","4":"has-post-thumbnail","6":"product_cat-hoitoaineet","7":"product_cat-hiustuotteet","8":"product_tag-four-reasons","10":"first","11":"instock","12":"taxable","13":"shipping-taxable","14":"purchasable","15":"product-type-simple"},"_links":{"self":[{"href":"https:\/\/onparturi.fi\/en\/wp-json\/wp\/v2\/product\/4218","targetHints":{"allow":["GET"]}}],"collection":[{"href":"https:\/\/onparturi.fi\/en\/wp-json\/wp\/v2\/product"}],"about":[{"href":"https:\/\/onparturi.fi\/en\/wp-json\/wp\/v2\/types\/product"}],"replies":[{"embeddable":true,"href":"https:\/\/onparturi.fi\/en\/wp-json\/wp\/v2\/comments?post=4218"}],"version-history":[{"count":4,"href":"https:\/\/onparturi.fi\/en\/wp-json\/wp\/v2\/product\/4218\/revisions"}],"predecessor-version":[{"id":10710,"href":"https:\/\/onparturi.fi\/en\/wp-json\/wp\/v2\/product\/4218\/revisions\/10710"}],"wp:featuredmedia":[{"embeddable":true,"href":"https:\/\/onparturi.fi\/en\/wp-json\/wp\/v2\/media\/10711"}],"wp:attachment":[{"href":"https:\/\/onparturi.fi\/en\/wp-json\/wp\/v2\/media?parent=4218"}],"wp:term":[{"taxonomy":"product_brand","embeddable":true,"href":"https:\/\/onparturi.fi\/en\/wp-json\/wp\/v2\/product_brand?post=4218"},{"taxonomy":"product_cat","embeddable":true,"href":"https:\/\/onparturi.fi\/en\/wp-json\/wp\/v2\/product_cat?post=4218"},{"taxonomy":"product_tag","embeddable":true,"href":"https:\/\/onparturi.fi\/en\/wp-json\/wp\/v2\/product_tag?post=4218"}],"curies":[{"name":"wp","href":"https:\/\/api.w.org\/{rel}","templated":true}]}}