{"id":3452,"date":"2021-11-23T15:38:49","date_gmt":"2021-11-23T13:38:49","guid":{"rendered":"https:\/\/onparturi.fi\/?post_type=product&#038;p=3452"},"modified":"2025-12-26T17:28:52","modified_gmt":"2025-12-26T15:28:52","slug":"kaypro-sculpting-paste-precious-style-shaping-paste-100-ml","status":"publish","type":"product","link":"https:\/\/onparturi.fi\/en\/shop\/hiustuotteet\/hiusgeelit-ja-vahat\/kaypro-sculpting-paste-precious-style-shaping-paste-100-ml\/","title":{"rendered":"KayPro SCULPTING PASTE PRECIOUS STYLE Shaping Paste 100 ml"},"content":{"rendered":"","protected":false},"excerpt":{"rendered":"<p>Muotoilutahna, jossa on marula\u00f6ljy\u00e4 ja Eco-sertifioitua orgaanista tislattua appelsiini-, sitruuna- ja lehmuskukkavett\u00e4. Tahna on ihanteellinen luoville muotoilijoille. Seuraa mielikuvitustasi ja luo tyylisi pitk\u00e4kestoiseksi.<\/p>","protected":false},"featured_media":3453,"comment_status":"open","ping_status":"closed","template":"","meta":[],"product_brand":[],"product_cat":[61],"product_tag":[],"class_list":{"0":"post-3452","1":"product","2":"type-product","3":"status-publish","4":"has-post-thumbnail","6":"product_cat-hiusgeelit-ja-vahat","8":"first","9":"instock","10":"taxable","11":"shipping-taxable","12":"purchasable","13":"product-type-simple"},"_links":{"self":[{"href":"https:\/\/onparturi.fi\/en\/wp-json\/wp\/v2\/product\/3452","targetHints":{"allow":["GET"]}}],"collection":[{"href":"https:\/\/onparturi.fi\/en\/wp-json\/wp\/v2\/product"}],"about":[{"href":"https:\/\/onparturi.fi\/en\/wp-json\/wp\/v2\/types\/product"}],"replies":[{"embeddable":true,"href":"https:\/\/onparturi.fi\/en\/wp-json\/wp\/v2\/comments?post=3452"}],"version-history":[{"count":1,"href":"https:\/\/onparturi.fi\/en\/wp-json\/wp\/v2\/product\/3452\/revisions"}],"predecessor-version":[{"id":14012,"href":"https:\/\/onparturi.fi\/en\/wp-json\/wp\/v2\/product\/3452\/revisions\/14012"}],"wp:featuredmedia":[{"embeddable":true,"href":"https:\/\/onparturi.fi\/en\/wp-json\/wp\/v2\/media\/3453"}],"wp:attachment":[{"href":"https:\/\/onparturi.fi\/en\/wp-json\/wp\/v2\/media?parent=3452"}],"wp:term":[{"taxonomy":"product_brand","embeddable":true,"href":"https:\/\/onparturi.fi\/en\/wp-json\/wp\/v2\/product_brand?post=3452"},{"taxonomy":"product_cat","embeddable":true,"href":"https:\/\/onparturi.fi\/en\/wp-json\/wp\/v2\/product_cat?post=3452"},{"taxonomy":"product_tag","embeddable":true,"href":"https:\/\/onparturi.fi\/en\/wp-json\/wp\/v2\/product_tag?post=3452"}],"curies":[{"name":"wp","href":"https:\/\/api.w.org\/{rel}","templated":true}]}}