{"id":3447,"date":"2021-11-23T15:23:30","date_gmt":"2021-11-23T13:23:30","guid":{"rendered":"https:\/\/onparturi.fi\/?post_type=product&#038;p=3447"},"modified":"2025-12-26T17:29:25","modified_gmt":"2025-12-26T15:29:25","slug":"kaypro-precious-style-sculpting-paste-muotoilupasta-100ml","status":"publish","type":"product","link":"https:\/\/onparturi.fi\/en\/shop\/hiustuotteet\/hiusgeelit-ja-vahat\/kaypro-precious-style-sculpting-paste-muotoilupasta-100ml\/","title":{"rendered":"KayPro Precious Style Sculpting Paste muotoilupasta 100ml"},"content":{"rendered":"","protected":false},"excerpt":{"rendered":"<p>Marula \u00f6ljy\u00e4 ja eco-sertifioitua orgaanista tislattua appelsiini, sitruuna ja lehmuskukkavett\u00e4 sis\u00e4lt\u00e4v\u00e4 KayPro Precious Style Sculpting Paste muotoilupasta kaikille luoville stylisteille.<\/p>","protected":false},"featured_media":3446,"comment_status":"open","ping_status":"closed","template":"","meta":[],"product_brand":[],"product_cat":[61],"product_tag":[],"class_list":{"0":"post-3447","1":"product","2":"type-product","3":"status-publish","4":"has-post-thumbnail","6":"product_cat-hiusgeelit-ja-vahat","8":"first","9":"instock","10":"taxable","11":"shipping-taxable","12":"purchasable","13":"product-type-simple"},"_links":{"self":[{"href":"https:\/\/onparturi.fi\/en\/wp-json\/wp\/v2\/product\/3447","targetHints":{"allow":["GET"]}}],"collection":[{"href":"https:\/\/onparturi.fi\/en\/wp-json\/wp\/v2\/product"}],"about":[{"href":"https:\/\/onparturi.fi\/en\/wp-json\/wp\/v2\/types\/product"}],"replies":[{"embeddable":true,"href":"https:\/\/onparturi.fi\/en\/wp-json\/wp\/v2\/comments?post=3447"}],"version-history":[{"count":1,"href":"https:\/\/onparturi.fi\/en\/wp-json\/wp\/v2\/product\/3447\/revisions"}],"predecessor-version":[{"id":14017,"href":"https:\/\/onparturi.fi\/en\/wp-json\/wp\/v2\/product\/3447\/revisions\/14017"}],"wp:featuredmedia":[{"embeddable":true,"href":"https:\/\/onparturi.fi\/en\/wp-json\/wp\/v2\/media\/3446"}],"wp:attachment":[{"href":"https:\/\/onparturi.fi\/en\/wp-json\/wp\/v2\/media?parent=3447"}],"wp:term":[{"taxonomy":"product_brand","embeddable":true,"href":"https:\/\/onparturi.fi\/en\/wp-json\/wp\/v2\/product_brand?post=3447"},{"taxonomy":"product_cat","embeddable":true,"href":"https:\/\/onparturi.fi\/en\/wp-json\/wp\/v2\/product_cat?post=3447"},{"taxonomy":"product_tag","embeddable":true,"href":"https:\/\/onparturi.fi\/en\/wp-json\/wp\/v2\/product_tag?post=3447"}],"curies":[{"name":"wp","href":"https:\/\/api.w.org\/{rel}","templated":true}]}}