{"id":3445,"date":"2021-11-23T15:19:13","date_gmt":"2021-11-23T13:19:13","guid":{"rendered":"https:\/\/onparturi.fi\/?post_type=product&#038;p=3445"},"modified":"2025-09-29T19:12:49","modified_gmt":"2025-09-29T16:12:49","slug":"kaypro-precious-style-bright-star-shine-paste-kiiltopasta-100ml","status":"publish","type":"product","link":"https:\/\/onparturi.fi\/en\/shop\/hiustuotteet\/hiusgeelit-ja-vahat\/kaypro-precious-style-bright-star-shine-paste-kiiltopasta-100ml\/","title":{"rendered":"KayPro Precious Style Bright Star Shine Paste kiiltopasta 100ml"},"content":{"rendered":"","protected":false},"excerpt":{"rendered":"<p>Marula \u00f6ljy\u00e4 ja eco-sertifioitua orgaanista tislattua mustikka ja sitruunavett\u00e4 sis\u00e4lt\u00e4v\u00e4 KayPro Precious Style Bright Star Shine Paste kiiltopasta antaa hiuksiin kiiltoa ja eroteltavuutta sek\u00e4 luonnollista ja pitk\u00e4kestoista tyyli\u00e4.<\/p>","protected":false},"featured_media":3446,"comment_status":"open","ping_status":"closed","template":"","meta":[],"product_brand":[],"product_cat":[61],"product_tag":[],"class_list":{"0":"post-3445","1":"product","2":"type-product","3":"status-publish","4":"has-post-thumbnail","6":"product_cat-hiusgeelit-ja-vahat","8":"first","9":"instock","10":"taxable","11":"shipping-taxable","12":"purchasable","13":"product-type-simple"},"_links":{"self":[{"href":"https:\/\/onparturi.fi\/en\/wp-json\/wp\/v2\/product\/3445","targetHints":{"allow":["GET"]}}],"collection":[{"href":"https:\/\/onparturi.fi\/en\/wp-json\/wp\/v2\/product"}],"about":[{"href":"https:\/\/onparturi.fi\/en\/wp-json\/wp\/v2\/types\/product"}],"replies":[{"embeddable":true,"href":"https:\/\/onparturi.fi\/en\/wp-json\/wp\/v2\/comments?post=3445"}],"version-history":[{"count":1,"href":"https:\/\/onparturi.fi\/en\/wp-json\/wp\/v2\/product\/3445\/revisions"}],"predecessor-version":[{"id":14013,"href":"https:\/\/onparturi.fi\/en\/wp-json\/wp\/v2\/product\/3445\/revisions\/14013"}],"wp:featuredmedia":[{"embeddable":true,"href":"https:\/\/onparturi.fi\/en\/wp-json\/wp\/v2\/media\/3446"}],"wp:attachment":[{"href":"https:\/\/onparturi.fi\/en\/wp-json\/wp\/v2\/media?parent=3445"}],"wp:term":[{"taxonomy":"product_brand","embeddable":true,"href":"https:\/\/onparturi.fi\/en\/wp-json\/wp\/v2\/product_brand?post=3445"},{"taxonomy":"product_cat","embeddable":true,"href":"https:\/\/onparturi.fi\/en\/wp-json\/wp\/v2\/product_cat?post=3445"},{"taxonomy":"product_tag","embeddable":true,"href":"https:\/\/onparturi.fi\/en\/wp-json\/wp\/v2\/product_tag?post=3445"}],"curies":[{"name":"wp","href":"https:\/\/api.w.org\/{rel}","templated":true}]}}