{"id":3407,"date":"2021-11-22T13:32:12","date_gmt":"2021-11-22T11:32:12","guid":{"rendered":"https:\/\/onparturi.fi\/?post_type=product&#038;p=3407"},"modified":"2026-03-04T13:54:39","modified_gmt":"2026-03-04T11:54:39","slug":"ultra-strong-hairspray","status":"publish","type":"product","link":"https:\/\/onparturi.fi\/en\/shop\/hiustuotteet\/hiuslakka\/ultra-strong-hairspray\/","title":{"rendered":"Syoss Ceramide Complex Ultra Strong Hairspray 400ml"},"content":{"rendered":"<h1 style=\"text-align: center;\"><a href=\"https:\/\/www.syoss.net\/\" target=\"_blank\" rel=\"noopener\">Syoss<\/a> Ceramide Complex Ultra Strong <a href=\"https:\/\/onparturi.fi\/en\/product-category\/hiustuotteet\/hiuslakka\/\">Hairspray<\/a> 400ml<\/h1>\n<p>CERAMIDE COMPLEX eritt\u00e4in vahva SYOSS-lakka. Eritt\u00e4in vahvaa pitoa pit\u00e4v\u00e4 hiuslakka, pid\u00e4 hiustyylisi hallinnassa 48 tunnin ajan. Suojaa hiuksia murtumiselta ja on helppo poistaa harjaamalla. Sen koostumus auttaa suojaamaan hiuksia kosteudelta ja auringons\u00e4teilt\u00e4, \u200b\u200beiv\u00e4tk\u00e4 hiukset n\u00e4yt\u00e4 paakkuuntuneilta tai tahmeilta.<\/p>","protected":false},"excerpt":{"rendered":"<p>&nbsp;<\/p>\n<h2>Syoss Ceramide Complex Ultra Strong Hairspray 400ml<\/h2>\n<p>CERAMIDE COMPLEX eritt\u00e4in vahva SYOSS-lakka. Eritt\u00e4in vahvaa pitoa pit\u00e4v\u00e4 hiuslakka, pid\u00e4 hiustyylisi hallinnassa 48 tunnin ajan. Suojaa hiuksia murtumiselta ja on helppo poistaa harjaamalla. Sen koostumus auttaa suojaamaan hiuksia kosteudelta ja auringons\u00e4teilt\u00e4, \u200b\u200beiv\u00e4tk\u00e4 hiukset n\u00e4yt\u00e4 paakkuuntuneilta tai tahmeilta.<\/p>","protected":false},"featured_media":3408,"comment_status":"open","ping_status":"closed","template":"","meta":[],"product_brand":[],"product_cat":[58,197],"product_tag":[],"class_list":{"0":"post-3407","1":"product","2":"type-product","3":"status-publish","4":"has-post-thumbnail","6":"product_cat-hiuslakka","7":"product_cat-hiustuotteet","9":"first","10":"outofstock","11":"taxable","12":"shipping-taxable","13":"purchasable","14":"product-type-simple"},"_links":{"self":[{"href":"https:\/\/onparturi.fi\/en\/wp-json\/wp\/v2\/product\/3407","targetHints":{"allow":["GET"]}}],"collection":[{"href":"https:\/\/onparturi.fi\/en\/wp-json\/wp\/v2\/product"}],"about":[{"href":"https:\/\/onparturi.fi\/en\/wp-json\/wp\/v2\/types\/product"}],"replies":[{"embeddable":true,"href":"https:\/\/onparturi.fi\/en\/wp-json\/wp\/v2\/comments?post=3407"}],"version-history":[{"count":2,"href":"https:\/\/onparturi.fi\/en\/wp-json\/wp\/v2\/product\/3407\/revisions"}],"predecessor-version":[{"id":13593,"href":"https:\/\/onparturi.fi\/en\/wp-json\/wp\/v2\/product\/3407\/revisions\/13593"}],"wp:featuredmedia":[{"embeddable":true,"href":"https:\/\/onparturi.fi\/en\/wp-json\/wp\/v2\/media\/3408"}],"wp:attachment":[{"href":"https:\/\/onparturi.fi\/en\/wp-json\/wp\/v2\/media?parent=3407"}],"wp:term":[{"taxonomy":"product_brand","embeddable":true,"href":"https:\/\/onparturi.fi\/en\/wp-json\/wp\/v2\/product_brand?post=3407"},{"taxonomy":"product_cat","embeddable":true,"href":"https:\/\/onparturi.fi\/en\/wp-json\/wp\/v2\/product_cat?post=3407"},{"taxonomy":"product_tag","embeddable":true,"href":"https:\/\/onparturi.fi\/en\/wp-json\/wp\/v2\/product_tag?post=3407"}],"curies":[{"name":"wp","href":"https:\/\/api.w.org\/{rel}","templated":true}]}}