{"id":14316,"date":"2026-01-08T17:20:05","date_gmt":"2026-01-08T15:20:05","guid":{"rendered":"https:\/\/onparturi.fi\/?post_type=product&#038;p=14316"},"modified":"2026-01-08T17:20:05","modified_gmt":"2026-01-08T15:20:05","slug":"gamma-xcell-trimmer","status":"publish","type":"product","link":"https:\/\/onparturi.fi\/en\/shop\/koneet-tarvikkeet\/clippers\/gamma-xcell-trimmer\/","title":{"rendered":"GAMMA XCELL TRIMMER"},"content":{"rendered":"<blockquote>\n<hr \/>\n<h2 style=\"text-align: center;\"><span style=\"color: #000000;\"><a style=\"color: #000000;\" href=\"https:\/\/onparturi.fi\/en\/product-tag\/gamma\/\">Gamma Xcell Trimmer<\/a><\/span><\/h2>\n<hr \/>\n<\/blockquote>\n<p>&nbsp;<\/p>\n<p>&nbsp;<\/p>\n<ul>\n<li>9 500 RPM:n Vector IN2 -moottori, suuri teho ja elektronisesti ohjattu v\u00e4\u00e4nt\u00f6momentti<\/li>\n<li>40 mm kiinte\u00e4 X-PRO DLC Black Diamond Carbon -ter\u00e4 ja The One DLC -liikkuva ter\u00e4<\/li>\n<li>Irrotettava magneettinen drop-top, helppo puhdistaa, huoltaa ja voidella<\/li>\n<li>Alumiininen takarunko, joka v\u00e4hent\u00e4\u00e4 t\u00e4rin\u00e4\u00e4 ja melua<\/li>\n<li>Litiumioniakku, jopa 180 minuutin k\u00e4ytt\u00f6aika, ladattavissa lataustelakalla tai USB-C-kaapelilla<\/li>\n<li>4 magneettisen trimmerikamman sarja (1,5\u20139 mm)<\/li>\n<li>Mukana Zero Gap- tai 0,3 mm:n ter\u00e4n kohdistusty\u00f6kalu<\/li>\n<li>Lis\u00e4varusteet laitteen r\u00e4\u00e4t\u00e4l\u00f6intiin<\/li>\n<\/ul>","protected":false},"excerpt":{"rendered":"<p>Gamma Xcell Trimmer &nbsp; &nbsp; 9 500 RPM:n Vector IN2 -moottori, suuri teho ja elektronisesti ohjattu v\u00e4\u00e4nt\u00f6momentti 40 mm kiinte\u00e4 X-PRO DLC Black Diamond Carbon -ter\u00e4 ja The One DLC -liikkuva ter\u00e4 Irrotettava magneettinen drop-top, helppo puhdistaa, huoltaa ja voidella Alumiininen takarunko, joka v\u00e4hent\u00e4\u00e4 t\u00e4rin\u00e4\u00e4 ja melua Litiumioniakku, jopa 180 minuutin k\u00e4ytt\u00f6aika, ladattavissa lataustelakalla tai [&hellip;]<\/p>","protected":false},"featured_media":14317,"comment_status":"open","ping_status":"closed","template":"","meta":[],"product_brand":[],"product_cat":[210],"product_tag":[228],"class_list":{"0":"post-14316","1":"product","2":"type-product","3":"status-publish","4":"has-post-thumbnail","6":"product_cat-clippers","7":"product_tag-gamma","9":"first","10":"instock","11":"taxable","12":"shipping-taxable","13":"purchasable","14":"product-type-simple"},"_links":{"self":[{"href":"https:\/\/onparturi.fi\/en\/wp-json\/wp\/v2\/product\/14316","targetHints":{"allow":["GET"]}}],"collection":[{"href":"https:\/\/onparturi.fi\/en\/wp-json\/wp\/v2\/product"}],"about":[{"href":"https:\/\/onparturi.fi\/en\/wp-json\/wp\/v2\/types\/product"}],"replies":[{"embeddable":true,"href":"https:\/\/onparturi.fi\/en\/wp-json\/wp\/v2\/comments?post=14316"}],"version-history":[{"count":1,"href":"https:\/\/onparturi.fi\/en\/wp-json\/wp\/v2\/product\/14316\/revisions"}],"predecessor-version":[{"id":14318,"href":"https:\/\/onparturi.fi\/en\/wp-json\/wp\/v2\/product\/14316\/revisions\/14318"}],"wp:featuredmedia":[{"embeddable":true,"href":"https:\/\/onparturi.fi\/en\/wp-json\/wp\/v2\/media\/14317"}],"wp:attachment":[{"href":"https:\/\/onparturi.fi\/en\/wp-json\/wp\/v2\/media?parent=14316"}],"wp:term":[{"taxonomy":"product_brand","embeddable":true,"href":"https:\/\/onparturi.fi\/en\/wp-json\/wp\/v2\/product_brand?post=14316"},{"taxonomy":"product_cat","embeddable":true,"href":"https:\/\/onparturi.fi\/en\/wp-json\/wp\/v2\/product_cat?post=14316"},{"taxonomy":"product_tag","embeddable":true,"href":"https:\/\/onparturi.fi\/en\/wp-json\/wp\/v2\/product_tag?post=14316"}],"curies":[{"name":"wp","href":"https:\/\/api.w.org\/{rel}","templated":true}]}}