{"id":13715,"date":"2025-06-16T23:19:54","date_gmt":"2025-06-16T20:19:54","guid":{"rendered":"https:\/\/onparturi.fi\/?post_type=product&#038;p=13715"},"modified":"2025-11-19T22:34:57","modified_gmt":"2025-11-19T20:34:57","slug":"gamma-staggered-ceramic-blade","status":"publish","type":"product","link":"https:\/\/onparturi.fi\/en\/shop\/koneet-tarvikkeet\/gamma-staggered-ceramic-blade\/","title":{"rendered":"GAMMA STAGGERED CERAMIC BLADE"},"content":{"rendered":"<blockquote>\n<hr \/>\n<h2 style=\"text-align: center;\"><span style=\"color: #000000;\"><a style=\"color: #000000;\" href=\"https:\/\/onparturi.fi\/en\/product-tag\/gamma\/\">Gamma Staggered Ceramic Blade<\/a><\/span><\/h2>\n<hr \/>\n<h2 style=\"text-align: center;\"><\/h2>\n<p data-start=\"173\" data-end=\"383\"><strong data-start=\"173\" data-end=\"184\">Description:<\/strong><br data-start=\"184\" data-end=\"187\" \/><strong data-start=\"187\" data-end=\"214\">Staggered Ceramic Blade<\/strong> on liikkuva trimmerinter\u00e4, jossa on porrastetut hampaat. Tarjoaa tarkkaa, sulavaa ja viile\u00e4mp\u00e4\u00e4 leikkausta. Soveltuu erinomaisesti tarkkaan muotoiluun ja viimeistelyyn.<\/p>\n<p data-start=\"385\" data-end=\"635\"><strong data-start=\"385\" data-end=\"402\">Features<\/strong><br data-start=\"402\" data-end=\"405\" \/>\u2022 Porrastettu hammastus \u2013 parempi hiusten tarttuminen ja tarkempi lopputulos<br data-start=\"481\" data-end=\"484\" \/>\u2022 Keraaminen materiaali \u2013 pysyy viile\u00e4mp\u00e4n\u00e4 ja ter\u00e4v\u00e4n\u00e4 pidemp\u00e4\u00e4n<br data-start=\"549\" data-end=\"552\" \/>\u2022 Suunniteltu: Absolute Alpha<br data-start=\"581\" data-end=\"584\" \/>\u2022 Yhteensopiva my\u00f6s: X-Ergo, X-Alpha, Alpha, Ryde<\/p>\n<\/blockquote>","protected":false},"excerpt":{"rendered":"<p>Gamma Staggered Ceramic Blade Kuvaus:Staggered Ceramic Blade on liikkuva trimmerinter\u00e4, jossa on porrastetut hampaat. Tarjoaa tarkkaa, sulavaa ja viile\u00e4mp\u00e4\u00e4 leikkausta. Soveltuu erinomaisesti tarkkaan muotoiluun ja viimeistelyyn. Ominaisuudet:\u2022 Porrastettu hammastus \u2013 parempi hiusten tarttuminen ja tarkempi lopputulos\u2022 Keraaminen materiaali \u2013 pysyy viile\u00e4mp\u00e4n\u00e4 ja ter\u00e4v\u00e4n\u00e4 pidemp\u00e4\u00e4n\u2022 Suunniteltu: Absolute Alpha\u2022 Yhteensopiva my\u00f6s: X-Ergo, X-Alpha, Alpha, Ryde<\/p>","protected":false},"featured_media":13716,"comment_status":"open","ping_status":"closed","template":"","meta":[],"product_brand":[],"product_cat":[198,210],"product_tag":[228],"class_list":{"0":"post-13715","1":"product","2":"type-product","3":"status-publish","4":"has-post-thumbnail","6":"product_cat-koneet-tarvikkeet","7":"product_cat-clippers","8":"product_tag-gamma","10":"first","11":"instock","12":"taxable","13":"shipping-taxable","14":"purchasable","15":"product-type-simple"},"_links":{"self":[{"href":"https:\/\/onparturi.fi\/en\/wp-json\/wp\/v2\/product\/13715","targetHints":{"allow":["GET"]}}],"collection":[{"href":"https:\/\/onparturi.fi\/en\/wp-json\/wp\/v2\/product"}],"about":[{"href":"https:\/\/onparturi.fi\/en\/wp-json\/wp\/v2\/types\/product"}],"replies":[{"embeddable":true,"href":"https:\/\/onparturi.fi\/en\/wp-json\/wp\/v2\/comments?post=13715"}],"version-history":[{"count":1,"href":"https:\/\/onparturi.fi\/en\/wp-json\/wp\/v2\/product\/13715\/revisions"}],"predecessor-version":[{"id":13717,"href":"https:\/\/onparturi.fi\/en\/wp-json\/wp\/v2\/product\/13715\/revisions\/13717"}],"wp:featuredmedia":[{"embeddable":true,"href":"https:\/\/onparturi.fi\/en\/wp-json\/wp\/v2\/media\/13716"}],"wp:attachment":[{"href":"https:\/\/onparturi.fi\/en\/wp-json\/wp\/v2\/media?parent=13715"}],"wp:term":[{"taxonomy":"product_brand","embeddable":true,"href":"https:\/\/onparturi.fi\/en\/wp-json\/wp\/v2\/product_brand?post=13715"},{"taxonomy":"product_cat","embeddable":true,"href":"https:\/\/onparturi.fi\/en\/wp-json\/wp\/v2\/product_cat?post=13715"},{"taxonomy":"product_tag","embeddable":true,"href":"https:\/\/onparturi.fi\/en\/wp-json\/wp\/v2\/product_tag?post=13715"}],"curies":[{"name":"wp","href":"https:\/\/api.w.org\/{rel}","templated":true}]}}