{"id":13704,"date":"2025-06-16T22:24:12","date_gmt":"2025-06-16T19:24:12","guid":{"rendered":"https:\/\/onparturi.fi\/?post_type=product&#038;p=13704"},"modified":"2025-07-13T22:16:15","modified_gmt":"2025-07-13T19:16:15","slug":"gamma-slim-deep-dlc-clipper-blade","status":"publish","type":"product","link":"https:\/\/onparturi.fi\/en\/shop\/koneet-tarvikkeet\/foonit-hiustenkuivaajat\/gamma-slim-deep-dlc-clipper-blade\/","title":{"rendered":"GAMMA SLIM DEEP DLC CLIPPER BLADE"},"content":{"rendered":"<blockquote>\n<hr \/>\n<h2 style=\"text-align: center;\"><span style=\"color: #000000;\"><a style=\"color: #000000;\" href=\"https:\/\/onparturi.fi\/en\/product-tag\/gamma\/\">Gamma SLIM DEEP DLC Clipper Blade<\/a><\/span><\/h2>\n<hr \/>\n<\/blockquote>\n<blockquote>\n<p data-start=\"181\" data-end=\"390\"><strong data-start=\"181\" data-end=\"192\">Description:<\/strong><br data-start=\"192\" data-end=\"195\" \/>SLIM DEEP -ter\u00e4, valmistettu japanilaisesta DLC-ter\u00e4ksest\u00e4, tarjoaa viile\u00e4mp\u00e4\u00e4, ter\u00e4v\u00e4mp\u00e4\u00e4 ja pitk\u00e4ik\u00e4isemp\u00e4\u00e4 leikkausj\u00e4lke\u00e4. Ihanteellinen kaikkiin hiustyyleihin ja leikkaustekniikoihin.<\/p>\n<p data-start=\"392\" data-end=\"705\"><strong data-start=\"392\" data-end=\"409\">Features<\/strong><br data-start=\"409\" data-end=\"412\" \/>\u2022 Kapea ja syv\u00e4 ter\u00e4malli \u2013 tarkkaan ja hallittuun leikkaukseen<br data-start=\"475\" data-end=\"478\" \/>\u2022 DLC-pinnoitettu japanilainen ter\u00e4s \u2013 ruosteen- ja korroosionkest\u00e4v\u00e4<br data-start=\"547\" data-end=\"550\" \/>\u2022 Pysyy ter\u00e4v\u00e4n\u00e4 pidemp\u00e4\u00e4n ja pysyy viile\u00e4mp\u00e4n\u00e4 k\u00e4yt\u00f6ss\u00e4<br data-start=\"606\" data-end=\"609\" \/>\u2022 Sopii malleihin:<br data-start=\"627\" data-end=\"630\" \/>\u2013 Absolute Alpha<br data-start=\"648\" data-end=\"651\" \/>\u2013 X-Ergo<br data-start=\"661\" data-end=\"664\" \/>\u2013 Boosted<br data-start=\"675\" data-end=\"678\" \/>\u2013 SKIN<br data-start=\"686\" data-end=\"689\" \/>\u2013 Power Ryde<\/p>\n<\/blockquote>","protected":false},"excerpt":{"rendered":"<p>Gamma SLIM DEEP DLC Clipper Blade Kuvaus:SLIM DEEP -ter\u00e4, valmistettu japanilaisesta DLC-ter\u00e4ksest\u00e4, tarjoaa viile\u00e4mp\u00e4\u00e4, ter\u00e4v\u00e4mp\u00e4\u00e4 ja pitk\u00e4ik\u00e4isemp\u00e4\u00e4 leikkausj\u00e4lke\u00e4. Ihanteellinen kaikkiin hiustyyleihin ja leikkaustekniikoihin. Ominaisuudet:\u2022 Kapea ja syv\u00e4 ter\u00e4malli \u2013 tarkkaan ja hallittuun leikkaukseen\u2022 DLC-pinnoitettu japanilainen ter\u00e4s \u2013 ruosteen- ja korroosionkest\u00e4v\u00e4\u2022 Pysyy ter\u00e4v\u00e4n\u00e4 pidemp\u00e4\u00e4n ja pysyy viile\u00e4mp\u00e4n\u00e4 k\u00e4yt\u00f6ss\u00e4\u2022 Sopii malleihin:\u2013 Absolute Alpha\u2013 X-Ergo\u2013 Boosted\u2013 SKIN\u2013 Power [&hellip;]<\/p>","protected":false},"featured_media":13706,"comment_status":"open","ping_status":"closed","template":"","meta":[],"product_brand":[],"product_cat":[210,79,198],"product_tag":[228],"class_list":{"0":"post-13704","1":"product","2":"type-product","3":"status-publish","4":"has-post-thumbnail","6":"product_cat-clippers","7":"product_cat-foonit-hiustenkuivaajat","8":"product_cat-koneet-tarvikkeet","9":"product_tag-gamma","11":"first","12":"instock","13":"taxable","14":"shipping-taxable","15":"purchasable","16":"product-type-simple"},"_links":{"self":[{"href":"https:\/\/onparturi.fi\/en\/wp-json\/wp\/v2\/product\/13704","targetHints":{"allow":["GET"]}}],"collection":[{"href":"https:\/\/onparturi.fi\/en\/wp-json\/wp\/v2\/product"}],"about":[{"href":"https:\/\/onparturi.fi\/en\/wp-json\/wp\/v2\/types\/product"}],"replies":[{"embeddable":true,"href":"https:\/\/onparturi.fi\/en\/wp-json\/wp\/v2\/comments?post=13704"}],"version-history":[{"count":2,"href":"https:\/\/onparturi.fi\/en\/wp-json\/wp\/v2\/product\/13704\/revisions"}],"predecessor-version":[{"id":13708,"href":"https:\/\/onparturi.fi\/en\/wp-json\/wp\/v2\/product\/13704\/revisions\/13708"}],"wp:featuredmedia":[{"embeddable":true,"href":"https:\/\/onparturi.fi\/en\/wp-json\/wp\/v2\/media\/13706"}],"wp:attachment":[{"href":"https:\/\/onparturi.fi\/en\/wp-json\/wp\/v2\/media?parent=13704"}],"wp:term":[{"taxonomy":"product_brand","embeddable":true,"href":"https:\/\/onparturi.fi\/en\/wp-json\/wp\/v2\/product_brand?post=13704"},{"taxonomy":"product_cat","embeddable":true,"href":"https:\/\/onparturi.fi\/en\/wp-json\/wp\/v2\/product_cat?post=13704"},{"taxonomy":"product_tag","embeddable":true,"href":"https:\/\/onparturi.fi\/en\/wp-json\/wp\/v2\/product_tag?post=13704"}],"curies":[{"name":"wp","href":"https:\/\/api.w.org\/{rel}","templated":true}]}}