{"id":13691,"date":"2025-06-16T21:38:34","date_gmt":"2025-06-16T18:38:34","guid":{"rendered":"https:\/\/onparturi.fi\/?post_type=product&#038;p=13691"},"modified":"2026-03-18T18:22:04","modified_gmt":"2026-03-18T16:22:04","slug":"gamma-silicone-grip-for-clipper-and-shaver","status":"publish","type":"product","link":"https:\/\/onparturi.fi\/en\/shop\/koneet-tarvikkeet\/gamma-silicone-grip-for-clipper-and-shaver\/","title":{"rendered":"GAMMA SILICONE GRIP FOR CLIPPER AND SHAVER"},"content":{"rendered":"<blockquote>\n<hr \/>\n<h2 style=\"text-align: center;\"><span style=\"color: #000000;\"><a style=\"color: #000000;\" href=\"https:\/\/onparturi.fi\/en\/product-tag\/gamma\/\">Gamma Silicone Grip for Clipper and Shaver<\/a><\/span><\/h2>\n<hr \/>\n<h2 style=\"text-align: center;\"><\/h2>\n<p data-start=\"190\" data-end=\"412\"><strong data-start=\"190\" data-end=\"201\">Description:<\/strong><br data-start=\"201\" data-end=\"204\" \/>Liukumaton silikonikahva, joka parantaa otetta ja hallintaa leikkaus- ja viimeistelykoneissa. Valmistettu kevyest\u00e4, joustavasta ja pehme\u00e4st\u00e4 silikonista, joka kest\u00e4\u00e4 kuumuutta ja pit\u00e4\u00e4 k\u00e4det viilein\u00e4.<\/p>\n<p data-start=\"414\" data-end=\"736\"><strong data-start=\"414\" data-end=\"431\">Features<\/strong><br data-start=\"431\" data-end=\"434\" \/>\u2022 Liukumaton pinta \u2013 parempi ote ja tarkempi hallinta<br data-start=\"487\" data-end=\"490\" \/>\u2022 Pehme\u00e4 ja joustava materiaali \u2013 miellytt\u00e4v\u00e4 k\u00e4ytt\u00e4\u00e4<br data-start=\"543\" data-end=\"546\" \/>\u2022 L\u00e4mm\u00f6nkest\u00e4v\u00e4 \u2013 suojaa sormia ja parantaa ty\u00f6skentelymukavuutta<br data-start=\"611\" data-end=\"614\" \/>\u2022 Sopii kaikkiin Gamma+ ja Stylecraft -leikkureihin<br data-start=\"665\" data-end=\"668\" \/>\u2022 Yhteensopiva my\u00f6s: Absolute Zero Shaver, Wireless Prodigy Shaver<\/p>\n<\/blockquote>","protected":false},"excerpt":{"rendered":"<p>Gamma Silicone Grip for Clipper and Shaver Kuvaus:Liukumaton silikonikahva, joka parantaa otetta ja hallintaa leikkaus- ja viimeistelykoneissa. Valmistettu kevyest\u00e4, joustavasta ja pehme\u00e4st\u00e4 silikonista, joka kest\u00e4\u00e4 kuumuutta ja pit\u00e4\u00e4 k\u00e4det viilein\u00e4. Ominaisuudet:\u2022 Liukumaton pinta \u2013 parempi ote ja tarkempi hallinta\u2022 Pehme\u00e4 ja joustava materiaali \u2013 miellytt\u00e4v\u00e4 k\u00e4ytt\u00e4\u00e4\u2022 L\u00e4mm\u00f6nkest\u00e4v\u00e4 \u2013 suojaa sormia ja parantaa ty\u00f6skentelymukavuutta\u2022 Sopii kaikkiin [&hellip;]<\/p>","protected":false},"featured_media":13692,"comment_status":"open","ping_status":"closed","template":"","meta":[],"product_brand":[],"product_cat":[198,210],"product_tag":[228],"class_list":{"0":"post-13691","1":"product","2":"type-product","3":"status-publish","4":"has-post-thumbnail","6":"product_cat-koneet-tarvikkeet","7":"product_cat-clippers","8":"product_tag-gamma","10":"first","11":"outofstock","12":"taxable","13":"shipping-taxable","14":"purchasable","15":"product-type-simple"},"_links":{"self":[{"href":"https:\/\/onparturi.fi\/en\/wp-json\/wp\/v2\/product\/13691","targetHints":{"allow":["GET"]}}],"collection":[{"href":"https:\/\/onparturi.fi\/en\/wp-json\/wp\/v2\/product"}],"about":[{"href":"https:\/\/onparturi.fi\/en\/wp-json\/wp\/v2\/types\/product"}],"replies":[{"embeddable":true,"href":"https:\/\/onparturi.fi\/en\/wp-json\/wp\/v2\/comments?post=13691"}],"version-history":[{"count":1,"href":"https:\/\/onparturi.fi\/en\/wp-json\/wp\/v2\/product\/13691\/revisions"}],"predecessor-version":[{"id":13696,"href":"https:\/\/onparturi.fi\/en\/wp-json\/wp\/v2\/product\/13691\/revisions\/13696"}],"wp:featuredmedia":[{"embeddable":true,"href":"https:\/\/onparturi.fi\/en\/wp-json\/wp\/v2\/media\/13692"}],"wp:attachment":[{"href":"https:\/\/onparturi.fi\/en\/wp-json\/wp\/v2\/media?parent=13691"}],"wp:term":[{"taxonomy":"product_brand","embeddable":true,"href":"https:\/\/onparturi.fi\/en\/wp-json\/wp\/v2\/product_brand?post=13691"},{"taxonomy":"product_cat","embeddable":true,"href":"https:\/\/onparturi.fi\/en\/wp-json\/wp\/v2\/product_cat?post=13691"},{"taxonomy":"product_tag","embeddable":true,"href":"https:\/\/onparturi.fi\/en\/wp-json\/wp\/v2\/product_tag?post=13691"}],"curies":[{"name":"wp","href":"https:\/\/api.w.org\/{rel}","templated":true}]}}