{"id":13679,"date":"2025-06-16T00:52:27","date_gmt":"2025-06-15T21:52:27","guid":{"rendered":"https:\/\/onparturi.fi\/?post_type=product&#038;p=13679"},"modified":"2025-06-16T00:52:27","modified_gmt":"2025-06-15T21:52:27","slug":"gamma-mobile-blade-shallow-dlc","status":"publish","type":"product","link":"https:\/\/onparturi.fi\/en\/shop\/koneet-tarvikkeet\/gamma-mobile-blade-shallow-dlc\/","title":{"rendered":"GAMMA MOBILE BLADE SHALLOW DLC"},"content":{"rendered":"<blockquote>\n<hr \/>\n<h2 style=\"text-align: center;\"><span style=\"color: #000000;\"><a style=\"color: #000000;\" href=\"https:\/\/onparturi.fi\/en\/product-tag\/gamma\/\">Gamma Mobile Blade Shallow DLC<\/a><\/span><\/h2>\n<hr \/>\n<h2 style=\"text-align: center;\"><\/h2>\n<p>&nbsp;<\/p>\n<p><strong data-start=\"357\" data-end=\"374\">Features<\/strong><br data-start=\"374\" data-end=\"377\" \/>\u2022 Shallow-rakenne \u2013 sulava ja tehokas leikkaus<br data-start=\"423\" data-end=\"426\" \/>\u2022 DLC-pinnoite (Diamond-Like Carbon) \u2013 kest\u00e4\u00e4 ruostetta ja korroosiota<br data-start=\"496\" data-end=\"499\" \/>\u2022 Pysyy ter\u00e4v\u00e4n\u00e4 pitk\u00e4\u00e4n ja pysyy viile\u00e4mp\u00e4n\u00e4 k\u00e4yt\u00f6ss\u00e4<br data-start=\"553\" data-end=\"556\" \/>\u2022 Yhteensopiva: Absolute Alpha, X-Ergo, Power Ryde<\/p><\/blockquote>","protected":false},"excerpt":{"rendered":"<p>Gamma Mobile Blade Shallow DLC &nbsp; Ominaisuudet:\u2022 Shallow-rakenne \u2013 sulava ja tehokas leikkaus\u2022 DLC-pinnoite (Diamond-Like Carbon) \u2013 kest\u00e4\u00e4 ruostetta ja korroosiota\u2022 Pysyy ter\u00e4v\u00e4n\u00e4 pitk\u00e4\u00e4n ja pysyy viile\u00e4mp\u00e4n\u00e4 k\u00e4yt\u00f6ss\u00e4\u2022 Yhteensopiva: Absolute Alpha, X-Ergo, Power Ryde<\/p>","protected":false},"featured_media":13680,"comment_status":"open","ping_status":"closed","template":"","meta":[],"product_brand":[],"product_cat":[198,210],"product_tag":[228],"class_list":{"0":"post-13679","1":"product","2":"type-product","3":"status-publish","4":"has-post-thumbnail","6":"product_cat-koneet-tarvikkeet","7":"product_cat-clippers","8":"product_tag-gamma","10":"first","11":"instock","12":"taxable","13":"shipping-taxable","14":"purchasable","15":"product-type-simple"},"_links":{"self":[{"href":"https:\/\/onparturi.fi\/en\/wp-json\/wp\/v2\/product\/13679","targetHints":{"allow":["GET"]}}],"collection":[{"href":"https:\/\/onparturi.fi\/en\/wp-json\/wp\/v2\/product"}],"about":[{"href":"https:\/\/onparturi.fi\/en\/wp-json\/wp\/v2\/types\/product"}],"replies":[{"embeddable":true,"href":"https:\/\/onparturi.fi\/en\/wp-json\/wp\/v2\/comments?post=13679"}],"version-history":[{"count":1,"href":"https:\/\/onparturi.fi\/en\/wp-json\/wp\/v2\/product\/13679\/revisions"}],"predecessor-version":[{"id":13681,"href":"https:\/\/onparturi.fi\/en\/wp-json\/wp\/v2\/product\/13679\/revisions\/13681"}],"wp:featuredmedia":[{"embeddable":true,"href":"https:\/\/onparturi.fi\/en\/wp-json\/wp\/v2\/media\/13680"}],"wp:attachment":[{"href":"https:\/\/onparturi.fi\/en\/wp-json\/wp\/v2\/media?parent=13679"}],"wp:term":[{"taxonomy":"product_brand","embeddable":true,"href":"https:\/\/onparturi.fi\/en\/wp-json\/wp\/v2\/product_brand?post=13679"},{"taxonomy":"product_cat","embeddable":true,"href":"https:\/\/onparturi.fi\/en\/wp-json\/wp\/v2\/product_cat?post=13679"},{"taxonomy":"product_tag","embeddable":true,"href":"https:\/\/onparturi.fi\/en\/wp-json\/wp\/v2\/product_tag?post=13679"}],"curies":[{"name":"wp","href":"https:\/\/api.w.org\/{rel}","templated":true}]}}