{"id":13674,"date":"2025-06-16T00:46:09","date_gmt":"2025-06-15T21:46:09","guid":{"rendered":"https:\/\/onparturi.fi\/?post_type=product&#038;p=13674"},"modified":"2025-06-16T23:35:44","modified_gmt":"2025-06-16T20:35:44","slug":"gamma-hybrid-hairdryer","status":"publish","type":"product","link":"https:\/\/onparturi.fi\/en\/shop\/koneet-tarvikkeet\/foonit-hiustenkuivaajat\/gamma-hybrid-hairdryer\/","title":{"rendered":"GAMMA HYBRID HAIRDRYER"},"content":{"rendered":"<blockquote>\n<hr \/>\n<h2 style=\"text-align: center;\"><span style=\"color: #000000;\"><a style=\"color: #000000;\" href=\"https:\/\/onparturi.fi\/en\/product-tag\/gamma\/\">Gamma Hybrid Hairdryer<\/a><\/span><\/h2>\n<hr \/>\n<h2 style=\"text-align: center;\"><\/h2>\n<p>&nbsp;<\/p>\n<p data-start=\"136\" data-end=\"399\"><strong data-start=\"136\" data-end=\"147\">Description:<\/strong><br data-start=\"147\" data-end=\"150\" \/>Hybrid Hair Dryer on tehokas hiustenkuivaaja, jossa on digitaalinen 100 000 RPM moottori nopeaan ja tehokkaaseen kuivaukseen. Laitteessa on laaja valikoima l\u00e4mp\u00f6tila- ja nopeusasetuksia, jotka tekev\u00e4t muotoilusta joustavaa ja yksil\u00f6llist\u00e4.<\/p>\n<p data-start=\"401\" data-end=\"583\">Sis\u00e4\u00e4nrakennettu ionigeneraattori vapauttaa negatiivisia ioneja, jotka v\u00e4hent\u00e4v\u00e4t p\u00f6rr\u00f6isyytt\u00e4 ja lis\u00e4\u00e4v\u00e4t hiusten kiiltoa, tehden niist\u00e4 pehme\u00e4t, sile\u00e4t ja helposti hallittavat.<\/p>\n<p data-start=\"585\" data-end=\"773\"><strong data-start=\"585\" data-end=\"602\">Features<\/strong><br data-start=\"602\" data-end=\"605\" \/>\u2022 Digitaalinen moottori \u2013 100 000 RPM<br data-start=\"642\" data-end=\"645\" \/>\u2022 6 l\u00e4mp\u00f6tila-asetusta<br data-start=\"667\" data-end=\"670\" \/>\u2022 2 nopeusasetusta<br data-start=\"688\" data-end=\"691\" \/>\u2022 Kylm\u00e4puhalluspainike<br data-start=\"713\" data-end=\"716\" \/>\u2022 3 m virtajohto<br data-start=\"732\" data-end=\"735\" data-is-only-node=\"\" \/>\u2022 Mukana: 2 suutinta ja 1 diffuuseri<\/p>\n<\/blockquote>","protected":false},"excerpt":{"rendered":"<p>Gamma Hybrid Hairdryer &nbsp; Kuvaus:Hybrid Hair Dryer on tehokas hiustenkuivaaja, jossa on digitaalinen 100 000 RPM moottori nopeaan ja tehokkaaseen kuivaukseen. Laitteessa on laaja valikoima l\u00e4mp\u00f6tila- ja nopeusasetuksia, jotka tekev\u00e4t muotoilusta joustavaa ja yksil\u00f6llist\u00e4. Sis\u00e4\u00e4nrakennettu ionigeneraattori vapauttaa negatiivisia ioneja, jotka v\u00e4hent\u00e4v\u00e4t p\u00f6rr\u00f6isyytt\u00e4 ja lis\u00e4\u00e4v\u00e4t hiusten kiiltoa, tehden niist\u00e4 pehme\u00e4t, sile\u00e4t ja helposti hallittavat. Ominaisuudet:\u2022 Digitaalinen [&hellip;]<\/p>","protected":false},"featured_media":13675,"comment_status":"open","ping_status":"closed","template":"","meta":[],"product_brand":[],"product_cat":[79,198],"product_tag":[228],"class_list":{"0":"post-13674","1":"product","2":"type-product","3":"status-publish","4":"has-post-thumbnail","6":"product_cat-foonit-hiustenkuivaajat","7":"product_cat-koneet-tarvikkeet","8":"product_tag-gamma","10":"first","11":"instock","12":"sale","13":"taxable","14":"shipping-taxable","15":"purchasable","16":"product-type-simple"},"_links":{"self":[{"href":"https:\/\/onparturi.fi\/en\/wp-json\/wp\/v2\/product\/13674","targetHints":{"allow":["GET"]}}],"collection":[{"href":"https:\/\/onparturi.fi\/en\/wp-json\/wp\/v2\/product"}],"about":[{"href":"https:\/\/onparturi.fi\/en\/wp-json\/wp\/v2\/types\/product"}],"replies":[{"embeddable":true,"href":"https:\/\/onparturi.fi\/en\/wp-json\/wp\/v2\/comments?post=13674"}],"version-history":[{"count":2,"href":"https:\/\/onparturi.fi\/en\/wp-json\/wp\/v2\/product\/13674\/revisions"}],"predecessor-version":[{"id":13678,"href":"https:\/\/onparturi.fi\/en\/wp-json\/wp\/v2\/product\/13674\/revisions\/13678"}],"wp:featuredmedia":[{"embeddable":true,"href":"https:\/\/onparturi.fi\/en\/wp-json\/wp\/v2\/media\/13675"}],"wp:attachment":[{"href":"https:\/\/onparturi.fi\/en\/wp-json\/wp\/v2\/media?parent=13674"}],"wp:term":[{"taxonomy":"product_brand","embeddable":true,"href":"https:\/\/onparturi.fi\/en\/wp-json\/wp\/v2\/product_brand?post=13674"},{"taxonomy":"product_cat","embeddable":true,"href":"https:\/\/onparturi.fi\/en\/wp-json\/wp\/v2\/product_cat?post=13674"},{"taxonomy":"product_tag","embeddable":true,"href":"https:\/\/onparturi.fi\/en\/wp-json\/wp\/v2\/product_tag?post=13674"}],"curies":[{"name":"wp","href":"https:\/\/api.w.org\/{rel}","templated":true}]}}