{"id":13670,"date":"2025-06-16T00:33:57","date_gmt":"2025-06-15T21:33:57","guid":{"rendered":"https:\/\/onparturi.fi\/?post_type=product&#038;p=13670"},"modified":"2025-06-16T00:33:57","modified_gmt":"2025-06-15T21:33:57","slug":"gamma-fixed-blade-ultimate-2-0","status":"publish","type":"product","link":"https:\/\/onparturi.fi\/en\/shop\/koneet-tarvikkeet\/trimmerit\/gamma-fixed-blade-ultimate-2-0\/","title":{"rendered":"GAMMA FIXED BLADE ULTIMATE 2.0"},"content":{"rendered":"<blockquote>\n<hr \/>\n<h2 style=\"text-align: center;\"><span style=\"color: #000000;\"><a style=\"color: #000000;\" href=\"https:\/\/onparturi.fi\/en\/product-tag\/gamma\/\">Gamma Fixed Blade Ultimate 2.0<\/a><\/span><\/h2>\n<hr \/>\n<\/blockquote>\n<h2 style=\"text-align: center;\"><\/h2>\n<p>&nbsp;<\/p>\n<blockquote>\n<p data-start=\"159\" data-end=\"495\"><strong data-start=\"159\" data-end=\"170\">Description:<\/strong><br data-start=\"170\" data-end=\"173\" \/>Ultimate 2.0 DLC Fixed Trimmer Blade on huipputarkka vaihdettava trimmerinter\u00e4. Kaksoishiottu rakenne tarjoaa eritt\u00e4in ter\u00e4v\u00e4n ja tarkan viimeistelyn, joka sopii t\u00e4ydellisesti vaativaan rajaukseen ja yksityiskohtiin. Valmistettu kest\u00e4v\u00e4st\u00e4 Black Diamond -materiaalista, joka pysyy ter\u00e4v\u00e4n\u00e4 ja hylkii ruostetta.<\/p>\n<p data-start=\"497\" data-end=\"687\"><strong data-start=\"497\" data-end=\"514\">Features<\/strong><br data-start=\"514\" data-end=\"517\" \/>\u2022 Kaksoishiottu \u2013 maksimaalinen ter\u00e4vyys<br data-start=\"557\" data-end=\"560\" \/>\u2022 Black Diamond -pinnoite \u2013 kest\u00e4v\u00e4 ja ruostumaton<br data-start=\"610\" data-end=\"613\" \/>\u2022 Yhteensopiva: X-Evo<br data-start=\"634\" data-end=\"637\" \/>\u2022 Sopii my\u00f6s: Hitter, Cruiser, Prot\u00e9g\u00e9-trimmerit<\/p>\n<\/blockquote>","protected":false},"excerpt":{"rendered":"<p>Gamma Fixed Blade Ultimate 2.0 &nbsp; Kuvaus:Ultimate 2.0 DLC Fixed Trimmer Blade on huipputarkka vaihdettava trimmerinter\u00e4. Kaksoishiottu rakenne tarjoaa eritt\u00e4in ter\u00e4v\u00e4n ja tarkan viimeistelyn, joka sopii t\u00e4ydellisesti vaativaan rajaukseen ja yksityiskohtiin. Valmistettu kest\u00e4v\u00e4st\u00e4 Black Diamond -materiaalista, joka pysyy ter\u00e4v\u00e4n\u00e4 ja hylkii ruostetta. Ominaisuudet:\u2022 Kaksoishiottu \u2013 maksimaalinen ter\u00e4vyys\u2022 Black Diamond -pinnoite \u2013 kest\u00e4v\u00e4 ja ruostumaton\u2022 Yhteensopiva: [&hellip;]<\/p>","protected":false},"featured_media":13671,"comment_status":"open","ping_status":"closed","template":"","meta":[],"product_brand":[],"product_cat":[138,198],"product_tag":[228],"class_list":{"0":"post-13670","1":"product","2":"type-product","3":"status-publish","4":"has-post-thumbnail","6":"product_cat-trimmerit","7":"product_cat-koneet-tarvikkeet","8":"product_tag-gamma","10":"first","11":"instock","12":"taxable","13":"shipping-taxable","14":"purchasable","15":"product-type-simple"},"_links":{"self":[{"href":"https:\/\/onparturi.fi\/en\/wp-json\/wp\/v2\/product\/13670","targetHints":{"allow":["GET"]}}],"collection":[{"href":"https:\/\/onparturi.fi\/en\/wp-json\/wp\/v2\/product"}],"about":[{"href":"https:\/\/onparturi.fi\/en\/wp-json\/wp\/v2\/types\/product"}],"replies":[{"embeddable":true,"href":"https:\/\/onparturi.fi\/en\/wp-json\/wp\/v2\/comments?post=13670"}],"version-history":[{"count":2,"href":"https:\/\/onparturi.fi\/en\/wp-json\/wp\/v2\/product\/13670\/revisions"}],"predecessor-version":[{"id":13673,"href":"https:\/\/onparturi.fi\/en\/wp-json\/wp\/v2\/product\/13670\/revisions\/13673"}],"wp:featuredmedia":[{"embeddable":true,"href":"https:\/\/onparturi.fi\/en\/wp-json\/wp\/v2\/media\/13671"}],"wp:attachment":[{"href":"https:\/\/onparturi.fi\/en\/wp-json\/wp\/v2\/media?parent=13670"}],"wp:term":[{"taxonomy":"product_brand","embeddable":true,"href":"https:\/\/onparturi.fi\/en\/wp-json\/wp\/v2\/product_brand?post=13670"},{"taxonomy":"product_cat","embeddable":true,"href":"https:\/\/onparturi.fi\/en\/wp-json\/wp\/v2\/product_cat?post=13670"},{"taxonomy":"product_tag","embeddable":true,"href":"https:\/\/onparturi.fi\/en\/wp-json\/wp\/v2\/product_tag?post=13670"}],"curies":[{"name":"wp","href":"https:\/\/api.w.org\/{rel}","templated":true}]}}