{"id":13650,"date":"2025-06-15T23:47:03","date_gmt":"2025-06-15T20:47:03","guid":{"rendered":"https:\/\/onparturi.fi\/?post_type=product&#038;p=13650"},"modified":"2026-01-05T13:09:23","modified_gmt":"2026-01-05T11:09:23","slug":"gamma-cutting-cape-black","status":"publish","type":"product","link":"https:\/\/onparturi.fi\/en\/shop\/koneet-tarvikkeet\/gamma-cutting-cape-black\/","title":{"rendered":"GAMMA CUTTING CAPE BLACK"},"content":{"rendered":"<blockquote>\n<hr \/>\n<h2 style=\"text-align: center;\" data-start=\"124\" data-end=\"327\"><span style=\"color: #000000;\"><a style=\"color: #000000;\" href=\"https:\/\/onparturi.fi\/en\/product-tag\/gamma\/\">Gamma Cutting Cape Black<\/a><\/span><\/h2>\n<hr \/>\n<\/blockquote>\n<h2 style=\"text-align: center;\" data-start=\"124\" data-end=\"327\"><\/h2>\n<blockquote>\n<p style=\"text-align: center;\">Musta Gamma+ leikkauskappa, jossa valkoinen logo ja nappikiinnitys. Kevyt, mukava ja kest\u00e4v\u00e4 \u2013 t\u00e4ydellinen ammattik\u00e4ytt\u00f6\u00f6n.<br data-start=\"474\" data-end=\"477\" \/><strong data-start=\"477\" data-end=\"486\">Koko:<\/strong> 145 x 108 cm<br data-start=\"499\" data-end=\"502\" \/><strong data-start=\"502\" data-end=\"522\">Universaali koko<\/strong><\/p>\n<\/blockquote>","protected":false},"excerpt":{"rendered":"<p>Gamma Cutting Cape Black Musta Gamma+ leikkauskappa, jossa valkoinen logo ja nappikiinnitys. Kevyt, mukava ja kest\u00e4v\u00e4 \u2013 t\u00e4ydellinen ammattik\u00e4ytt\u00f6\u00f6n.Koko: 145 x 108 cmUniversaali koko<\/p>","protected":false},"featured_media":13651,"comment_status":"open","ping_status":"closed","template":"","meta":[],"product_brand":[],"product_cat":[198],"product_tag":[228],"class_list":{"0":"post-13650","1":"product","2":"type-product","3":"status-publish","4":"has-post-thumbnail","6":"product_cat-koneet-tarvikkeet","7":"product_tag-gamma","9":"first","10":"instock","11":"taxable","12":"shipping-taxable","13":"purchasable","14":"product-type-simple"},"_links":{"self":[{"href":"https:\/\/onparturi.fi\/en\/wp-json\/wp\/v2\/product\/13650","targetHints":{"allow":["GET"]}}],"collection":[{"href":"https:\/\/onparturi.fi\/en\/wp-json\/wp\/v2\/product"}],"about":[{"href":"https:\/\/onparturi.fi\/en\/wp-json\/wp\/v2\/types\/product"}],"replies":[{"embeddable":true,"href":"https:\/\/onparturi.fi\/en\/wp-json\/wp\/v2\/comments?post=13650"}],"version-history":[{"count":2,"href":"https:\/\/onparturi.fi\/en\/wp-json\/wp\/v2\/product\/13650\/revisions"}],"predecessor-version":[{"id":14035,"href":"https:\/\/onparturi.fi\/en\/wp-json\/wp\/v2\/product\/13650\/revisions\/14035"}],"wp:featuredmedia":[{"embeddable":true,"href":"https:\/\/onparturi.fi\/en\/wp-json\/wp\/v2\/media\/13651"}],"wp:attachment":[{"href":"https:\/\/onparturi.fi\/en\/wp-json\/wp\/v2\/media?parent=13650"}],"wp:term":[{"taxonomy":"product_brand","embeddable":true,"href":"https:\/\/onparturi.fi\/en\/wp-json\/wp\/v2\/product_brand?post=13650"},{"taxonomy":"product_cat","embeddable":true,"href":"https:\/\/onparturi.fi\/en\/wp-json\/wp\/v2\/product_cat?post=13650"},{"taxonomy":"product_tag","embeddable":true,"href":"https:\/\/onparturi.fi\/en\/wp-json\/wp\/v2\/product_tag?post=13650"}],"curies":[{"name":"wp","href":"https:\/\/api.w.org\/{rel}","templated":true}]}}