{"id":13174,"date":"2025-01-29T12:00:03","date_gmt":"2025-01-29T10:00:03","guid":{"rendered":"https:\/\/onparturi.fi\/?post_type=product&#038;p=13174"},"modified":"2025-12-10T21:19:43","modified_gmt":"2025-12-10T19:19:43","slug":"cera-pro-bldc-hairdryer","status":"publish","type":"product","link":"https:\/\/onparturi.fi\/en\/shop\/koneet-tarvikkeet\/foonit-hiustenkuivaajat\/cera-pro-bldc-hairdryer\/","title":{"rendered":"CERA PRO BLDC HAIRDRYER &#8211; PASTEL PINK"},"content":{"rendered":"<blockquote>\n<div class=\"row\">\n<div class=\"small-12 columns\">\n<hr \/>\n<h2 class=\"product-title\" style=\"text-align: center;\"><span style=\"color: #000000;\"><a style=\"color: #000000;\" href=\"https:\/\/onparturi.fi\/en\/shop\/koneet-tarvikkeet\/foonit-hiustenkuivaajat\/cera-pro-bldc-hairdryer\/\">Cera PRO BLDC Hairdryer &#8211; Pastel Pink<\/a><\/span><\/h2>\n<hr \/>\n<\/div>\n<\/div>\n<\/blockquote>\n<div class=\"description\"><\/div>\n<div><\/div>\n<blockquote>\n<ul>\n<li>1600W BLDC-moottori \u2013 kevyt ja ergonominen<\/li>\n<li>v\u00e4ri\u00e4 vaihtava valorengas l\u00e4mp\u00f6tilan mukaan<\/li>\n<li>automaattinen puhdistustoiminto yhdell\u00e4 painikkeella<\/li>\n<\/ul>\n<p>&nbsp;<\/p>\n<p><strong>asetukset:<\/strong><\/p>\n<ul>\n<li>2 nopeutta, 3 l\u00e4mp\u00f6tilaa &amp; kylm\u00e4ilmapuhallus<\/li>\n<\/ul>\n<p>&nbsp;<\/p>\n<p><strong>sis\u00e4lt\u00e4\u00e4:<\/strong><\/p>\n<ul>\n<li>2 magneettisuulaketta &amp; 1 magneettinen diffuusori<\/li>\n<\/ul>\n<p>&nbsp;<\/p>\n<p><strong>muotoilu:<\/strong><\/p><\/blockquote>\n<ul>\n<li>\n<blockquote><p>pehme\u00e4pintainen, kevyt \u2013 vain 385 g<\/p><\/blockquote>\n<\/li>\n<li>\n<blockquote><p>saatavana 3 eri v\u00e4riss\u00e4<\/p><\/blockquote>\n<\/li>\n<\/ul>","protected":false},"excerpt":{"rendered":"<p>Cera PRO BLDC Hairdryer &#8211; Pastel Pink 1600W BLDC-moottori \u2013 kevyt ja ergonominen v\u00e4ri\u00e4 vaihtava valorengas l\u00e4mp\u00f6tilan mukaan automaattinen puhdistustoiminto yhdell\u00e4 painikkeella &nbsp; asetukset: 2 nopeutta, 3 l\u00e4mp\u00f6tilaa &amp; kylm\u00e4ilmapuhallus &nbsp; sis\u00e4lt\u00e4\u00e4: 2 magneettisuulaketta &amp; 1 magneettinen diffuusori &nbsp; muotoilu: pehme\u00e4pintainen, kevyt \u2013 vain 385 g saatavana 3 eri v\u00e4riss\u00e4<\/p>","protected":false},"featured_media":13180,"comment_status":"open","ping_status":"closed","template":"","meta":[],"product_brand":[],"product_cat":[79,198],"product_tag":[246],"class_list":{"0":"post-13174","1":"product","2":"type-product","3":"status-publish","4":"has-post-thumbnail","6":"product_cat-foonit-hiustenkuivaajat","7":"product_cat-koneet-tarvikkeet","8":"product_tag-cera-professional","10":"first","11":"instock","12":"sale","13":"taxable","14":"shipping-taxable","15":"purchasable","16":"product-type-simple"},"_links":{"self":[{"href":"https:\/\/onparturi.fi\/en\/wp-json\/wp\/v2\/product\/13174","targetHints":{"allow":["GET"]}}],"collection":[{"href":"https:\/\/onparturi.fi\/en\/wp-json\/wp\/v2\/product"}],"about":[{"href":"https:\/\/onparturi.fi\/en\/wp-json\/wp\/v2\/types\/product"}],"replies":[{"embeddable":true,"href":"https:\/\/onparturi.fi\/en\/wp-json\/wp\/v2\/comments?post=13174"}],"version-history":[{"count":4,"href":"https:\/\/onparturi.fi\/en\/wp-json\/wp\/v2\/product\/13174\/revisions"}],"predecessor-version":[{"id":13191,"href":"https:\/\/onparturi.fi\/en\/wp-json\/wp\/v2\/product\/13174\/revisions\/13191"}],"wp:featuredmedia":[{"embeddable":true,"href":"https:\/\/onparturi.fi\/en\/wp-json\/wp\/v2\/media\/13180"}],"wp:attachment":[{"href":"https:\/\/onparturi.fi\/en\/wp-json\/wp\/v2\/media?parent=13174"}],"wp:term":[{"taxonomy":"product_brand","embeddable":true,"href":"https:\/\/onparturi.fi\/en\/wp-json\/wp\/v2\/product_brand?post=13174"},{"taxonomy":"product_cat","embeddable":true,"href":"https:\/\/onparturi.fi\/en\/wp-json\/wp\/v2\/product_cat?post=13174"},{"taxonomy":"product_tag","embeddable":true,"href":"https:\/\/onparturi.fi\/en\/wp-json\/wp\/v2\/product_tag?post=13174"}],"curies":[{"name":"wp","href":"https:\/\/api.w.org\/{rel}","templated":true}]}}