{"id":12955,"date":"2024-12-14T23:41:25","date_gmt":"2024-12-14T21:41:25","guid":{"rendered":"https:\/\/onparturi.fi\/?post_type=product&#038;p=12955"},"modified":"2025-06-10T18:14:16","modified_gmt":"2025-06-10T15:14:16","slug":"stylecraft-instinct-metal-shaver","status":"publish","type":"product","link":"https:\/\/onparturi.fi\/en\/shop\/koneet-tarvikkeet\/shavers\/stylecraft-instinct-metal-shaver\/","title":{"rendered":"STYLECRAFT INSTINCT METAL SHAVER"},"content":{"rendered":"<blockquote>\n<hr \/>\n<h2 style=\"text-align: center;\"><span style=\"color: #000000;\"><a style=\"color: #000000;\" href=\"https:\/\/onparturi.fi\/en\/product-tag\/stylecraft\/\">Stylecraft Instinct Metal Shaver<\/a><\/span><\/h2>\n<hr \/>\n<h2 style=\"text-align: center;\"><\/h2>\n<\/blockquote>\n<p>&nbsp;<\/p>\n<blockquote>\n<p style=\"text-align: center;\"><span style=\"color: #000000;\">Instinct Metal Shaver <\/span>on huippuluokan viimeistelykone, jossa yhdistyv\u00e4t tarkkuus, tehokkuus ja ensiluokkainen muotoilu. Se on suunniteltu erityisesti ammattilaisille, jotka arvostavat laatua ja suorituskyky\u00e4.<\/p>\n<\/blockquote>\n<ul>\n<li>\n<blockquote><p><strong>Tehokas moottori:<\/strong> Vektorimoottori, jossa 11 500 RPM:n kierrosnopeus ja elektronisesti ohjattu v\u00e4\u00e4nt\u00f6momentti takaa maksimaalisen tehon.<\/p><\/blockquote>\n<\/li>\n<li>\n<blockquote><p><strong>Kultaiset titaani-folioter\u00e4t:<\/strong> Premium Gold Titanium -folioter\u00e4t tarjoavat hypoallergeenisen ja ihoyst\u00e4v\u00e4llisen ajon jopa herkimm\u00e4lle iholle.<\/p><\/blockquote>\n<\/li>\n<li>\n<blockquote><p><strong>Leikkuupituus:<\/strong> 0 mm \u2013 t\u00e4ydellinen viimeistelyyn.<\/p><\/blockquote>\n<\/li>\n<li>\n<blockquote><p><strong>Metallirunko:<\/strong> Vaimentaa tehokkaasti t\u00e4rin\u00e4\u00e4 ja \u00e4\u00e4nt\u00e4, tarjoten hiljaisemman ja mukavamman k\u00e4ytt\u00f6kokemuksen.<\/p><\/blockquote>\n<\/li>\n<li>\n<blockquote><p><strong>Lithium-Ion Battery:<\/strong> K\u00e4ytt\u00f6aika jopa 150 minuuttia, ja t\u00e4ysi lataus vain 2 tunnissa.<\/p><\/blockquote>\n<\/li>\n<li>\n<blockquote><p><strong>Latausvaihtoehdot:<\/strong> Latausaseman tai USB-C-johdon avulla. Yhteensopiva my\u00f6s kansainv\u00e4listen j\u00e4nnitteiden kanssa.<\/p><\/blockquote>\n<\/li>\n<li>\n<blockquote><p><strong>Kevyt ja ergonominen:<\/strong> Paino vain 240 g.<\/p><\/blockquote>\n<\/li>\n<\/ul>\n<blockquote><p><strong>Pakkaus sis\u00e4lt\u00e4\u00e4:<\/strong><\/p>\n<ul>\n<li>Latausaseman<\/li>\n<li>USB-C-latauskaapelin<\/li>\n<li>Suojuksen<\/li>\n<li>Puhdistusharjan<\/li>\n<\/ul>\n<p>Instinct Metal Shaver on suunniteltu kest\u00e4m\u00e4\u00e4n, mukautumaan ja toimimaan t\u00e4ydellisesti kaikissa tilanteissa \u2013 niin salongissa kuin liikkeell\u00e4 ollessa.<\/p><\/blockquote>","protected":false},"excerpt":{"rendered":"<p>Stylecraft Instinct Metal Shaver &nbsp; Instinct Metal Shaver on huippuluokan viimeistelykone, jossa yhdistyv\u00e4t tarkkuus, tehokkuus ja ensiluokkainen muotoilu. Se on suunniteltu erityisesti ammattilaisille, jotka arvostavat laatua ja suorituskyky\u00e4. Tehokas moottori: Vektorimoottori, jossa 11 500 RPM:n kierrosnopeus ja elektronisesti ohjattu v\u00e4\u00e4nt\u00f6momentti takaa maksimaalisen tehon. Kultaiset titaani-folioter\u00e4t: Premium Gold Titanium -folioter\u00e4t tarjoavat hypoallergeenisen ja ihoyst\u00e4v\u00e4llisen ajon jopa [&hellip;]<\/p>","protected":false},"featured_media":12956,"comment_status":"open","ping_status":"closed","template":"","meta":[],"product_brand":[],"product_cat":[237,198],"product_tag":[229],"class_list":{"0":"post-12955","1":"product","2":"type-product","3":"status-publish","4":"has-post-thumbnail","6":"product_cat-shavers","7":"product_cat-koneet-tarvikkeet","8":"product_tag-stylecraft","10":"first","11":"instock","12":"sale","13":"taxable","14":"shipping-taxable","15":"purchasable","16":"product-type-simple"},"_links":{"self":[{"href":"https:\/\/onparturi.fi\/en\/wp-json\/wp\/v2\/product\/12955","targetHints":{"allow":["GET"]}}],"collection":[{"href":"https:\/\/onparturi.fi\/en\/wp-json\/wp\/v2\/product"}],"about":[{"href":"https:\/\/onparturi.fi\/en\/wp-json\/wp\/v2\/types\/product"}],"replies":[{"embeddable":true,"href":"https:\/\/onparturi.fi\/en\/wp-json\/wp\/v2\/comments?post=12955"}],"version-history":[{"count":2,"href":"https:\/\/onparturi.fi\/en\/wp-json\/wp\/v2\/product\/12955\/revisions"}],"predecessor-version":[{"id":12960,"href":"https:\/\/onparturi.fi\/en\/wp-json\/wp\/v2\/product\/12955\/revisions\/12960"}],"wp:featuredmedia":[{"embeddable":true,"href":"https:\/\/onparturi.fi\/en\/wp-json\/wp\/v2\/media\/12956"}],"wp:attachment":[{"href":"https:\/\/onparturi.fi\/en\/wp-json\/wp\/v2\/media?parent=12955"}],"wp:term":[{"taxonomy":"product_brand","embeddable":true,"href":"https:\/\/onparturi.fi\/en\/wp-json\/wp\/v2\/product_brand?post=12955"},{"taxonomy":"product_cat","embeddable":true,"href":"https:\/\/onparturi.fi\/en\/wp-json\/wp\/v2\/product_cat?post=12955"},{"taxonomy":"product_tag","embeddable":true,"href":"https:\/\/onparturi.fi\/en\/wp-json\/wp\/v2\/product_tag?post=12955"}],"curies":[{"name":"wp","href":"https:\/\/api.w.org\/{rel}","templated":true}]}}