{"id":12916,"date":"2024-12-09T12:43:50","date_gmt":"2024-12-09T10:43:50","guid":{"rendered":"https:\/\/onparturi.fi\/?post_type=product&#038;p=12916"},"modified":"2026-04-14T17:13:35","modified_gmt":"2026-04-14T14:13:35","slug":"four-reasons-lahjasetti","status":"publish","type":"product","link":"https:\/\/onparturi.fi\/en\/shop\/hiustuotteet\/four-reasons-lahjasetti\/","title":{"rendered":"Four Reasons Lahjasetti \u2013 Joulun T\u00e4ydellinen Yll\u00e4tys"},"content":{"rendered":"<blockquote>\n<hr \/>\n<h2 style=\"text-align: center;\"><a href=\"https:\/\/onparturi.fi\/en\/product-tag\/four-reasons\/\"><span style=\"color: #000000;\">Four Reasons Lahjasetti \u2013 Joulun T\u00e4ydellinen Yll\u00e4tys<\/span><\/a><\/h2>\n<hr \/>\n<p style=\"text-align: left;\"><strong>Etsitk\u00f6 t\u00e4ydellist\u00e4 joululahjaa hiustenhoidosta innostuneille?<\/strong><br \/>\nFour Reasons -lahjasetit tuovat iloa ja laatua joulupakettiin. Olipa kyseess\u00e4 kiharoiden korostus, kosteutuksen tarve, hell\u00e4varainen hoito tai volyymin lis\u00e4\u00e4minen \u2013 l\u00f6yd\u00e4t meilt\u00e4 lahjasetin <strong>jokaiseen tarpeeseen<\/strong>. Tilaa nyt ja tee joulusta erityinen!<\/p>\n<p>&nbsp;<\/p>\n<p style=\"text-align: left;\"><strong>Valitse Joulun Suosikkilahja:<\/strong><\/p>\n<p style=\"text-align: left;\"><strong>1. Kiharoille Hiuksille \u2013 Curl Shampoo &amp; Mist Set<\/strong><br \/>\nTee kiharoista kauniit ja kiilt\u00e4v\u00e4t! T\u00e4m\u00e4 lahjasetti on suunniteltu kosteuttamaan ja tuomaan kiharoihin elinvoimaa.<br \/>\n<strong>Included:<\/strong> Curl Shampoo ja Curl Mist.<\/p>\n<p style=\"text-align: left;\"><strong>2. Volyymia Hiuksiin \u2013 Volume Shampoo, Conditioner &amp; Matte Paste<\/strong><br \/>\nLis\u00e4\u00e4 tuuheutta ja ilmavuutta hiuksiisi! Lahjasetti, joka tuo hiuksiin n\u00e4ytt\u00e4v\u00e4\u00e4 volyymia ja helpon muotoilun.<br \/>\n<strong>Included:<\/strong> Volume Shampoo, Hoitoaine ja Matte Paste.<\/p>\n<p style=\"text-align: left;\"><strong>3. Luonnollinen Look \u2013 Everyday Shampoo &amp; Sea Salt Spray<\/strong><br \/>\nRaikas ja huoleton tyyli arkeen! Merisuolasuihke tuo hiuksiin rakennetta ja luonnollista volyymia.<br \/>\n<strong>Included:<\/strong> Everyday Shampoo ja Sea Salt Spray.<\/p>\n<p style=\"text-align: left;\"><strong>4. Kuiville Hiuksille \u2013 Silky Moisture Shampoo, Conditioner &amp; Wax<\/strong><br \/>\nKosteutta ja kiiltoa kuiville hiuksille. T\u00e4m\u00e4 setti elvytt\u00e4\u00e4 ja ravitsee kuivia, k\u00e4siteltyj\u00e4 hiuksia.<br \/>\n<strong>Included:<\/strong> Silky Moisture Shampoo, Hoitoaine ja Texture Vaha.<\/p>\n<p style=\"text-align: left;\"><strong>5. Herkille Hiuksille \u2013 Sensitive Repair Set<\/strong><br \/>\nHell\u00e4varaista hoitoa vahingoittuneille ja herkille hiuksille. T\u00e4m\u00e4 lahjasetti vahvistaa ja suojaa hiuksia hell\u00e4varaisesti.<br \/>\n<strong>Included:<\/strong> Sensitive Repair Shampoo, Hoitoaine ja Vaha.<\/p>\n<p>&nbsp;<\/p>\n<p style=\"text-align: left;\"><strong>Miksi Valita Four Reasons?<\/strong><\/p>\n<ul style=\"text-align: left;\">\n<li><strong>Korkealaatuiset tuotteet:<\/strong> Ammattilaistason hiustenhoitoa.<\/li>\n<li><strong>Vegaaniset &amp; cruelty-free:<\/strong> Ymp\u00e4rist\u00f6yst\u00e4v\u00e4llisi\u00e4 valintoja.<\/li>\n<li><strong>Sopii kaikille hiustyypeille:<\/strong> L\u00f6yd\u00e4 lahjasetti, joka vastaa tarpeeseen.<\/li>\n<li><strong>Helppo ja ilahduttava joululahja:<\/strong> Tyylikk\u00e4\u00e4t lahjapakkaukset valmiina annettavaksi.<\/li>\n<\/ul>\n<p>&nbsp;<\/p>\n<p style=\"text-align: left;\"><strong>Tilaa nyt ja ilahduta l\u00e4heisi\u00e4si joulun t\u00e4ydellisell\u00e4 yll\u00e4tyksell\u00e4!<\/strong><\/p>\n<\/blockquote>","protected":false},"excerpt":{"rendered":"<p>Four Reasons Lahjasetti \u2013 Joulun T\u00e4ydellinen Yll\u00e4tys Etsitk\u00f6 t\u00e4ydellist\u00e4 joululahjaa hiustenhoidosta innostuneille? Four Reasons -lahjasetit tuovat iloa ja laatua joulupakettiin. Olipa kyseess\u00e4 kiharoiden korostus, kosteutuksen tarve, hell\u00e4varainen hoito tai volyymin lis\u00e4\u00e4minen \u2013 l\u00f6yd\u00e4t meilt\u00e4 lahjasetin jokaiseen tarpeeseen. Tilaa nyt ja tee joulusta erityinen! &nbsp; Valitse Joulun Suosikkilahja: 1. Kiharoille Hiuksille \u2013 Curl Shampoo &amp; Mist [&hellip;]<\/p>","protected":false},"featured_media":13001,"comment_status":"open","ping_status":"closed","template":"","meta":[],"product_brand":[],"product_cat":[197],"product_tag":[145],"class_list":{"0":"post-12916","1":"product","2":"type-product","3":"status-publish","4":"has-post-thumbnail","6":"product_cat-hiustuotteet","7":"product_tag-four-reasons","9":"first","10":"instock","11":"taxable","12":"shipping-taxable","13":"purchasable","14":"product-type-variable"},"_links":{"self":[{"href":"https:\/\/onparturi.fi\/en\/wp-json\/wp\/v2\/product\/12916","targetHints":{"allow":["GET"]}}],"collection":[{"href":"https:\/\/onparturi.fi\/en\/wp-json\/wp\/v2\/product"}],"about":[{"href":"https:\/\/onparturi.fi\/en\/wp-json\/wp\/v2\/types\/product"}],"replies":[{"embeddable":true,"href":"https:\/\/onparturi.fi\/en\/wp-json\/wp\/v2\/comments?post=12916"}],"version-history":[{"count":12,"href":"https:\/\/onparturi.fi\/en\/wp-json\/wp\/v2\/product\/12916\/revisions"}],"predecessor-version":[{"id":13016,"href":"https:\/\/onparturi.fi\/en\/wp-json\/wp\/v2\/product\/12916\/revisions\/13016"}],"wp:featuredmedia":[{"embeddable":true,"href":"https:\/\/onparturi.fi\/en\/wp-json\/wp\/v2\/media\/13001"}],"wp:attachment":[{"href":"https:\/\/onparturi.fi\/en\/wp-json\/wp\/v2\/media?parent=12916"}],"wp:term":[{"taxonomy":"product_brand","embeddable":true,"href":"https:\/\/onparturi.fi\/en\/wp-json\/wp\/v2\/product_brand?post=12916"},{"taxonomy":"product_cat","embeddable":true,"href":"https:\/\/onparturi.fi\/en\/wp-json\/wp\/v2\/product_cat?post=12916"},{"taxonomy":"product_tag","embeddable":true,"href":"https:\/\/onparturi.fi\/en\/wp-json\/wp\/v2\/product_tag?post=12916"}],"curies":[{"name":"wp","href":"https:\/\/api.w.org\/{rel}","templated":true}]}}