{"id":12885,"date":"2024-11-25T12:03:05","date_gmt":"2024-11-25T10:03:05","guid":{"rendered":"https:\/\/onparturi.fi\/?post_type=product&#038;p=12885"},"modified":"2025-12-05T12:29:17","modified_gmt":"2025-12-05T10:29:17","slug":"gamma-rangeplus-pro-clipper-shorty","status":"publish","type":"product","link":"https:\/\/onparturi.fi\/en\/shop\/koneet-tarvikkeet\/clippers\/gamma-rangeplus-pro-clipper-shorty\/","title":{"rendered":"GAMMA RANGEPLUS PRO CLIPPER SHORTY"},"content":{"rendered":"<div class=\"flex max-w-full flex-col flex-grow\">\n<div class=\"min-h-8 text-message flex w-full flex-col items-end gap-2 whitespace-normal break-words [.text-message+&amp;]:mt-5\" dir=\"auto\" data-message-author-role=\"assistant\" data-message-id=\"81e17445-41d9-4bf6-af4c-9696e5c5f183\" data-message-model-slug=\"gpt-4o\">\n<div class=\"flex w-full flex-col gap-1 empty:hidden first:pt-[3px]\">\n<div class=\"markdown prose w-full break-words dark:prose-invert dark\">\n<blockquote>\n<hr \/>\n<h2 style=\"text-align: center;\"><span style=\"color: #000000;\"><a style=\"color: #000000;\" href=\"https:\/\/onparturi.fi\/en\/product-tag\/gamma\/\">Gamma Rangeplus Pro Clipper Shorty<\/a><\/span><\/h2>\n<hr \/>\n<\/blockquote>\n<\/div>\n<\/div>\n<\/div>\n<\/div>\n<div class=\"mb-2 flex gap-3 empty:hidden -ml-2\">\n<div class=\"items-center justify-start rounded-xl p-1 flex\">\n<div class=\"flex items-center\">\n<div class=\"flex\"><\/div>\n<div class=\"flex items-center pb-0\"><\/div>\n<\/div>\n<\/div>\n<\/div>\n<blockquote><p>Koe tehokkuuden, tarkkuuden ja tyylikkyyden t\u00e4ydellinen yhdistelm\u00e4 kompaktissa muodossa! <strong>Rangeplus Professional Clipper Shorty<\/strong> on ammattilaisille suunniteltu hiustenleikkuuty\u00f6kalu, joka nostaa leikkauskokemuksen uudelle tasolle.<\/p><\/blockquote>\n<blockquote><p>\ud83d\udd39 <strong>Tehokas ja hiljainen moottori<\/strong><br \/>\n7 500 RPM:n harjaton EON-moottori tarjoaa korkean v\u00e4\u00e4nn\u00f6n, v\u00e4h\u00e4iset t\u00e4rin\u00e4t ja uskomattoman hiljaisen toiminnan \u2013 t\u00e4ydellinen pitkille ty\u00f6p\u00e4iville.<\/p><\/blockquote>\n<blockquote><p>\ud83d\udd39 <strong>Huipputarkka ter\u00e4<\/strong><br \/>\n45 mm Taper Blade, jossa on Black Diamond Carbon -teknologia, varmistaa tasaiset ja tarkat leikkaukset joka kerta.<\/p><\/blockquote>\n<blockquote><p>\ud83d\udd39 <strong>Mukautettava k\u00e4ytt\u00f6kokemus<\/strong><br \/>\nValitse TIGHT- tai STRETCH-ter\u00e4npidike, joka sopii t\u00e4ydellisesti joko lyhyisiin tai pitkiin leikkuuliikkeisiin.<\/p><\/blockquote>\n<blockquote><p>\ud83d\udd39 <strong>Monipuoliset kammat<\/strong><br \/>\nMukana nelj\u00e4 magneettikiinnitteist\u00e4 kampaa (1,5\u20136 mm), jotka pysyv\u00e4t tukevasti paikallaan ja tekev\u00e4t ty\u00f6st\u00e4si nopeaa ja tarkkaa.<\/p><\/blockquote>\n<blockquote><p>\ud83d\udd39 <strong>Nopea ja joustava lataus<\/strong><br \/>\nT\u00e4ysi lataus vain 120 minuutissa USB Type-C -liit\u00e4nn\u00e4ll\u00e4 tai kiinte\u00e4ll\u00e4 telakalla. K\u00e4ytt\u00f6aika jopa 120 minuuttia \u2013 enemm\u00e4n aikaa luoda t\u00e4ydellisi\u00e4 leikkauksia!<\/p><\/blockquote>\n<blockquote><p>\ud83d\udd39 <strong>Kevyt ja kompakti<\/strong><br \/>\nPienempi kuin perinteiset leikkurit, joten se on helppo k\u00e4ytt\u00e4\u00e4 ja kuljettaa mukana miss\u00e4 tahansa.<\/p><\/blockquote>\n<blockquote><p>\ud83d\udd39 <strong>Maailmanlaajuinen yhteensopivuus<\/strong><br \/>\nToimii 100\u2013240 V j\u00e4nnitteell\u00e4, mik\u00e4 tekee siit\u00e4 erinomaisen kumppanin my\u00f6s matkustaessa.<\/p><\/blockquote>\n<p>&nbsp;<\/p>\n<blockquote><p><strong>Package Contents:<\/strong><\/p>\n<p>\u2714 1 leikkuri<\/p>\n<p>\u2714 3 vaihdettavaa kantta<\/p>\n<p>\u2714 4 magneettikampaa (1,5\u20136 mm)<\/p>\n<p>\u2714 Huoltosetti, jossa mini-ruuvimeisseli<\/p><\/blockquote>\n<p>&nbsp;<\/p>\n<blockquote><p><strong>Miksi valita Rangeplus Shorty?<\/strong><br \/>\nT\u00e4m\u00e4 leikkuri yhdist\u00e4\u00e4 modernin tyylin, tehokkuuden ja mukautettavuuden. Se on ihanteellinen partureille, kampaajille ja ammattilaisille, jotka haluavat ty\u00f6kalun, joka n\u00e4ytt\u00e4\u00e4 yht\u00e4 hyv\u00e4lt\u00e4 kuin se toimii.<\/p><\/blockquote>\n<p>&nbsp;<\/p>\n<blockquote><p><strong>Tee ty\u00f6st\u00e4si helpompaa \u2013 tilaa nyt ja koe ero!<\/strong><\/p><\/blockquote>","protected":false},"excerpt":{"rendered":"<p>Gamma Rangeplus Pro Clipper Shorty Koe tehokkuuden, tarkkuuden ja tyylikkyyden t\u00e4ydellinen yhdistelm\u00e4 kompaktissa muodossa! Rangeplus Professional Clipper Shorty on ammattilaisille suunniteltu hiustenleikkuuty\u00f6kalu, joka nostaa leikkauskokemuksen uudelle tasolle. \ud83d\udd39 Tehokas ja hiljainen moottori 7 500 RPM:n harjaton EON-moottori tarjoaa korkean v\u00e4\u00e4nn\u00f6n, v\u00e4h\u00e4iset t\u00e4rin\u00e4t ja uskomattoman hiljaisen toiminnan \u2013 t\u00e4ydellinen pitkille ty\u00f6p\u00e4iville. \ud83d\udd39 Huipputarkka ter\u00e4 45 mm [&hellip;]<\/p>","protected":false},"featured_media":12886,"comment_status":"open","ping_status":"closed","template":"","meta":[],"product_brand":[],"product_cat":[210,198],"product_tag":[228],"class_list":{"0":"post-12885","1":"product","2":"type-product","3":"status-publish","4":"has-post-thumbnail","6":"product_cat-clippers","7":"product_cat-koneet-tarvikkeet","8":"product_tag-gamma","10":"first","11":"instock","12":"sale","13":"taxable","14":"shipping-taxable","15":"purchasable","16":"product-type-simple"},"_links":{"self":[{"href":"https:\/\/onparturi.fi\/en\/wp-json\/wp\/v2\/product\/12885","targetHints":{"allow":["GET"]}}],"collection":[{"href":"https:\/\/onparturi.fi\/en\/wp-json\/wp\/v2\/product"}],"about":[{"href":"https:\/\/onparturi.fi\/en\/wp-json\/wp\/v2\/types\/product"}],"replies":[{"embeddable":true,"href":"https:\/\/onparturi.fi\/en\/wp-json\/wp\/v2\/comments?post=12885"}],"version-history":[{"count":3,"href":"https:\/\/onparturi.fi\/en\/wp-json\/wp\/v2\/product\/12885\/revisions"}],"predecessor-version":[{"id":12894,"href":"https:\/\/onparturi.fi\/en\/wp-json\/wp\/v2\/product\/12885\/revisions\/12894"}],"wp:featuredmedia":[{"embeddable":true,"href":"https:\/\/onparturi.fi\/en\/wp-json\/wp\/v2\/media\/12886"}],"wp:attachment":[{"href":"https:\/\/onparturi.fi\/en\/wp-json\/wp\/v2\/media?parent=12885"}],"wp:term":[{"taxonomy":"product_brand","embeddable":true,"href":"https:\/\/onparturi.fi\/en\/wp-json\/wp\/v2\/product_brand?post=12885"},{"taxonomy":"product_cat","embeddable":true,"href":"https:\/\/onparturi.fi\/en\/wp-json\/wp\/v2\/product_cat?post=12885"},{"taxonomy":"product_tag","embeddable":true,"href":"https:\/\/onparturi.fi\/en\/wp-json\/wp\/v2\/product_tag?post=12885"}],"curies":[{"name":"wp","href":"https:\/\/api.w.org\/{rel}","templated":true}]}}