{"id":12861,"date":"2024-11-20T14:21:24","date_gmt":"2024-11-20T12:21:24","guid":{"rendered":"https:\/\/onparturi.fi\/?post_type=product&#038;p=12861"},"modified":"2025-12-05T12:29:56","modified_gmt":"2025-12-05T10:29:56","slug":"babyliss-fxone-lo-pro","status":"publish","type":"product","link":"https:\/\/onparturi.fi\/en\/shop\/koneet-tarvikkeet\/clippers\/babyliss-fxone-lo-pro\/","title":{"rendered":"BABYLISS FXONE LO-PRO HIUSTENLEIKKUUKONE"},"content":{"rendered":"<blockquote>\n<hr \/>\n<h2 style=\"text-align: center;\"><span style=\"color: #000000;\"><a style=\"color: #000000;\" href=\"https:\/\/onparturi.fi\/en\/product-tag\/babyliss-pro\/\"><strong>babyliss <\/strong><strong>fxone lo-pro <\/strong><\/a><strong><a style=\"color: #000000;\" href=\"https:\/\/onparturi.fi\/en\/product-tag\/babyliss-pro\/\">Hiustenleikkuukone<\/a> <\/strong><\/span><\/h2>\n<hr \/>\n<\/blockquote>\n<p>&nbsp;<\/p>\n<blockquote><p>yhdist\u00e4\u00e4 edistyneen teknologian ja ergonomisen muotoilun, tarjoten tarkkuutta, mukavuutta ja huipputason suorituskyky\u00e4.<\/p>\n<h3><\/h3>\n<h5><strong>Keskeiset ominaisuudet<\/strong><\/h5>\n<ul>\n<li>Fade-ter\u00e4: Blue Titanium MIM -teknologia, s\u00e4\u00e4dett\u00e4viss\u00e4 zero gap -asetukseen tarkkaan leikkaukseen.<\/li>\n<li>N1-digitaalimoottori: 6 800 RPM nopeus takaa tasaisen ja voimakkaan leikkuutehon.<\/li>\n<li>Vaihdettava akku: Litiumioniakku, 2,5 tunnin k\u00e4ytt\u00f6aika ja 2 tunnin pikalataus.<\/li>\n<li>Ter\u00e4n huoltoj\u00e4rjestelm\u00e4: Sis\u00e4\u00e4nrakennettu voitelu varmistaa sujuvan k\u00e4yt\u00f6n.<\/li>\n<li>Ergonominen muotoilu: Ultramatalaprofiilinen metallirunko tarjoaa miellytt\u00e4v\u00e4n otteen ja vaimentaa t\u00e4rin\u00e4\u00e4.<\/li>\n<li>S\u00e4\u00e4dett\u00e4v\u00e4 vipu: 5 leikkauspituutta (0,5\u20133,7 mm).<\/li>\n<li>LED-merkkivalo: Nelivaiheinen akun tilan n\u00e4ytt\u00f6.<\/li>\n<\/ul>\n<h5><strong>Pakkauksen sis\u00e4lt\u00f6<\/strong><\/h5>\n<ul>\n<li>Vaihdettava litiumioniakku<\/li>\n<li>Monij\u00e4nnitteinen lataustelakka<\/li>\n<li>8 suojakampaa (#0,5\u20136)<\/li>\n<li>Vaihtoter\u00e4n laakeri<\/li>\n<li>Blade protector<\/li>\n<li>Screwdriver<\/li>\n<li>Cleaning brush and lubricating oil<\/li>\n<\/ul>\n<p>&nbsp;<\/p>\n<h5><strong>Miksi valita?<\/strong><\/h5>\n<p>Babyliss Pro FXONE LO-PROFX Hiustenleikkuukone tarjoaa ammattilaatuista tarkkuutta, tehokkuutta ja mukavuutta, tehden siit\u00e4 t\u00e4ydellisen ty\u00f6v\u00e4lineen partureille ja kampaajille.<\/p><\/blockquote>","protected":false},"excerpt":{"rendered":"<p>babyliss fxone lo-pro Hiustenleikkuukone &nbsp; yhdist\u00e4\u00e4 edistyneen teknologian ja ergonomisen muotoilun, tarjoten tarkkuutta, mukavuutta ja huipputason suorituskyky\u00e4. Keskeiset ominaisuudet Fade-ter\u00e4: Blue Titanium MIM -teknologia, s\u00e4\u00e4dett\u00e4viss\u00e4 zero gap -asetukseen tarkkaan leikkaukseen. N1-digitaalimoottori: 6 800 RPM nopeus takaa tasaisen ja voimakkaan leikkuutehon. Vaihdettava akku: Litiumioniakku, 2,5 tunnin k\u00e4ytt\u00f6aika ja 2 tunnin pikalataus. Ter\u00e4n huoltoj\u00e4rjestelm\u00e4: Sis\u00e4\u00e4nrakennettu voitelu varmistaa [&hellip;]<\/p>\n","protected":false},"featured_media":12862,"comment_status":"open","ping_status":"closed","template":"","meta":[],"product_brand":[],"product_cat":[210,198],"product_tag":[230],"class_list":{"0":"post-12861","1":"product","2":"type-product","3":"status-publish","4":"has-post-thumbnail","6":"product_cat-clippers","7":"product_cat-koneet-tarvikkeet","8":"product_tag-babyliss-pro","10":"first","11":"instock","12":"sale","13":"taxable","14":"shipping-taxable","15":"purchasable","16":"product-type-simple"},"_links":{"self":[{"href":"https:\/\/onparturi.fi\/en\/wp-json\/wp\/v2\/product\/12861","targetHints":{"allow":["GET"]}}],"collection":[{"href":"https:\/\/onparturi.fi\/en\/wp-json\/wp\/v2\/product"}],"about":[{"href":"https:\/\/onparturi.fi\/en\/wp-json\/wp\/v2\/types\/product"}],"replies":[{"embeddable":true,"href":"https:\/\/onparturi.fi\/en\/wp-json\/wp\/v2\/comments?post=12861"}],"version-history":[{"count":2,"href":"https:\/\/onparturi.fi\/en\/wp-json\/wp\/v2\/product\/12861\/revisions"}],"predecessor-version":[{"id":12868,"href":"https:\/\/onparturi.fi\/en\/wp-json\/wp\/v2\/product\/12861\/revisions\/12868"}],"wp:featuredmedia":[{"embeddable":true,"href":"https:\/\/onparturi.fi\/en\/wp-json\/wp\/v2\/media\/12862"}],"wp:attachment":[{"href":"https:\/\/onparturi.fi\/en\/wp-json\/wp\/v2\/media?parent=12861"}],"wp:term":[{"taxonomy":"product_brand","embeddable":true,"href":"https:\/\/onparturi.fi\/en\/wp-json\/wp\/v2\/product_brand?post=12861"},{"taxonomy":"product_cat","embeddable":true,"href":"https:\/\/onparturi.fi\/en\/wp-json\/wp\/v2\/product_cat?post=12861"},{"taxonomy":"product_tag","embeddable":true,"href":"https:\/\/onparturi.fi\/en\/wp-json\/wp\/v2\/product_tag?post=12861"}],"curies":[{"name":"wp","href":"https:\/\/api.w.org\/{rel}","templated":true}]}}