{"id":12787,"date":"2024-09-18T18:02:56","date_gmt":"2024-09-18T15:02:56","guid":{"rendered":"https:\/\/onparturi.fi\/?post_type=product&#038;p=12787"},"modified":"2025-10-29T14:52:50","modified_gmt":"2025-10-29T12:52:50","slug":"the-shave-factory-hiuspuuteri-20g","status":"publish","type":"product","link":"https:\/\/onparturi.fi\/en\/shop\/hiustuotteet\/hiusjauhe\/the-shave-factory-hiuspuuteri-20g\/","title":{"rendered":"THE SHAVE FACTORY HAIR POWDER 20G"},"content":{"rendered":"<div class=\"flex max-w-full flex-col flex-grow\">\n<div class=\"min-h-[20px] text-message flex w-full flex-col items-end gap-2 whitespace-normal break-words [.text-message+&amp;]:mt-5\" dir=\"auto\" data-message-author-role=\"assistant\" data-message-id=\"377b6161-9c52-4700-a29e-13407e38f3f6\">\n<div class=\"flex w-full flex-col gap-1 empty:hidden first:pt-[3px]\">\n<div class=\"markdown prose w-full break-words dark:prose-invert dark\">\n<blockquote>\n<hr \/>\n<h2 style=\"text-align: center;\"><span style=\"color: #000000;\"><a style=\"color: #000000;\" href=\"https:\/\/onparturi.fi\/en\/product-tag\/the-shave-factory\/\">The Shave Factory Hair Powder 20g<\/a><\/span><\/h2>\n<hr \/>\n<\/blockquote>\n<\/div>\n<\/div>\n<\/div>\n<\/div>\n<div class=\"mt-1 flex gap-3 empty:hidden -ml-2\">\n<div class=\"items-center justify-start rounded-xl p-1 flex\">\n<div class=\"flex items-center\">\n<div class=\"flex\"><\/div>\n<div class=\"flex items-center pb-0\"><\/div>\n<\/div>\n<\/div>\n<\/div>\n<blockquote>\n<p style=\"text-align: center;\">Instantly adds volume and strength to hair. The lightweight formula creates a matte and natural finish without making hair feel heavy. Perfect for all-day hold and texture.<\/p>\n<\/blockquote>","protected":false},"excerpt":{"rendered":"<p>The Shave Factory hiuspuuteri 20g Tuo hiuksiin v\u00e4litt\u00f6m\u00e4sti lis\u00e4\u00e4 volyymia ja vahvuutta. Kevyt koostumus luo mattapintaisen ja luonnollisen lopputuloksen ilman, ett\u00e4 hiukset tuntuvat raskailta. T\u00e4ydellinen koko p\u00e4iv\u00e4n kest\u00e4v\u00e4\u00e4n pitoon ja tekstuuriin.<\/p>","protected":false},"featured_media":10443,"comment_status":"open","ping_status":"closed","template":"","meta":[],"product_brand":[],"product_cat":[214,61],"product_tag":[200],"class_list":{"0":"post-12787","1":"product","2":"type-product","3":"status-publish","4":"has-post-thumbnail","6":"product_cat-hiusjauhe","7":"product_cat-hiusgeelit-ja-vahat","8":"product_tag-the-shave-factory","10":"first","11":"instock","12":"sale","13":"taxable","14":"shipping-taxable","15":"purchasable","16":"product-type-simple"},"_links":{"self":[{"href":"https:\/\/onparturi.fi\/en\/wp-json\/wp\/v2\/product\/12787","targetHints":{"allow":["GET"]}}],"collection":[{"href":"https:\/\/onparturi.fi\/en\/wp-json\/wp\/v2\/product"}],"about":[{"href":"https:\/\/onparturi.fi\/en\/wp-json\/wp\/v2\/types\/product"}],"replies":[{"embeddable":true,"href":"https:\/\/onparturi.fi\/en\/wp-json\/wp\/v2\/comments?post=12787"}],"version-history":[{"count":1,"href":"https:\/\/onparturi.fi\/en\/wp-json\/wp\/v2\/product\/12787\/revisions"}],"predecessor-version":[{"id":12788,"href":"https:\/\/onparturi.fi\/en\/wp-json\/wp\/v2\/product\/12787\/revisions\/12788"}],"wp:featuredmedia":[{"embeddable":true,"href":"https:\/\/onparturi.fi\/en\/wp-json\/wp\/v2\/media\/10443"}],"wp:attachment":[{"href":"https:\/\/onparturi.fi\/en\/wp-json\/wp\/v2\/media?parent=12787"}],"wp:term":[{"taxonomy":"product_brand","embeddable":true,"href":"https:\/\/onparturi.fi\/en\/wp-json\/wp\/v2\/product_brand?post=12787"},{"taxonomy":"product_cat","embeddable":true,"href":"https:\/\/onparturi.fi\/en\/wp-json\/wp\/v2\/product_cat?post=12787"},{"taxonomy":"product_tag","embeddable":true,"href":"https:\/\/onparturi.fi\/en\/wp-json\/wp\/v2\/product_tag?post=12787"}],"curies":[{"name":"wp","href":"https:\/\/api.w.org\/{rel}","templated":true}]}}