{"id":12679,"date":"2024-08-24T13:59:14","date_gmt":"2024-08-24T10:59:14","guid":{"rendered":"https:\/\/onparturi.fi\/?post_type=product&#038;p=12679"},"modified":"2024-12-01T23:59:21","modified_gmt":"2024-12-01T21:59:21","slug":"schwarzkopf-osis-hiuslakka-500ml","status":"publish","type":"product","link":"https:\/\/onparturi.fi\/en\/shop\/hiustuotteet\/hiuslakka\/schwarzkopf-osis-hiuslakka-500ml\/","title":{"rendered":"SCHWARZKOPF OSIS HIUSLAKKA 500ML"},"content":{"rendered":"<div class=\"flex max-w-full flex-col flex-grow\">\n<div class=\"min-h-[20px] text-message flex w-full flex-col items-end gap-2 break-words [.text-message+&amp;]:mt-5 overflow-x-auto whitespace-normal\" dir=\"auto\" data-message-author-role=\"assistant\" data-message-id=\"a66cd7aa-e662-4559-94cd-b704c5ee9a24\">\n<div class=\"flex w-full flex-col gap-1 empty:hidden first:pt-[3px]\">\n<div class=\"markdown prose w-full break-words dark:prose-invert dark\">\n<blockquote>\n<div class=\"flex max-w-full flex-col flex-grow\">\n<div class=\"min-h-[20px] text-message flex w-full flex-col items-end gap-2 break-words [.text-message+&amp;]:mt-5 overflow-x-auto whitespace-normal\" dir=\"auto\" data-message-author-role=\"assistant\" data-message-id=\"7a0b99d0-6e12-41a6-a309-f2897e6ce305\">\n<div class=\"flex w-full flex-col gap-1 empty:hidden first:pt-[3px]\">\n<div class=\"markdown prose w-full break-words dark:prose-invert dark\">\n<hr \/>\n<h2 style=\"text-align: center;\"><span style=\"color: #000000;\"><a style=\"color: #000000;\" href=\"https:\/\/onparturi.fi\/en\/product-category\/hiustuotteet\/hiuslakka\/\">schwarzkopf osis hiuslakka 500ml<\/a><\/span><\/h2>\n<hr \/>\n<p>&nbsp;<\/p>\n<\/div>\n<\/div>\n<\/div>\n<\/div>\n<p style=\"text-align: center;\">Korkean suorituskyvyn hiuslakka, joka tarjoaa pitk\u00e4kestoisen pidon ja hallinnan kampauksellesi. Ihanteellinen sek\u00e4 jokap\u00e4iv\u00e4iseen muotoiluun ett\u00e4 erityistilaisuuksiin, se varmistaa, ett\u00e4 tyylisi pysyy paikoillaan j\u00e4tt\u00e4m\u00e4tt\u00e4 tahmeita j\u00e4\u00e4mi\u00e4. Sopii kaikille hiustyypeille.<\/p>\n<\/blockquote>\n<\/div>\n<\/div>\n<\/div>\n<\/div>\n<div class=\"mt-1 flex gap-3 empty:hidden -ml-2\">\n<div class=\"items-center justify-start rounded-xl p-1 flex\">\n<div class=\"flex items-center justify-center rounded-lg text-token-text-secondary\"><button class=\"flex h-[30px] w-[30px] items-center justify-center rounded-md hover:bg-token-main-surface-secondary disabled:opacity-50 disabled:hover:bg-transparent\" aria-label=\"Previous response\"><\/button><\/p>\n<div class=\"px-0.5 text-sm font-semibold tabular-nums\"><\/div>\n<\/div>\n<\/div>\n<\/div>","protected":false},"excerpt":{"rendered":"<p>schwarzkopf osis hiuslakka 500ml &nbsp; Korkean suorituskyvyn hiuslakka, joka tarjoaa pitk\u00e4kestoisen pidon ja hallinnan kampauksellesi. Ihanteellinen sek\u00e4 jokap\u00e4iv\u00e4iseen muotoiluun ett\u00e4 erityistilaisuuksiin, se varmistaa, ett\u00e4 tyylisi pysyy paikoillaan j\u00e4tt\u00e4m\u00e4tt\u00e4 tahmeita j\u00e4\u00e4mi\u00e4. Sopii kaikille hiustyypeille.<\/p>","protected":false},"featured_media":12680,"comment_status":"open","ping_status":"closed","template":"","meta":[],"product_brand":[],"product_cat":[58,197],"product_tag":[],"class_list":{"0":"post-12679","1":"product","2":"type-product","3":"status-publish","4":"has-post-thumbnail","6":"product_cat-hiuslakka","7":"product_cat-hiustuotteet","9":"first","10":"outofstock","11":"taxable","12":"shipping-taxable","13":"purchasable","14":"product-type-simple"},"_links":{"self":[{"href":"https:\/\/onparturi.fi\/en\/wp-json\/wp\/v2\/product\/12679","targetHints":{"allow":["GET"]}}],"collection":[{"href":"https:\/\/onparturi.fi\/en\/wp-json\/wp\/v2\/product"}],"about":[{"href":"https:\/\/onparturi.fi\/en\/wp-json\/wp\/v2\/types\/product"}],"replies":[{"embeddable":true,"href":"https:\/\/onparturi.fi\/en\/wp-json\/wp\/v2\/comments?post=12679"}],"version-history":[{"count":1,"href":"https:\/\/onparturi.fi\/en\/wp-json\/wp\/v2\/product\/12679\/revisions"}],"predecessor-version":[{"id":12681,"href":"https:\/\/onparturi.fi\/en\/wp-json\/wp\/v2\/product\/12679\/revisions\/12681"}],"wp:featuredmedia":[{"embeddable":true,"href":"https:\/\/onparturi.fi\/en\/wp-json\/wp\/v2\/media\/12680"}],"wp:attachment":[{"href":"https:\/\/onparturi.fi\/en\/wp-json\/wp\/v2\/media?parent=12679"}],"wp:term":[{"taxonomy":"product_brand","embeddable":true,"href":"https:\/\/onparturi.fi\/en\/wp-json\/wp\/v2\/product_brand?post=12679"},{"taxonomy":"product_cat","embeddable":true,"href":"https:\/\/onparturi.fi\/en\/wp-json\/wp\/v2\/product_cat?post=12679"},{"taxonomy":"product_tag","embeddable":true,"href":"https:\/\/onparturi.fi\/en\/wp-json\/wp\/v2\/product_tag?post=12679"}],"curies":[{"name":"wp","href":"https:\/\/api.w.org\/{rel}","templated":true}]}}