{"id":12232,"date":"2024-08-03T20:42:20","date_gmt":"2024-08-03T17:42:20","guid":{"rendered":"https:\/\/onparturi.fi\/?post_type=product&#038;p=12232"},"modified":"2026-01-26T11:40:36","modified_gmt":"2026-01-26T09:40:36","slug":"jrl-forte-pro-2020l-hiustenkuivaaja","status":"publish","type":"product","link":"https:\/\/onparturi.fi\/en\/shop\/koneet-tarvikkeet\/foonit-hiustenkuivaajat\/jrl-forte-pro-2020l-hiustenkuivaaja\/","title":{"rendered":"JRL FORTE PRO 2020L HAIR DRYER"},"content":{"rendered":"<blockquote>\n<hr \/>\n<h2 style=\"text-align: center;\"><span style=\"color: #000000;\"><a style=\"color: #000000;\" href=\"https:\/\/onparturi.fi\/en\/product-tag\/jrl-professional\/\">JRL FORTE PRO 2020L<\/a><\/span><span style=\"color: #000000;\"><a style=\"color: #000000;\" href=\"https:\/\/onparturi.fi\/en\/product-tag\/jrl-professional\/\"> HAIR DRYER<\/a><\/span><\/h2>\n<hr \/>\n<\/blockquote>\n<p>&nbsp;<\/p>\n<blockquote>\n<p style=\"text-align: left;\">Experience the pinnacle of hair drying technology with the Forte Pro Feather Dryer. Weighing only 390 grams, this lightweight dryer ensures easy handling without compromising on power.<\/p>\n<p style=\"text-align: left;\"><strong>Key Features:<\/strong><\/p>\n<ul style=\"text-align: left;\">\n<li>Extremely Lightweight: Only 390 grams, making it comfortable to use.<\/li>\n<li>Turbo Function: Provides powerful airflow for faster drying and styling.<\/li>\n<li>Two Drying Modes: Allows for precise styling control.<\/li>\n<li>Graphene-Coated Heater: Reduces styling time, offering smooth and shiny results with minimal damage.<\/li>\n<li>Negative Ion Technology: Reduces drying time, frizz, and static while providing hydration to the hair.<\/li>\n<li>Enhanced Brushless DC Motor: Offers up to 5000 hours of use and an impressive 2400 watts of power.<\/li>\n<li>Time-Saving: Saves up to 30% of drying time. Dries short hair in just one minute and long hair in no more than five minutes.<\/li>\n<\/ul>\n<p style=\"text-align: left;\"><strong>Benefits:<\/strong><\/p>\n<ul style=\"text-align: left;\">\n<li>Lightweight and easy to handle.<\/li>\n<li>Fast and efficient drying.<\/li>\n<li>Precise styling control.<\/li>\n<li>Protects hair with minimal damage.<\/li>\n<li>Reduces frizz and static.<\/li>\n<li>Long-lasting motor performance.<\/li>\n<\/ul>\n<p style=\"text-align: left;\">Order the Forte Pro Feather Dryer today and enjoy fast, efficient drying with professional results!<\/p>\n<\/blockquote>","protected":false},"excerpt":{"rendered":"<p>JRL FORTE PRO 2020L HIUSTENKUIVAAJA &nbsp; Koe hiustenkuivauksen huipputeknologia Forte Pro Feather Dryerilla. Vain 390 gramman painoinen, t\u00e4m\u00e4 kevyt kuivain takaa helpon k\u00e4yt\u00f6n ilman kompromisseja tehoon. Keskeiset ominaisuudet: Eritt\u00e4in kevyt: Vain 390 grammaa, mik\u00e4 tekee k\u00e4yt\u00f6st\u00e4 mukavaa. Turbo-toiminto: Antaa voimakkaan ilmavirran, joka kuivaa ja muotoilee hiukset nopeammin. Kaksi kuivausmoodia: Mahdollistaa tarkan muotoilun hallinnan. Grafeenipinnoitettu l\u00e4mmitin: [&hellip;]<\/p>","protected":false},"featured_media":12430,"comment_status":"open","ping_status":"closed","template":"","meta":[],"product_brand":[],"product_cat":[79,198],"product_tag":[208],"class_list":{"0":"post-12232","1":"product","2":"type-product","3":"status-publish","4":"has-post-thumbnail","6":"product_cat-foonit-hiustenkuivaajat","7":"product_cat-koneet-tarvikkeet","8":"product_tag-jrl-professional","10":"first","11":"outofstock","12":"taxable","13":"shipping-taxable","14":"purchasable","15":"product-type-simple"},"_links":{"self":[{"href":"https:\/\/onparturi.fi\/en\/wp-json\/wp\/v2\/product\/12232","targetHints":{"allow":["GET"]}}],"collection":[{"href":"https:\/\/onparturi.fi\/en\/wp-json\/wp\/v2\/product"}],"about":[{"href":"https:\/\/onparturi.fi\/en\/wp-json\/wp\/v2\/types\/product"}],"replies":[{"embeddable":true,"href":"https:\/\/onparturi.fi\/en\/wp-json\/wp\/v2\/comments?post=12232"}],"version-history":[{"count":3,"href":"https:\/\/onparturi.fi\/en\/wp-json\/wp\/v2\/product\/12232\/revisions"}],"predecessor-version":[{"id":12432,"href":"https:\/\/onparturi.fi\/en\/wp-json\/wp\/v2\/product\/12232\/revisions\/12432"}],"wp:featuredmedia":[{"embeddable":true,"href":"https:\/\/onparturi.fi\/en\/wp-json\/wp\/v2\/media\/12430"}],"wp:attachment":[{"href":"https:\/\/onparturi.fi\/en\/wp-json\/wp\/v2\/media?parent=12232"}],"wp:term":[{"taxonomy":"product_brand","embeddable":true,"href":"https:\/\/onparturi.fi\/en\/wp-json\/wp\/v2\/product_brand?post=12232"},{"taxonomy":"product_cat","embeddable":true,"href":"https:\/\/onparturi.fi\/en\/wp-json\/wp\/v2\/product_cat?post=12232"},{"taxonomy":"product_tag","embeddable":true,"href":"https:\/\/onparturi.fi\/en\/wp-json\/wp\/v2\/product_tag?post=12232"}],"curies":[{"name":"wp","href":"https:\/\/api.w.org\/{rel}","templated":true}]}}