{"id":12196,"date":"2024-05-22T13:42:37","date_gmt":"2024-05-22T10:42:37","guid":{"rendered":"https:\/\/onparturi.fi\/?post_type=product&#038;p=12196"},"modified":"2026-01-07T00:15:11","modified_gmt":"2026-01-06T22:15:11","slug":"stylecraft-evo-trimmeri","status":"publish","type":"product","link":"https:\/\/onparturi.fi\/en\/shop\/koneet-tarvikkeet\/trimmerit\/stylecraft-evo-trimmeri\/","title":{"rendered":"STYLECRAFT EVO TRIMMERI"},"content":{"rendered":"<blockquote>\n<hr \/>\n<h2 style=\"text-align: center;\"><span style=\"color: #000000;\"><a style=\"color: #000000;\" href=\"https:\/\/onparturi.fi\/en\/product-tag\/stylecraft\/\">STYLECRAFT EVO TRIMMERI<\/a><\/span><\/h2>\n<hr \/>\n<\/blockquote>\n<h2 style=\"text-align: center;\"><\/h2>\n<p style=\"text-align: center;\">stylecraft evo trimmeri on ammattimainen trimmeri, jonka turboahdettu mikrosirumoottori py\u00f6rii 10 000 kierrosta minuutissa, tarjoten suuremman v\u00e4\u00e4nt\u00f6momentin ja tehon. Trimmeriss\u00e4 on s\u00e4\u00e4dett\u00e4v\u00e4 leikkuuter\u00e4, jonka leikkuupituus vaihtelee 0,8\u20130 mm, ja se voidaan s\u00e4\u00e4t\u00e4\u00e4 zero gap -asentoon.<\/p>\n<p>&nbsp;<\/p>\n<p style=\"text-align: center;\">&#8211; Latausaika 60 minuuttia latausasemassa tai mini-USB-kaapelilla<\/p>\n<p style=\"text-align: center;\">\n&#8211; Black Diamond Carbon DLC -ter\u00e4, leveydelt\u00e4\u00e4n 40 mm, takaavat t\u00e4ydellisen ja tasaisen leikkauksen<\/p>\n<p style=\"text-align: center;\">\n&#8211; Mukana 3 kampaa: 1,5 mm, 4,5 mm ja 6 mm<\/p>","protected":false},"excerpt":{"rendered":"<p>STYLECRAFT EVO TRIMMERI stylecraft evo trimmeri on ammattimainen trimmeri, jonka turboahdettu mikrosirumoottori py\u00f6rii 10 000 kierrosta minuutissa, tarjoten suuremman v\u00e4\u00e4nt\u00f6momentin ja tehon. Trimmeriss\u00e4 on s\u00e4\u00e4dett\u00e4v\u00e4 leikkuuter\u00e4, jonka leikkuupituus vaihtelee 0,8\u20130 mm, ja se voidaan s\u00e4\u00e4t\u00e4\u00e4 zero gap -asentoon. &nbsp; &#8211; Latausaika 60 minuuttia latausasemassa tai mini-USB-kaapelilla &#8211; Black Diamond Carbon DLC -ter\u00e4, leveydelt\u00e4\u00e4n 40 mm, [&hellip;]<\/p>","protected":false},"featured_media":12197,"comment_status":"open","ping_status":"closed","template":"","meta":[],"product_brand":[],"product_cat":[138,198],"product_tag":[229],"class_list":{"0":"post-12196","1":"product","2":"type-product","3":"status-publish","4":"has-post-thumbnail","6":"product_cat-trimmerit","7":"product_cat-koneet-tarvikkeet","8":"product_tag-stylecraft","10":"first","11":"instock","12":"taxable","13":"shipping-taxable","14":"purchasable","15":"product-type-simple"},"_links":{"self":[{"href":"https:\/\/onparturi.fi\/en\/wp-json\/wp\/v2\/product\/12196","targetHints":{"allow":["GET"]}}],"collection":[{"href":"https:\/\/onparturi.fi\/en\/wp-json\/wp\/v2\/product"}],"about":[{"href":"https:\/\/onparturi.fi\/en\/wp-json\/wp\/v2\/types\/product"}],"replies":[{"embeddable":true,"href":"https:\/\/onparturi.fi\/en\/wp-json\/wp\/v2\/comments?post=12196"}],"version-history":[{"count":1,"href":"https:\/\/onparturi.fi\/en\/wp-json\/wp\/v2\/product\/12196\/revisions"}],"predecessor-version":[{"id":12198,"href":"https:\/\/onparturi.fi\/en\/wp-json\/wp\/v2\/product\/12196\/revisions\/12198"}],"wp:featuredmedia":[{"embeddable":true,"href":"https:\/\/onparturi.fi\/en\/wp-json\/wp\/v2\/media\/12197"}],"wp:attachment":[{"href":"https:\/\/onparturi.fi\/en\/wp-json\/wp\/v2\/media?parent=12196"}],"wp:term":[{"taxonomy":"product_brand","embeddable":true,"href":"https:\/\/onparturi.fi\/en\/wp-json\/wp\/v2\/product_brand?post=12196"},{"taxonomy":"product_cat","embeddable":true,"href":"https:\/\/onparturi.fi\/en\/wp-json\/wp\/v2\/product_cat?post=12196"},{"taxonomy":"product_tag","embeddable":true,"href":"https:\/\/onparturi.fi\/en\/wp-json\/wp\/v2\/product_tag?post=12196"}],"curies":[{"name":"wp","href":"https:\/\/api.w.org\/{rel}","templated":true}]}}