{"id":12131,"date":"2024-04-20T23:04:00","date_gmt":"2024-04-20T20:04:00","guid":{"rendered":"https:\/\/onparturi.fi\/?post_type=product&#038;p=12131"},"modified":"2026-02-02T15:29:08","modified_gmt":"2026-02-02T13:29:08","slug":"derby-single-edge-partaterat","status":"publish","type":"product","link":"https:\/\/onparturi.fi\/en\/shop\/parta-viikset\/hoylat-veitset-terat\/derby-single-edge-partaterat\/","title":{"rendered":"DERBY SINGLE EDGE PARTATER\u00c4T 100 SE"},"content":{"rendered":"<hr \/>\n<h2 style=\"text-align: center;\">Derby Single Edge partater\u00e4t<\/h2>\n<hr \/>\n<p>&nbsp;<\/p>\n<blockquote>\n<pre style=\"text-align: center;\">Kaikki Derby -partater\u00e4t on valmistettu ruostumattomasta ter\u00e4sliuskeesta, joka on per\u00e4isin Ruotsista.\r\n\r\n Ter\u00e4t on karkaistu ja hiottu k\u00e4ytt\u00e4en alan viimeisint\u00e4 teknologiaa.\r\n\r\n Derby -terien leikkuureunat on pinnoitettu kromi-, keramiikka-, volframi- ja platinayhdisteill\u00e4 edistyneell\u00e4 sputterointitekniikalla, mik\u00e4 takaa ter\u00e4n optimaalisen kest\u00e4vyyden ja pidemm\u00e4n k\u00e4ytt\u00f6i\u00e4n.\r\n\r\n Kaikki Derby -ter\u00e4t on p\u00e4\u00e4llystetty polymerilla, joka varmistaa parhaan mahdollisen ajomukavuuden alusta loppuun saakka.\r\n\r\n Laadunvalvonta on tiukkaa ja jatkuvaa jokaisessa valmistusvaiheessa, ja siin\u00e4 hy\u00f6dynnet\u00e4\u00e4n erikoistunutta laadunvalvontalaitteistoa.<\/pre>\n<\/blockquote>","protected":false},"excerpt":{"rendered":"<p>Derby Single Edge partater\u00e4t &nbsp; Kaikki Derby -partater\u00e4t on valmistettu ruostumattomasta ter\u00e4sliuskeesta, joka on per\u00e4isin Ruotsista. Ter\u00e4t on karkaistu ja hiottu k\u00e4ytt\u00e4en alan viimeisint\u00e4 teknologiaa. Derby -terien leikkuureunat on pinnoitettu kromi-, keramiikka-, volframi- ja platinayhdisteill\u00e4 edistyneell\u00e4 sputterointitekniikalla, mik\u00e4 takaa ter\u00e4n optimaalisen kest\u00e4vyyden ja pidemm\u00e4n k\u00e4ytt\u00f6i\u00e4n. Kaikki Derby -ter\u00e4t on p\u00e4\u00e4llystetty polymerilla, joka varmistaa parhaan mahdollisen [&hellip;]<\/p>","protected":false},"featured_media":12132,"comment_status":"open","ping_status":"closed","template":"","meta":[],"product_brand":[],"product_cat":[222,45],"product_tag":[],"class_list":{"0":"post-12131","1":"product","2":"type-product","3":"status-publish","4":"has-post-thumbnail","6":"product_cat-hoylat-veitset-terat","7":"product_cat-parta-viikset","9":"first","10":"outofstock","11":"taxable","12":"shipping-taxable","13":"purchasable","14":"product-type-simple"},"_links":{"self":[{"href":"https:\/\/onparturi.fi\/en\/wp-json\/wp\/v2\/product\/12131","targetHints":{"allow":["GET"]}}],"collection":[{"href":"https:\/\/onparturi.fi\/en\/wp-json\/wp\/v2\/product"}],"about":[{"href":"https:\/\/onparturi.fi\/en\/wp-json\/wp\/v2\/types\/product"}],"replies":[{"embeddable":true,"href":"https:\/\/onparturi.fi\/en\/wp-json\/wp\/v2\/comments?post=12131"}],"version-history":[{"count":1,"href":"https:\/\/onparturi.fi\/en\/wp-json\/wp\/v2\/product\/12131\/revisions"}],"predecessor-version":[{"id":12133,"href":"https:\/\/onparturi.fi\/en\/wp-json\/wp\/v2\/product\/12131\/revisions\/12133"}],"wp:featuredmedia":[{"embeddable":true,"href":"https:\/\/onparturi.fi\/en\/wp-json\/wp\/v2\/media\/12132"}],"wp:attachment":[{"href":"https:\/\/onparturi.fi\/en\/wp-json\/wp\/v2\/media?parent=12131"}],"wp:term":[{"taxonomy":"product_brand","embeddable":true,"href":"https:\/\/onparturi.fi\/en\/wp-json\/wp\/v2\/product_brand?post=12131"},{"taxonomy":"product_cat","embeddable":true,"href":"https:\/\/onparturi.fi\/en\/wp-json\/wp\/v2\/product_cat?post=12131"},{"taxonomy":"product_tag","embeddable":true,"href":"https:\/\/onparturi.fi\/en\/wp-json\/wp\/v2\/product_tag?post=12131"}],"curies":[{"name":"wp","href":"https:\/\/api.w.org\/{rel}","templated":true}]}}