{"id":11920,"date":"2024-02-28T17:15:34","date_gmt":"2024-02-28T15:15:34","guid":{"rendered":"https:\/\/onparturi.fi\/?post_type=product&#038;p=11920"},"modified":"2025-08-23T19:13:02","modified_gmt":"2025-08-23T16:13:02","slug":"pacinos-shampoo-750ml","status":"publish","type":"product","link":"https:\/\/onparturi.fi\/en\/shop\/hiustuotteet\/shampoot\/pacinos-shampoo-750ml\/","title":{"rendered":"PACINOS SHAMPOO 750ML"},"content":{"rendered":"<blockquote>\n<hr \/>\n<h2 style=\"font-weight: 300; text-align: center;\"><span style=\"color: #000000;\"><a style=\"color: #000000;\" href=\"https:\/\/onparturi.fi\/en\/product-tag\/pacinos\/\"><b><strong>Pacinos Shampoo 750ml<\/strong><\/b><\/a><\/span><\/h2>\n<hr \/>\n<h2><\/h2>\n<p style=\"font-weight: 300; text-align: center;\">Puhdista hiuksesi perusteellisesti ilman luonnollisten \u00f6ljyjen poistumista t\u00e4m\u00e4n Pacinosin shampoon avulla.<\/p>\n<p style=\"font-weight: 300; text-align: center;\">Huuhtaise vaivattomasti pois tuotej\u00e4\u00e4m\u00e4t ja s\u00e4ilyt\u00e4 hiustesi terveys.<\/p>\n<\/blockquote>","protected":false},"excerpt":{"rendered":"<p>Pacinos Shampoo 750ml Puhdista hiuksesi perusteellisesti ilman luonnollisten \u00f6ljyjen poistumista t\u00e4m\u00e4n Pacinosin shampoon avulla. Huuhtaise vaivattomasti pois tuotej\u00e4\u00e4m\u00e4t ja s\u00e4ilyt\u00e4 hiustesi terveys.<\/p>","protected":false},"featured_media":11921,"comment_status":"open","ping_status":"closed","template":"","meta":[],"product_brand":[],"product_cat":[55,197],"product_tag":[227],"class_list":{"0":"post-11920","1":"product","2":"type-product","3":"status-publish","4":"has-post-thumbnail","6":"product_cat-shampoot","7":"product_cat-hiustuotteet","8":"product_tag-pacinos","10":"first","11":"outofstock","12":"sale","13":"taxable","14":"shipping-taxable","15":"purchasable","16":"product-type-simple"},"_links":{"self":[{"href":"https:\/\/onparturi.fi\/en\/wp-json\/wp\/v2\/product\/11920","targetHints":{"allow":["GET"]}}],"collection":[{"href":"https:\/\/onparturi.fi\/en\/wp-json\/wp\/v2\/product"}],"about":[{"href":"https:\/\/onparturi.fi\/en\/wp-json\/wp\/v2\/types\/product"}],"replies":[{"embeddable":true,"href":"https:\/\/onparturi.fi\/en\/wp-json\/wp\/v2\/comments?post=11920"}],"version-history":[{"count":1,"href":"https:\/\/onparturi.fi\/en\/wp-json\/wp\/v2\/product\/11920\/revisions"}],"predecessor-version":[{"id":11922,"href":"https:\/\/onparturi.fi\/en\/wp-json\/wp\/v2\/product\/11920\/revisions\/11922"}],"wp:featuredmedia":[{"embeddable":true,"href":"https:\/\/onparturi.fi\/en\/wp-json\/wp\/v2\/media\/11921"}],"wp:attachment":[{"href":"https:\/\/onparturi.fi\/en\/wp-json\/wp\/v2\/media?parent=11920"}],"wp:term":[{"taxonomy":"product_brand","embeddable":true,"href":"https:\/\/onparturi.fi\/en\/wp-json\/wp\/v2\/product_brand?post=11920"},{"taxonomy":"product_cat","embeddable":true,"href":"https:\/\/onparturi.fi\/en\/wp-json\/wp\/v2\/product_cat?post=11920"},{"taxonomy":"product_tag","embeddable":true,"href":"https:\/\/onparturi.fi\/en\/wp-json\/wp\/v2\/product_tag?post=11920"}],"curies":[{"name":"wp","href":"https:\/\/api.w.org\/{rel}","templated":true}]}}