{"id":11908,"date":"2024-02-28T13:58:13","date_gmt":"2024-02-28T11:58:13","guid":{"rendered":"https:\/\/onparturi.fi\/?post_type=product&#038;p=11908"},"modified":"2025-08-23T19:13:12","modified_gmt":"2025-08-23T16:13:12","slug":"pacinos-hoitoaine-750ml","status":"publish","type":"product","link":"https:\/\/onparturi.fi\/en\/shop\/hiustuotteet\/hoitoaineet\/pacinos-hoitoaine-750ml\/","title":{"rendered":"PACINOS HOITOAINE 750ML"},"content":{"rendered":"<blockquote>\n<hr \/>\n<h2 style=\"text-align: center;\"><span style=\"color: #000000;\"><a style=\"color: #000000;\" href=\"https:\/\/onparturi.fi\/en\/product-tag\/pacinos\/\">Pacinos Hoitoaine 730ml<\/a><\/span><\/h2>\n<hr \/>\n<p>&nbsp;<\/p>\n<p style=\"text-align: center;\">Hemmottele hiuksiasi ja luo terveellinen kiilto Pacinosin hoitoaineella.<\/p>\n<p style=\"text-align: center;\">\n<p style=\"text-align: center;\">Tekee hiuksistasi helpommin k\u00e4sitelt\u00e4v\u00e4t, samalla hoitaen ja raviten niit\u00e4 ilman rasvaisuutta.<\/p>\n<\/blockquote>","protected":false},"excerpt":{"rendered":"<p>Pacinos Hoitoaine 730ml &nbsp; Hemmottele hiuksiasi ja luo terveellinen kiilto Pacinosin hoitoaineella. Tekee hiuksistasi helpommin k\u00e4sitelt\u00e4v\u00e4t, samalla hoitaen ja raviten niit\u00e4 ilman rasvaisuutta.<\/p>","protected":false},"featured_media":11909,"comment_status":"open","ping_status":"closed","template":"","meta":[],"product_brand":[],"product_cat":[56,197],"product_tag":[227],"class_list":{"0":"post-11908","1":"product","2":"type-product","3":"status-publish","4":"has-post-thumbnail","6":"product_cat-hoitoaineet","7":"product_cat-hiustuotteet","8":"product_tag-pacinos","10":"first","11":"instock","12":"sale","13":"taxable","14":"shipping-taxable","15":"purchasable","16":"product-type-simple"},"_links":{"self":[{"href":"https:\/\/onparturi.fi\/en\/wp-json\/wp\/v2\/product\/11908","targetHints":{"allow":["GET"]}}],"collection":[{"href":"https:\/\/onparturi.fi\/en\/wp-json\/wp\/v2\/product"}],"about":[{"href":"https:\/\/onparturi.fi\/en\/wp-json\/wp\/v2\/types\/product"}],"replies":[{"embeddable":true,"href":"https:\/\/onparturi.fi\/en\/wp-json\/wp\/v2\/comments?post=11908"}],"version-history":[{"count":4,"href":"https:\/\/onparturi.fi\/en\/wp-json\/wp\/v2\/product\/11908\/revisions"}],"predecessor-version":[{"id":11913,"href":"https:\/\/onparturi.fi\/en\/wp-json\/wp\/v2\/product\/11908\/revisions\/11913"}],"wp:featuredmedia":[{"embeddable":true,"href":"https:\/\/onparturi.fi\/en\/wp-json\/wp\/v2\/media\/11909"}],"wp:attachment":[{"href":"https:\/\/onparturi.fi\/en\/wp-json\/wp\/v2\/media?parent=11908"}],"wp:term":[{"taxonomy":"product_brand","embeddable":true,"href":"https:\/\/onparturi.fi\/en\/wp-json\/wp\/v2\/product_brand?post=11908"},{"taxonomy":"product_cat","embeddable":true,"href":"https:\/\/onparturi.fi\/en\/wp-json\/wp\/v2\/product_cat?post=11908"},{"taxonomy":"product_tag","embeddable":true,"href":"https:\/\/onparturi.fi\/en\/wp-json\/wp\/v2\/product_tag?post=11908"}],"curies":[{"name":"wp","href":"https:\/\/api.w.org\/{rel}","templated":true}]}}