{"id":11850,"date":"2024-02-07T21:29:10","date_gmt":"2024-02-07T19:29:10","guid":{"rendered":"https:\/\/onparturi.fi\/?post_type=product&#038;p=11850"},"modified":"2024-07-27T18:48:40","modified_gmt":"2024-07-27T15:48:40","slug":"andis-revite-clipper","status":"publish","type":"product","link":"https:\/\/onparturi.fi\/en\/shop\/koneet-tarvikkeet\/clippers\/andis-revite-clipper\/","title":{"rendered":"ANDIS REVITE CLIPPER WHITE"},"content":{"rendered":"<blockquote>\n<hr \/>\n<h2 style=\"text-align: center;\"><span style=\"color: #000000;\"><a style=\"color: #000000;\" href=\"https:\/\/onparturi.fi\/en\/product-tag\/andis\/\">ANDIS REVITE CLIPPER<\/a><\/span><\/h2>\n<hr \/>\n<\/blockquote>\n<p>&nbsp;<\/p>\n<blockquote>\n<h3 style=\"text-align: left;\">Benefits:<\/h3>\n<ul style=\"text-align: left;\">\n<li style=\"text-align: left;\">Cord\/cordless<\/li>\n<li style=\"text-align: left;\">High power motor<\/li>\n<li style=\"text-align: left;\">Ultra durable housing<\/li>\n<\/ul>\n<h3 style=\"text-align: left;\">Technical features:<\/h3>\n<ul style=\"text-align: left;\">\n<li style=\"text-align: left;\">High-speed rotary motor<\/li>\n<li style=\"text-align: left;\">Durable Li-ION battery<\/li>\n<li style=\"text-align: left;\">5500 strokes\/minute<\/li>\n<li style=\"text-align: left;\">Running time: 120 minutes<\/li>\n<li style=\"text-align: left;\">Charging time: 90 minutes<\/li>\n<\/ul>\n<h3 style=\"text-align: left;\">Design features:<\/h3>\n<ul style=\"text-align: left;\">\n<li style=\"text-align: left;\">Weight of 292g<\/li>\n<li style=\"text-align: left;\">Lightweight composite housing<\/li>\n<li style=\"text-align: left;\">Textured grip<\/li>\n<\/ul>\n<h3 style=\"text-align: left;\">Included:<\/h3>\n<ul>\n<li style=\"text-align: left;\">1 blade (reVITE taper blade)<\/li>\n<li style=\"text-align: left;\">12 premium metal attachment combs (1.5 mm, 3 mm, 4.5 mm, 6 mm, 8 mm, 10 mm, 11 mm, 13 mm, 16 mm, 19 mm, 22 mm, 25 mm)<\/li>\n<li style=\"text-align: left;\">Oil<\/li>\n<li style=\"text-align: left;\">Cleaning brush<\/li>\n<li style=\"text-align: left;\">Blade guard<\/li>\n<li style=\"text-align: left;\">Plugs and adapters<\/li>\n<\/ul>\n<\/blockquote>","protected":false},"excerpt":{"rendered":"<p>ANDIS REVITE CLIPPER &nbsp; Edut: Johto\/johtovapaa Tehokas moottori Eritt\u00e4in kest\u00e4v\u00e4 runko Tekniset ominaisuudet: Nopea py\u00f6riv\u00e4 moottori Kest\u00e4v\u00e4 Li-ION-akku 5500 iskua minuutissa K\u00e4ytt\u00f6aika: 120 minuuttia Latausaika: 90 minuuttia Muotoiluominaisuudet: Paino: 292g Kevyt komposiittirunko Teksturoitu ote Mukana: 1 ter\u00e4 (reVITE taper -ter\u00e4) 12 premium-metallikampaa (1,5 mm, 3 mm, 4,5 mm, 6 mm, 8 mm, 10 mm, 11 [&hellip;]<\/p>","protected":false},"featured_media":11851,"comment_status":"open","ping_status":"closed","template":"","meta":[],"product_brand":[],"product_cat":[210,198],"product_tag":[231],"class_list":{"0":"post-11850","1":"product","2":"type-product","3":"status-publish","4":"has-post-thumbnail","6":"product_cat-clippers","7":"product_cat-koneet-tarvikkeet","8":"product_tag-andis","10":"first","11":"outofstock","12":"taxable","13":"shipping-taxable","14":"purchasable","15":"product-type-simple"},"_links":{"self":[{"href":"https:\/\/onparturi.fi\/en\/wp-json\/wp\/v2\/product\/11850","targetHints":{"allow":["GET"]}}],"collection":[{"href":"https:\/\/onparturi.fi\/en\/wp-json\/wp\/v2\/product"}],"about":[{"href":"https:\/\/onparturi.fi\/en\/wp-json\/wp\/v2\/types\/product"}],"replies":[{"embeddable":true,"href":"https:\/\/onparturi.fi\/en\/wp-json\/wp\/v2\/comments?post=11850"}],"version-history":[{"count":8,"href":"https:\/\/onparturi.fi\/en\/wp-json\/wp\/v2\/product\/11850\/revisions"}],"predecessor-version":[{"id":12340,"href":"https:\/\/onparturi.fi\/en\/wp-json\/wp\/v2\/product\/11850\/revisions\/12340"}],"wp:featuredmedia":[{"embeddable":true,"href":"https:\/\/onparturi.fi\/en\/wp-json\/wp\/v2\/media\/11851"}],"wp:attachment":[{"href":"https:\/\/onparturi.fi\/en\/wp-json\/wp\/v2\/media?parent=11850"}],"wp:term":[{"taxonomy":"product_brand","embeddable":true,"href":"https:\/\/onparturi.fi\/en\/wp-json\/wp\/v2\/product_brand?post=11850"},{"taxonomy":"product_cat","embeddable":true,"href":"https:\/\/onparturi.fi\/en\/wp-json\/wp\/v2\/product_cat?post=11850"},{"taxonomy":"product_tag","embeddable":true,"href":"https:\/\/onparturi.fi\/en\/wp-json\/wp\/v2\/product_tag?post=11850"}],"curies":[{"name":"wp","href":"https:\/\/api.w.org\/{rel}","templated":true}]}}