{"id":11842,"date":"2024-02-07T21:09:17","date_gmt":"2024-02-07T19:09:17","guid":{"rendered":"https:\/\/onparturi.fi\/?post_type=product&#038;p=11842"},"modified":"2025-12-05T12:32:36","modified_gmt":"2025-12-05T10:32:36","slug":"andis-master-cordless","status":"publish","type":"product","link":"https:\/\/onparturi.fi\/en\/shop\/koneet-tarvikkeet\/clippers\/andis-master-cordless\/","title":{"rendered":"ANDIS MASTER CORDLESS"},"content":{"rendered":"<blockquote>\n<hr \/>\n<h2 class=\"product-page-header\" style=\"text-align: center;\"><span style=\"color: #000000;\"><a style=\"color: #000000;\" href=\"https:\/\/onparturi.fi\/en\/product-tag\/andis\/\">ANDIS MASTER CORDLESS<\/a><\/span><\/h2>\n<hr \/>\n<\/blockquote>\n<div class=\"product-short-description\"><\/div>\n<div class=\"inner\"><\/div>\n<blockquote><p><strong>Benefits:<\/strong><\/p>\n<ul>\n<li>Cordless and corded clipper<\/li>\n<li>Reliable power<\/li>\n<\/ul>\n<p><strong>Technical features:<\/strong><\/p>\n<ul>\n<li>High-speed rotary motor (over 7200 strokes per minute)<\/li>\n<li>Durable lithium-ion battery<\/li>\n<li>Operating time: 90 minutes<\/li>\n<li>Charging time: 60 minutes<\/li>\n<\/ul>\n<p><strong>Design features:<\/strong><\/p>\n<ul>\n<li>Weight: 375 g<\/li>\n<li>Unbreakable, lightweight aluminum housing<\/li>\n<\/ul>\n<p><strong>Included:<\/strong><\/p>\n<ul>\n<li>1 adjustable carbon steel blade (0.5 - 2.4 mm, Andis master blade)<\/li>\n<li>Charger + stand<\/li>\n<li>European, UK, US, Australia plugs<\/li>\n<li>Blade guard<\/li>\n<li>Oil<\/li>\n<\/ul>\n<\/blockquote>","protected":false},"excerpt":{"rendered":"<p>ANDIS MASTER CORDLESS Edut: Langaton ja johdettava leikkuri Luotettava teho Tekniset ominaisuudet: Korkeanopeuksinen rotaatiomoottori (yli 7200 liikett\u00e4 minuutissa) Kest\u00e4v\u00e4 litiumioniakku K\u00e4ytt\u00f6aika: 90 minuuttia Latausaika: 60 minuuttia Suunnitteluominaisuudet: Paino: 375 g Murtumaton, kevyt alumiinikotelo Sis\u00e4ltyy: 1 s\u00e4\u00e4dett\u00e4v\u00e4 hiiliter\u00e4ster\u00e4 (0.5 &#8211; 2.4 mm, Andis master ter\u00e4) Laturi + teline Euroopan, Iso-Britannian, Yhdysvaltojen, Australian pistokkeet Ter\u00e4suoja Voitelu\u00f6ljy<\/p>","protected":false},"featured_media":11843,"comment_status":"open","ping_status":"closed","template":"","meta":[],"product_brand":[],"product_cat":[210,198],"product_tag":[231],"class_list":{"0":"post-11842","1":"product","2":"type-product","3":"status-publish","4":"has-post-thumbnail","6":"product_cat-clippers","7":"product_cat-koneet-tarvikkeet","8":"product_tag-andis","10":"first","11":"instock","12":"sale","13":"taxable","14":"shipping-taxable","15":"purchasable","16":"product-type-simple"},"_links":{"self":[{"href":"https:\/\/onparturi.fi\/en\/wp-json\/wp\/v2\/product\/11842","targetHints":{"allow":["GET"]}}],"collection":[{"href":"https:\/\/onparturi.fi\/en\/wp-json\/wp\/v2\/product"}],"about":[{"href":"https:\/\/onparturi.fi\/en\/wp-json\/wp\/v2\/types\/product"}],"replies":[{"embeddable":true,"href":"https:\/\/onparturi.fi\/en\/wp-json\/wp\/v2\/comments?post=11842"}],"version-history":[{"count":4,"href":"https:\/\/onparturi.fi\/en\/wp-json\/wp\/v2\/product\/11842\/revisions"}],"predecessor-version":[{"id":12343,"href":"https:\/\/onparturi.fi\/en\/wp-json\/wp\/v2\/product\/11842\/revisions\/12343"}],"wp:featuredmedia":[{"embeddable":true,"href":"https:\/\/onparturi.fi\/en\/wp-json\/wp\/v2\/media\/11843"}],"wp:attachment":[{"href":"https:\/\/onparturi.fi\/en\/wp-json\/wp\/v2\/media?parent=11842"}],"wp:term":[{"taxonomy":"product_brand","embeddable":true,"href":"https:\/\/onparturi.fi\/en\/wp-json\/wp\/v2\/product_brand?post=11842"},{"taxonomy":"product_cat","embeddable":true,"href":"https:\/\/onparturi.fi\/en\/wp-json\/wp\/v2\/product_cat?post=11842"},{"taxonomy":"product_tag","embeddable":true,"href":"https:\/\/onparturi.fi\/en\/wp-json\/wp\/v2\/product_tag?post=11842"}],"curies":[{"name":"wp","href":"https:\/\/api.w.org\/{rel}","templated":true}]}}