{"id":11595,"date":"2024-01-23T22:23:40","date_gmt":"2024-01-23T20:23:40","guid":{"rendered":"https:\/\/onparturi.fi\/?post_type=product&#038;p=11595"},"modified":"2025-03-09T14:55:54","modified_gmt":"2025-03-09T12:55:54","slug":"wahl-gold-detailer-trimmer","status":"publish","type":"product","link":"https:\/\/onparturi.fi\/en\/shop\/koneet-tarvikkeet\/trimmerit\/wahl-gold-detailer-trimmer\/","title":{"rendered":"WAHL GOLD DETAILER TRIMMER CORFLESS LI"},"content":{"rendered":"<p>&nbsp;<\/p>\n<blockquote>\n<hr \/>\n<h2 style=\"text-align: center;\"><span style=\"color: #000000;\"><a style=\"color: #000000;\" href=\"https:\/\/onparturi.fi\/en\/product-tag\/wahl-professional\/\">Wahl Gold Detailer Trimmer<\/a><\/span><\/h2>\n<hr \/>\n<\/blockquote>\n<p>&nbsp;<\/p>\n<ul>\n<li style=\"text-align: left;\">\n<blockquote>\n<ul>\n<li>Highly efficient and durable lithium-ion battery, ideal for continuous use.<\/li>\n<li>Quick charge function: 5-minute charge provides an average runtime of 14 minutes.<\/li>\n<li>Professional rotary motor for durability and longevity.<\/li>\n<li>Lighter weight and cordless design for easier handling while maintaining the quality of a corded trimmer.<\/li>\n<li>Extremely close trimming for crisp, clean lines.<\/li>\n<li>High carbon steel blades with titanium and DLC coating stay cooler.<\/li>\n<li>Extended blade cutting area for faster cutting results.<\/li>\n<li>Adjusts to \"0\" overlap.<\/li>\n<li>Package includes: 3 plastic attachment combs (1.5 mm, 3 mm, 4.5 mm), charging base, power cord, cutting comb, 2 cleaning brushes, oil.<\/li>\n<\/ul>\n<\/blockquote>\n<\/li>\n<\/ul>","protected":false},"excerpt":{"rendered":"<p>&nbsp; Wahl Gold Detailer Trimmer &nbsp; Eritt\u00e4in tehokas ja kest\u00e4v\u00e4 litiumioniakku, sopii jatkuvaan k\u00e4ytt\u00f6\u00f6n. Nopea lataustoiminto: 5 minuutin latauksella keskim\u00e4\u00e4r\u00e4inen k\u00e4ytt\u00f6aika 14 minuuttia. Ammattik\u00e4ytt\u00f6\u00f6n suunniteltu rotaatiomoottori kest\u00e4vyyden ja pitk\u00e4ik\u00e4isyyden varmistamiseksi. Kevyt ja langaton muotoilu helpottaa k\u00e4sittely\u00e4, s\u00e4ilytt\u00e4en korkean leikkuulaadun. \u00c4\u00e4rimm\u00e4isen tarkka leikkaus luo ter\u00e4v\u00e4n ja puhtaan rajauksen. Hiilikuituiset ter\u00e4t, joissa titaani- ja DLC-pinnoite, pysyv\u00e4t viile\u00e4mpin\u00e4. [&hellip;]<\/p>","protected":false},"featured_media":11596,"comment_status":"open","ping_status":"closed","template":"","meta":[],"product_brand":[],"product_cat":[138,198],"product_tag":[211],"class_list":{"0":"post-11595","1":"product","2":"type-product","3":"status-publish","4":"has-post-thumbnail","6":"product_cat-trimmerit","7":"product_cat-koneet-tarvikkeet","8":"product_tag-wahl-professional","10":"first","11":"instock","12":"sale","13":"taxable","14":"shipping-taxable","15":"purchasable","16":"product-type-simple"},"_links":{"self":[{"href":"https:\/\/onparturi.fi\/en\/wp-json\/wp\/v2\/product\/11595","targetHints":{"allow":["GET"]}}],"collection":[{"href":"https:\/\/onparturi.fi\/en\/wp-json\/wp\/v2\/product"}],"about":[{"href":"https:\/\/onparturi.fi\/en\/wp-json\/wp\/v2\/types\/product"}],"replies":[{"embeddable":true,"href":"https:\/\/onparturi.fi\/en\/wp-json\/wp\/v2\/comments?post=11595"}],"version-history":[{"count":2,"href":"https:\/\/onparturi.fi\/en\/wp-json\/wp\/v2\/product\/11595\/revisions"}],"predecessor-version":[{"id":12334,"href":"https:\/\/onparturi.fi\/en\/wp-json\/wp\/v2\/product\/11595\/revisions\/12334"}],"wp:featuredmedia":[{"embeddable":true,"href":"https:\/\/onparturi.fi\/en\/wp-json\/wp\/v2\/media\/11596"}],"wp:attachment":[{"href":"https:\/\/onparturi.fi\/en\/wp-json\/wp\/v2\/media?parent=11595"}],"wp:term":[{"taxonomy":"product_brand","embeddable":true,"href":"https:\/\/onparturi.fi\/en\/wp-json\/wp\/v2\/product_brand?post=11595"},{"taxonomy":"product_cat","embeddable":true,"href":"https:\/\/onparturi.fi\/en\/wp-json\/wp\/v2\/product_cat?post=11595"},{"taxonomy":"product_tag","embeddable":true,"href":"https:\/\/onparturi.fi\/en\/wp-json\/wp\/v2\/product_tag?post=11595"}],"curies":[{"name":"wp","href":"https:\/\/api.w.org\/{rel}","templated":true}]}}