{"id":11559,"date":"2024-01-23T01:37:59","date_gmt":"2024-01-22T23:37:59","guid":{"rendered":"https:\/\/onparturi.fi\/?post_type=product&#038;p=11559"},"modified":"2025-11-20T12:34:50","modified_gmt":"2025-11-20T10:34:50","slug":"wahl-cordless-senior","status":"publish","type":"product","link":"https:\/\/onparturi.fi\/en\/shop\/koneet-tarvikkeet\/clippers\/wahl-cordless-senior\/","title":{"rendered":"WAHL CORDLESS SENIOR"},"content":{"rendered":"<blockquote>\n<hr \/>\n<h2 style=\"text-align: center;\"><span style=\"color: #000000;\"><a style=\"color: #000000;\" href=\"https:\/\/onparturi.fi\/en\/product-tag\/wahl-professional\/\">Wahl cordless senior<\/a><\/span><\/h2>\n<hr \/>\n<\/blockquote>\n<div class=\"flex-shrink-0 flex flex-col relative items-end\">\n<div>\n<div class=\"pt-0.5 juice:pt-0\">\n<div class=\"gizmo-bot-avatar flex h-6 w-6 items-center justify-center overflow-hidden rounded-full juice:h-8 juice:w-8\">\n<div class=\"relative p-1 rounded-sm flex items-center justify-center bg-token-main-surface-primary text-token-text-primary h-8 w-8\"><\/div>\n<\/div>\n<\/div>\n<\/div>\n<\/div>\n<div class=\"group\/conversation-turn relative flex w-full min-w-0 flex-col agent-turn\">\n<div class=\"flex-col gap-1 md:gap-3\">\n<div class=\"flex flex-grow flex-col max-w-full\">\n<div class=\"min-h-[20px] text-message flex flex-col items-start whitespace-pre-wrap break-words [.text-message+&amp;]:mt-5 juice:w-full juice:items-end overflow-x-auto gap-2\" dir=\"auto\" data-message-author-role=\"assistant\" data-message-id=\"2e7061d3-3da2-4a22-86fa-471d9f7f3b8a\">\n<div class=\"flex w-full flex-col gap-1 juice:empty:hidden juice:first:pt-[3px]\">\n<div class=\"markdown prose w-full break-words dark:prose-invert dark\">\n<blockquote>\n<blockquote>\n<p style=\"text-align: left;\">Essential Tool for Professional Barbers.\nThe WAHL Cordless Senior is an essential tool for professional barbers, featuring a cutting-edge blade design and an exceptionally powerful DC motor that enables faster cuts and consistent performance, even on thick hair.<\/p>\n<p style=\"text-align: left;\">Key Features:<\/p>\n<\/blockquote>\n<blockquote>\n<ul>\n<li>Enhanced stability with a metal lower housing.<\/li>\n<\/ul>\n<\/blockquote>\n<blockquote>\n<ul>\n<li>Highly efficient and durable lithium-ion battery with no memory effect. Provides 80 minutes of runtime and charges fully in 120 minutes.<\/li>\n<\/ul>\n<\/blockquote>\n<blockquote>\n<ul>\n<li>Chrome-plated precision blade for easy adjustment of cutting length from 0.5mm to 1.2mm using the side adjustment lever.<\/li>\n<\/ul>\n<\/blockquote>\n<blockquote>\n<ul>\n<li>Enables fast and professional work.<\/li>\n<\/ul>\n<\/blockquote>\n<\/blockquote>\n<\/div>\n<\/div>\n<\/div>\n<\/div>\n<\/div>\n<\/div>","protected":false},"excerpt":{"rendered":"<p>Wahl cordless senior Ammattibarbeille v\u00e4ltt\u00e4m\u00e4t\u00f6n ty\u00f6kalu. Leikkauksia helpottava ter\u00e4 ja erityisen tehokas tasavirtamoottori, joka mahdollistaa nopeamman leikkuun ja jatkuvan suorituskyvyn erityisen paksulle hiukselle. T\u00e4rkeimm\u00e4t ominaisuudet Metallisen alaosan ansiosta parempi vakaus kotelossa. Erityisen tehokas ja kest\u00e4v\u00e4 litiumioniakku ilman muistivaikutusta. 80 minuutin k\u00e4ytt\u00f6aika ja 120 minuutin latausaika. Kromip\u00e4\u00e4llysteinen tarkkuuster\u00e4. Leikkuupituuden helppo s\u00e4\u00e4t\u00f6 0,5\u20131,2 mm s\u00e4\u00e4t\u00f6vivulla sivussa. Nopeaa [&hellip;]<\/p>","protected":false},"featured_media":11560,"comment_status":"open","ping_status":"closed","template":"","meta":[],"product_brand":[],"product_cat":[210,198],"product_tag":[211],"class_list":{"0":"post-11559","1":"product","2":"type-product","3":"status-publish","4":"has-post-thumbnail","6":"product_cat-clippers","7":"product_cat-koneet-tarvikkeet","8":"product_tag-wahl-professional","10":"first","11":"outofstock","12":"taxable","13":"shipping-taxable","14":"purchasable","15":"product-type-simple"},"_links":{"self":[{"href":"https:\/\/onparturi.fi\/en\/wp-json\/wp\/v2\/product\/11559","targetHints":{"allow":["GET"]}}],"collection":[{"href":"https:\/\/onparturi.fi\/en\/wp-json\/wp\/v2\/product"}],"about":[{"href":"https:\/\/onparturi.fi\/en\/wp-json\/wp\/v2\/types\/product"}],"replies":[{"embeddable":true,"href":"https:\/\/onparturi.fi\/en\/wp-json\/wp\/v2\/comments?post=11559"}],"version-history":[{"count":5,"href":"https:\/\/onparturi.fi\/en\/wp-json\/wp\/v2\/product\/11559\/revisions"}],"predecessor-version":[{"id":12328,"href":"https:\/\/onparturi.fi\/en\/wp-json\/wp\/v2\/product\/11559\/revisions\/12328"}],"wp:featuredmedia":[{"embeddable":true,"href":"https:\/\/onparturi.fi\/en\/wp-json\/wp\/v2\/media\/11560"}],"wp:attachment":[{"href":"https:\/\/onparturi.fi\/en\/wp-json\/wp\/v2\/media?parent=11559"}],"wp:term":[{"taxonomy":"product_brand","embeddable":true,"href":"https:\/\/onparturi.fi\/en\/wp-json\/wp\/v2\/product_brand?post=11559"},{"taxonomy":"product_cat","embeddable":true,"href":"https:\/\/onparturi.fi\/en\/wp-json\/wp\/v2\/product_cat?post=11559"},{"taxonomy":"product_tag","embeddable":true,"href":"https:\/\/onparturi.fi\/en\/wp-json\/wp\/v2\/product_tag?post=11559"}],"curies":[{"name":"wp","href":"https:\/\/api.w.org\/{rel}","templated":true}]}}