{"id":11458,"date":"2024-01-19T15:39:31","date_gmt":"2024-01-19T13:39:31","guid":{"rendered":"https:\/\/onparturi.fi\/?post_type=product&#038;p=11458"},"modified":"2026-02-18T15:20:12","modified_gmt":"2026-02-18T13:20:12","slug":"moustache-wax","status":"publish","type":"product","link":"https:\/\/onparturi.fi\/en\/shop\/parta-viikset\/parta-viiksivahat\/moustache-wax\/","title":{"rendered":"MOUSTACHE WAX &#8211; STRONG HOLD &#8211; SANDALWOOD 25ML"},"content":{"rendered":"<blockquote>\n<hr \/>\n<h2 class=\"LC20lb MBeuO DKV0Md\" style=\"text-align: center;\"><span style=\"color: #000000;\"><a style=\"color: #000000;\" href=\"https:\/\/onparturi.fi\/en\/product-tag\/noberu\/\">N\u00f5beru Moustache Wax Strong Hold Sandalwood<\/a><\/span><\/h2>\n<hr \/>\n<h2 class=\"LC20lb MBeuO DKV0Md\" style=\"text-align: center;\"><\/h2>\n<p style=\"text-align: center;\"><span style=\"color: #000000;\"><a style=\"color: #000000;\" href=\"https:\/\/noberu.se\/fi\/tuotteemme\/moustache-wax-strong-hold\" target=\"_blank\" rel=\"noopener\">Strong Hold<\/a><\/span> -viiksivaha on klassinen mehil\u00e4isvahapohjainen vaha niille, jotka haluavat muotoilla viiksi\u00e4\u00e4n. Vaha tuoksuu miellytt\u00e4v\u00e4lle ja pit\u00e4\u00e4 viikset muodossaan koko p\u00e4iv\u00e4n ajan.<\/p>\n<p style=\"text-align: center;\">\n<p>K\u00e4ytt\u00f6: Koska viiksivahamme on melko j\u00e4hme\u00e4\u00e4, sen helppo k\u00e4sittely vaatii joko ruumiinl\u00e4mp\u00f6\u00e4 tai muuta l\u00e4mp\u00f6\u00e4. K\u00e4yt\u00e4 peukalonkyntt\u00e4si saadaksesi vahan helpommin ulos rasiasta.<\/p>\n<\/blockquote>","protected":false},"excerpt":{"rendered":"<p>N\u00f5beru Moustache Wax Strong Hold Sandalwood Strong Hold -viiksivaha on klassinen mehil\u00e4isvahapohjainen vaha niille, jotka haluavat muotoilla viiksi\u00e4\u00e4n. Vaha tuoksuu miellytt\u00e4v\u00e4lle ja pit\u00e4\u00e4 viikset muodossaan koko p\u00e4iv\u00e4n ajan. K\u00e4ytt\u00f6: Koska viiksivahamme on melko j\u00e4hme\u00e4\u00e4, sen helppo k\u00e4sittely vaatii joko ruumiinl\u00e4mp\u00f6\u00e4 tai muuta l\u00e4mp\u00f6\u00e4. K\u00e4yt\u00e4 peukalonkyntt\u00e4si saadaksesi vahan helpommin ulos rasiasta.<\/p>","protected":false},"featured_media":11459,"comment_status":"open","ping_status":"closed","template":"","meta":[],"product_brand":[],"product_cat":[216,45],"product_tag":[209],"class_list":{"0":"post-11458","1":"product","2":"type-product","3":"status-publish","4":"has-post-thumbnail","6":"product_cat-parta-viiksivahat","7":"product_cat-parta-viikset","8":"product_tag-noberu","10":"first","11":"outofstock","12":"taxable","13":"shipping-taxable","14":"purchasable","15":"product-type-simple"},"_links":{"self":[{"href":"https:\/\/onparturi.fi\/en\/wp-json\/wp\/v2\/product\/11458","targetHints":{"allow":["GET"]}}],"collection":[{"href":"https:\/\/onparturi.fi\/en\/wp-json\/wp\/v2\/product"}],"about":[{"href":"https:\/\/onparturi.fi\/en\/wp-json\/wp\/v2\/types\/product"}],"replies":[{"embeddable":true,"href":"https:\/\/onparturi.fi\/en\/wp-json\/wp\/v2\/comments?post=11458"}],"version-history":[{"count":3,"href":"https:\/\/onparturi.fi\/en\/wp-json\/wp\/v2\/product\/11458\/revisions"}],"predecessor-version":[{"id":14004,"href":"https:\/\/onparturi.fi\/en\/wp-json\/wp\/v2\/product\/11458\/revisions\/14004"}],"wp:featuredmedia":[{"embeddable":true,"href":"https:\/\/onparturi.fi\/en\/wp-json\/wp\/v2\/media\/11459"}],"wp:attachment":[{"href":"https:\/\/onparturi.fi\/en\/wp-json\/wp\/v2\/media?parent=11458"}],"wp:term":[{"taxonomy":"product_brand","embeddable":true,"href":"https:\/\/onparturi.fi\/en\/wp-json\/wp\/v2\/product_brand?post=11458"},{"taxonomy":"product_cat","embeddable":true,"href":"https:\/\/onparturi.fi\/en\/wp-json\/wp\/v2\/product_cat?post=11458"},{"taxonomy":"product_tag","embeddable":true,"href":"https:\/\/onparturi.fi\/en\/wp-json\/wp\/v2\/product_tag?post=11458"}],"curies":[{"name":"wp","href":"https:\/\/api.w.org\/{rel}","templated":true}]}}