{"id":11455,"date":"2024-01-19T15:19:50","date_gmt":"2024-01-19T13:19:50","guid":{"rendered":"https:\/\/onparturi.fi\/?post_type=product&#038;p=11455"},"modified":"2026-01-01T17:52:06","modified_gmt":"2026-01-01T15:52:06","slug":"viiksivaha-light-hold","status":"publish","type":"product","link":"https:\/\/onparturi.fi\/en\/shop\/parta-viikset\/parta-viiksivahat\/viiksivaha-light-hold\/","title":{"rendered":"VIIKSIVAHA &#8211; LIGHT HOLD &#8211; SANDALWOOD 25ML"},"content":{"rendered":"<blockquote>\n<hr \/>\n<h2 style=\"text-align: center;\"><span style=\"color: #000000;\"><a style=\"color: #000000;\" href=\"https:\/\/onparturi.fi\/en\/product-tag\/noberu\/\">N\u00f5beru viiksivaha<em>\u00a0Light Hold Sandalwood<\/em><\/a><\/span><\/h2>\n<hr \/>\n<h2><\/h2>\n<p style=\"text-align: center;\">N\u00f5beru\u00a0<span style=\"color: #000000;\"><a style=\"color: #000000;\" href=\"https:\/\/noberu.se\/fi\/tuotteemme\/moustache-wax-light-hold\" target=\"_blank\" rel=\"noopener\">Light Hold<\/a><\/span> -viiksivaha on helppok\u00e4ytt\u00f6inen vaha viiksille, joiden halutaan vain pysyv\u00e4n muodossaan, ilman kiehkuroita. Vaha tuoksuu miellytt\u00e4v\u00e4lle ja se on hieman pehme\u00e4mpi eik\u00e4 pidoltaan yht\u00e4 kest\u00e4v\u00e4 kuin Strong Hold -viiksivaha.<\/p>\n<p style=\"text-align: center;\">\n<p>K\u00e4ytt\u00f6: Koska viiksivahamme on melko j\u00e4hme\u00e4\u00e4, sen helppo k\u00e4sittely vaatii joko ruumiinl\u00e4mp\u00f6\u00e4 tai muuta l\u00e4mp\u00f6\u00e4. K\u00e4yt\u00e4 peukalonkyntt\u00e4si saadaksesi vahan helpommin ulos rasiasta.<\/p>\n<\/blockquote>","protected":false},"excerpt":{"rendered":"<p>N\u00f5beru viiksivaha\u00a0Light Hold Sandalwood N\u00f5beru\u00a0Light Hold -viiksivaha on helppok\u00e4ytt\u00f6inen vaha viiksille, joiden halutaan vain pysyv\u00e4n muodossaan, ilman kiehkuroita. Vaha tuoksuu miellytt\u00e4v\u00e4lle ja se on hieman pehme\u00e4mpi eik\u00e4 pidoltaan yht\u00e4 kest\u00e4v\u00e4 kuin Strong Hold -viiksivaha. K\u00e4ytt\u00f6: Koska viiksivahamme on melko j\u00e4hme\u00e4\u00e4, sen helppo k\u00e4sittely vaatii joko ruumiinl\u00e4mp\u00f6\u00e4 tai muuta l\u00e4mp\u00f6\u00e4. K\u00e4yt\u00e4 peukalonkyntt\u00e4si saadaksesi vahan helpommin ulos [&hellip;]<\/p>","protected":false},"featured_media":11456,"comment_status":"open","ping_status":"closed","template":"","meta":[],"product_brand":[],"product_cat":[216,45],"product_tag":[209],"class_list":{"0":"post-11455","1":"product","2":"type-product","3":"status-publish","4":"has-post-thumbnail","6":"product_cat-parta-viiksivahat","7":"product_cat-parta-viikset","8":"product_tag-noberu","10":"first","11":"instock","12":"taxable","13":"shipping-taxable","14":"purchasable","15":"product-type-simple"},"_links":{"self":[{"href":"https:\/\/onparturi.fi\/en\/wp-json\/wp\/v2\/product\/11455","targetHints":{"allow":["GET"]}}],"collection":[{"href":"https:\/\/onparturi.fi\/en\/wp-json\/wp\/v2\/product"}],"about":[{"href":"https:\/\/onparturi.fi\/en\/wp-json\/wp\/v2\/types\/product"}],"replies":[{"embeddable":true,"href":"https:\/\/onparturi.fi\/en\/wp-json\/wp\/v2\/comments?post=11455"}],"version-history":[{"count":1,"href":"https:\/\/onparturi.fi\/en\/wp-json\/wp\/v2\/product\/11455\/revisions"}],"predecessor-version":[{"id":11457,"href":"https:\/\/onparturi.fi\/en\/wp-json\/wp\/v2\/product\/11455\/revisions\/11457"}],"wp:featuredmedia":[{"embeddable":true,"href":"https:\/\/onparturi.fi\/en\/wp-json\/wp\/v2\/media\/11456"}],"wp:attachment":[{"href":"https:\/\/onparturi.fi\/en\/wp-json\/wp\/v2\/media?parent=11455"}],"wp:term":[{"taxonomy":"product_brand","embeddable":true,"href":"https:\/\/onparturi.fi\/en\/wp-json\/wp\/v2\/product_brand?post=11455"},{"taxonomy":"product_cat","embeddable":true,"href":"https:\/\/onparturi.fi\/en\/wp-json\/wp\/v2\/product_cat?post=11455"},{"taxonomy":"product_tag","embeddable":true,"href":"https:\/\/onparturi.fi\/en\/wp-json\/wp\/v2\/product_tag?post=11455"}],"curies":[{"name":"wp","href":"https:\/\/api.w.org\/{rel}","templated":true}]}}