{"id":11444,"date":"2024-01-19T00:52:46","date_gmt":"2024-01-18T22:52:46","guid":{"rendered":"https:\/\/onparturi.fi\/?post_type=product&#038;p=11444"},"modified":"2026-03-11T18:49:35","modified_gmt":"2026-03-11T16:49:35","slug":"scalp-relax-shampoo","status":"publish","type":"product","link":"https:\/\/onparturi.fi\/en\/shop\/hiustuotteet\/shampoot\/scalp-relax-shampoo\/","title":{"rendered":"SCALP &#038; RELAX SHAMPOO &#8211; EUCALYPTUS 250ML"},"content":{"rendered":"<blockquote>\n<hr \/>\n<h2 style=\"text-align: center;\"><span style=\"color: #000000;\"><a style=\"color: #000000;\" href=\"https:\/\/onparturi.fi\/en\/product-tag\/noberu\/\">Noberu <em>Scalp<\/em>\u00a0&amp;\u00a0<em>Relax Shampoo<\/em><\/a><\/span><\/h2>\n<hr \/>\n<\/blockquote>\n<h2><\/h2>\n<blockquote>\n<p style=\"text-align: center;\">N\u00f5berun <span style=\"color: #000000;\"><a style=\"color: #000000;\" href=\"https:\/\/noberu.se\/fi\/tuotteemme\/scalp-ja-relax-shampoo\" target=\"_blank\" rel=\"noopener\">Scalp &amp; Relax Shampoo<\/a><\/span> puhdistaa herk\u00e4n ja kire\u00e4n hiuspohjan hell\u00e4varaisesti. T\u00e4m\u00e4 shampoo sis\u00e4lt\u00e4\u00e4 eukalyptusta ja rauhoittavaa mentolia, jolla on v\u00e4lit\u00f6n my\u00f6nteinen vaikutus hiuspohjaan. T\u00e4m\u00e4 shampoo lis\u00e4\u00e4 hiusten kiiltoa, keveytt\u00e4 ja ilmavuutta, ja saa hiuspohjan tuntumaan miellytt\u00e4v\u00e4lt\u00e4.<\/p>\n<p style=\"text-align: center;\">\n<p>K\u00e4ytt\u00f6: Vaahdota shampoo m\u00e4rkiin hiuksiin ja huuhtele.<\/p>\n<\/blockquote>","protected":false},"excerpt":{"rendered":"<p>Noberu Scalp\u00a0&amp;\u00a0Relax Shampoo N\u00f5berun Scalp &amp; Relax Shampoo puhdistaa herk\u00e4n ja kire\u00e4n hiuspohjan hell\u00e4varaisesti. T\u00e4m\u00e4 shampoo sis\u00e4lt\u00e4\u00e4 eukalyptusta ja rauhoittavaa mentolia, jolla on v\u00e4lit\u00f6n my\u00f6nteinen vaikutus hiuspohjaan. T\u00e4m\u00e4 shampoo lis\u00e4\u00e4 hiusten kiiltoa, keveytt\u00e4 ja ilmavuutta, ja saa hiuspohjan tuntumaan miellytt\u00e4v\u00e4lt\u00e4. K\u00e4ytt\u00f6: Vaahdota shampoo m\u00e4rkiin hiuksiin ja huuhtele.<\/p>","protected":false},"featured_media":11445,"comment_status":"open","ping_status":"closed","template":"","meta":[],"product_brand":[],"product_cat":[55,197],"product_tag":[209],"class_list":{"0":"post-11444","1":"product","2":"type-product","3":"status-publish","4":"has-post-thumbnail","6":"product_cat-shampoot","7":"product_cat-hiustuotteet","8":"product_tag-noberu","10":"first","11":"instock","12":"taxable","13":"shipping-taxable","14":"purchasable","15":"product-type-simple"},"_links":{"self":[{"href":"https:\/\/onparturi.fi\/en\/wp-json\/wp\/v2\/product\/11444","targetHints":{"allow":["GET"]}}],"collection":[{"href":"https:\/\/onparturi.fi\/en\/wp-json\/wp\/v2\/product"}],"about":[{"href":"https:\/\/onparturi.fi\/en\/wp-json\/wp\/v2\/types\/product"}],"replies":[{"embeddable":true,"href":"https:\/\/onparturi.fi\/en\/wp-json\/wp\/v2\/comments?post=11444"}],"version-history":[{"count":1,"href":"https:\/\/onparturi.fi\/en\/wp-json\/wp\/v2\/product\/11444\/revisions"}],"predecessor-version":[{"id":11446,"href":"https:\/\/onparturi.fi\/en\/wp-json\/wp\/v2\/product\/11444\/revisions\/11446"}],"wp:featuredmedia":[{"embeddable":true,"href":"https:\/\/onparturi.fi\/en\/wp-json\/wp\/v2\/media\/11445"}],"wp:attachment":[{"href":"https:\/\/onparturi.fi\/en\/wp-json\/wp\/v2\/media?parent=11444"}],"wp:term":[{"taxonomy":"product_brand","embeddable":true,"href":"https:\/\/onparturi.fi\/en\/wp-json\/wp\/v2\/product_brand?post=11444"},{"taxonomy":"product_cat","embeddable":true,"href":"https:\/\/onparturi.fi\/en\/wp-json\/wp\/v2\/product_cat?post=11444"},{"taxonomy":"product_tag","embeddable":true,"href":"https:\/\/onparturi.fi\/en\/wp-json\/wp\/v2\/product_tag?post=11444"}],"curies":[{"name":"wp","href":"https:\/\/api.w.org\/{rel}","templated":true}]}}