{"id":11430,"date":"2024-01-18T23:02:15","date_gmt":"2024-01-18T21:02:15","guid":{"rendered":"https:\/\/onparturi.fi\/?post_type=product&#038;p=11430"},"modified":"2026-01-01T17:55:38","modified_gmt":"2026-01-01T15:55:38","slug":"dandruff-shampoo","status":"publish","type":"product","link":"https:\/\/onparturi.fi\/en\/shop\/hiustuotteet\/shampoot\/dandruff-shampoo\/","title":{"rendered":"DANDRUFF SHAMPOO &#8211; EUCALYPTUS 250ML"},"content":{"rendered":"<blockquote>\n<hr \/>\n<h2 style=\"text-align: center;\"><span style=\"color: #000000;\"><a style=\"color: #000000;\" href=\"https:\/\/onparturi.fi\/en\/product-tag\/noberu\/\">Noberu\u00a0<em>Dandruff Shampoo Eucalyptus<\/em><\/a><\/span><\/h2>\n<hr \/>\n<\/blockquote>\n<p>&nbsp;<\/p>\n<blockquote>\n<p style=\"text-align: center;\"><span style=\"color: #000000;\"><a style=\"color: #000000;\" href=\"https:\/\/noberu.se\/fi\/tuotteemme\/dandruff-shampoo\" target=\"_blank\" rel=\"noopener\">Dandruff Shampoo<\/a><\/span> ehk\u00e4isee tehokkaasti hilsett\u00e4 samalla, kun se puhdistaa hiuspohjan hell\u00e4varaisesti, rauhoittaen ja pehment\u00e4en ihon allantoiinin avulla. T\u00e4m\u00e4 tuote lis\u00e4\u00e4 hiusten kiiltoa ja saa hiuspohjan tuntumaan miellytt\u00e4v\u00e4lt\u00e4.<\/p>\n<p style=\"text-align: center;\">\n<p>K\u00e4ytt\u00f6: Vaahdota shampoo m\u00e4rkiin hiuksiin ja huuhtele.<\/p>\n<\/blockquote>","protected":false},"excerpt":{"rendered":"<p>Noberu\u00a0Dandruff Shampoo Eucalyptus &nbsp; Dandruff Shampoo ehk\u00e4isee tehokkaasti hilsett\u00e4 samalla, kun se puhdistaa hiuspohjan hell\u00e4varaisesti, rauhoittaen ja pehment\u00e4en ihon allantoiinin avulla. T\u00e4m\u00e4 tuote lis\u00e4\u00e4 hiusten kiiltoa ja saa hiuspohjan tuntumaan miellytt\u00e4v\u00e4lt\u00e4. K\u00e4ytt\u00f6: Vaahdota shampoo m\u00e4rkiin hiuksiin ja huuhtele.<\/p>","protected":false},"featured_media":11432,"comment_status":"open","ping_status":"closed","template":"","meta":[],"product_brand":[],"product_cat":[55,197],"product_tag":[209],"class_list":{"0":"post-11430","1":"product","2":"type-product","3":"status-publish","4":"has-post-thumbnail","6":"product_cat-shampoot","7":"product_cat-hiustuotteet","8":"product_tag-noberu","10":"first","11":"instock","12":"taxable","13":"shipping-taxable","14":"purchasable","15":"product-type-simple"},"_links":{"self":[{"href":"https:\/\/onparturi.fi\/en\/wp-json\/wp\/v2\/product\/11430","targetHints":{"allow":["GET"]}}],"collection":[{"href":"https:\/\/onparturi.fi\/en\/wp-json\/wp\/v2\/product"}],"about":[{"href":"https:\/\/onparturi.fi\/en\/wp-json\/wp\/v2\/types\/product"}],"replies":[{"embeddable":true,"href":"https:\/\/onparturi.fi\/en\/wp-json\/wp\/v2\/comments?post=11430"}],"version-history":[{"count":2,"href":"https:\/\/onparturi.fi\/en\/wp-json\/wp\/v2\/product\/11430\/revisions"}],"predecessor-version":[{"id":11434,"href":"https:\/\/onparturi.fi\/en\/wp-json\/wp\/v2\/product\/11430\/revisions\/11434"}],"wp:featuredmedia":[{"embeddable":true,"href":"https:\/\/onparturi.fi\/en\/wp-json\/wp\/v2\/media\/11432"}],"wp:attachment":[{"href":"https:\/\/onparturi.fi\/en\/wp-json\/wp\/v2\/media?parent=11430"}],"wp:term":[{"taxonomy":"product_brand","embeddable":true,"href":"https:\/\/onparturi.fi\/en\/wp-json\/wp\/v2\/product_brand?post=11430"},{"taxonomy":"product_cat","embeddable":true,"href":"https:\/\/onparturi.fi\/en\/wp-json\/wp\/v2\/product_cat?post=11430"},{"taxonomy":"product_tag","embeddable":true,"href":"https:\/\/onparturi.fi\/en\/wp-json\/wp\/v2\/product_tag?post=11430"}],"curies":[{"name":"wp","href":"https:\/\/api.w.org\/{rel}","templated":true}]}}