{"id":11384,"date":"2024-01-18T16:01:54","date_gmt":"2024-01-18T14:01:54","guid":{"rendered":"https:\/\/onparturi.fi\/?post_type=product&#038;p=11384"},"modified":"2026-01-01T17:50:32","modified_gmt":"2026-01-01T15:50:32","slug":"clay-gel","status":"publish","type":"product","link":"https:\/\/onparturi.fi\/en\/shop\/hiustuotteet\/hiusgeelit-ja-vahat\/clay-gel\/","title":{"rendered":"FUSION CLAY-GEL &#8211; AMBER-LIME 80ML"},"content":{"rendered":"<blockquote>\n<hr \/>\n<h2 style=\"text-align: center;\"><span style=\"color: #000000;\"><a style=\"color: #000000;\" href=\"https:\/\/onparturi.fi\/en\/product-tag\/noberu\/\">N\u00f5beru of Sweden\u00a0<em>Fusion Clay<\/em>&#8211;<em>Gel<\/em><\/a><\/span><\/h2>\n<hr \/>\n<\/blockquote>\n<blockquote><p>&nbsp;<\/p>\n<p style=\"text-align: center;\"><a href=\"https:\/\/onparturi.fi\/en\/product-tag\/noberu\/\">N\u00f5beru<\/a> <em>Clay<\/em>&#8211;<em>Gel<\/em><span style=\"text-align: center;\">on yhdistelm\u00e4 vahaa ja geeli\u00e4, mink\u00e4 ansiosta sis\u00e4lt\u00f6 n\u00e4ytt\u00e4\u00e4 ja tuntuu vahalta, mutta sill\u00e4 on tavallisen hiusgeelin muotoiluominaisuudet.<\/span>\u00a0Se antaa hiuksille keskivahvan kiillon ja vahvan pidon.<\/p>\n<p>&nbsp;<\/p>\n<p style=\"text-align: center;\">K\u00e4ytt\u00f6: Levit\u00e4 Fusion <span style=\"color: #000000;\"><a style=\"color: #000000;\" href=\"https:\/\/noberu.se\/fi\/tuotteemme\/fusion-clay-gel\" target=\"_blank\" rel=\"noopener\">Clay-Gel<\/a><\/span> -tuote kosteisiin hiuksiin ja muotoile.<\/p>\n<p>&nbsp;<\/p>\n<p>&nbsp;<\/p>\n<div class=\"flex items-center mr-4\">\n<p>Shine\u00a0 \u00a0 \u00a0 <img decoding=\"async\" class=\"w-4 h-4 mr-1\" src=\"https:\/\/noberu.se\/symbol-solid.svg\" alt=\"\"><img decoding=\"async\" class=\"w-4 h-4 mr-1\" src=\"https:\/\/noberu.se\/symbol-solid.svg\" alt=\"\"><img decoding=\"async\" class=\"w-4 h-4 mr-1\" src=\"https:\/\/noberu.se\/symbol-outline.svg\" alt=\"\"><img decoding=\"async\" class=\"w-4 h-4 mr-1\" src=\"https:\/\/noberu.se\/symbol-outline.svg\" alt=\"\"><img decoding=\"async\" class=\"w-4 h-4 mr-1\" src=\"https:\/\/noberu.se\/symbol-outline.svg\" alt=\"\"><\/p>\n<\/div>\n<\/blockquote>\n<div class=\"flex items-center\">\n<blockquote><p>Hold\u00a0 \u00a0 \u00a0 \u00a0<img decoding=\"async\" class=\"w-4 h-4 mr-1\" src=\"https:\/\/noberu.se\/symbol-solid.svg\" alt=\"\"><img decoding=\"async\" class=\"w-4 h-4 mr-1\" src=\"https:\/\/noberu.se\/symbol-solid.svg\" alt=\"\"><img decoding=\"async\" class=\"w-4 h-4 mr-1\" src=\"https:\/\/noberu.se\/symbol-solid.svg\" alt=\"\"><img decoding=\"async\" class=\"w-4 h-4 mr-1\" src=\"https:\/\/noberu.se\/symbol-solid.svg\" alt=\"\"><img decoding=\"async\" class=\"w-4 h-4 mr-1\" src=\"https:\/\/noberu.se\/symbol-outline.svg\" alt=\"\"><\/p><\/blockquote>\n<\/div>","protected":false},"excerpt":{"rendered":"<blockquote>\n<h2 style=\"text-align: center;\"><span style=\"color: #000000;\"><em>\u00a0Clay<\/em>&#8211;<em>Gel<\/em><\/span><\/h2>\n<hr \/>\n<\/blockquote>\n<p>&nbsp;<\/p>\n<p style=\"text-align: center;\">T\u00e4m\u00e4\u00a0<span style=\"text-align: center;\">uote on yhdistelm\u00e4 vahaa ja geeli\u00e4, mink\u00e4 ansiosta sis\u00e4lt\u00f6 n\u00e4ytt\u00e4\u00e4 ja tuntuu vahalta, mutta sill\u00e4 on tavallisen hiusgeelin muotoiluominaisuudet.<\/span><\/p>","protected":false},"featured_media":11385,"comment_status":"open","ping_status":"closed","template":"","meta":[],"product_brand":[],"product_cat":[61,197],"product_tag":[209],"class_list":{"0":"post-11384","1":"product","2":"type-product","3":"status-publish","4":"has-post-thumbnail","6":"product_cat-hiusgeelit-ja-vahat","7":"product_cat-hiustuotteet","8":"product_tag-noberu","10":"first","11":"instock","12":"taxable","13":"shipping-taxable","14":"purchasable","15":"product-type-simple"},"_links":{"self":[{"href":"https:\/\/onparturi.fi\/en\/wp-json\/wp\/v2\/product\/11384","targetHints":{"allow":["GET"]}}],"collection":[{"href":"https:\/\/onparturi.fi\/en\/wp-json\/wp\/v2\/product"}],"about":[{"href":"https:\/\/onparturi.fi\/en\/wp-json\/wp\/v2\/types\/product"}],"replies":[{"embeddable":true,"href":"https:\/\/onparturi.fi\/en\/wp-json\/wp\/v2\/comments?post=11384"}],"version-history":[{"count":11,"href":"https:\/\/onparturi.fi\/en\/wp-json\/wp\/v2\/product\/11384\/revisions"}],"predecessor-version":[{"id":11396,"href":"https:\/\/onparturi.fi\/en\/wp-json\/wp\/v2\/product\/11384\/revisions\/11396"}],"wp:featuredmedia":[{"embeddable":true,"href":"https:\/\/onparturi.fi\/en\/wp-json\/wp\/v2\/media\/11385"}],"wp:attachment":[{"href":"https:\/\/onparturi.fi\/en\/wp-json\/wp\/v2\/media?parent=11384"}],"wp:term":[{"taxonomy":"product_brand","embeddable":true,"href":"https:\/\/onparturi.fi\/en\/wp-json\/wp\/v2\/product_brand?post=11384"},{"taxonomy":"product_cat","embeddable":true,"href":"https:\/\/onparturi.fi\/en\/wp-json\/wp\/v2\/product_cat?post=11384"},{"taxonomy":"product_tag","embeddable":true,"href":"https:\/\/onparturi.fi\/en\/wp-json\/wp\/v2\/product_tag?post=11384"}],"curies":[{"name":"wp","href":"https:\/\/api.w.org\/{rel}","templated":true}]}}