{"id":11329,"date":"2024-01-17T13:00:49","date_gmt":"2024-01-17T11:00:49","guid":{"rendered":"https:\/\/onparturi.fi\/?post_type=product&#038;p=11329"},"modified":"2026-01-01T17:54:39","modified_gmt":"2026-01-01T15:54:39","slug":"beard-tonic-sandalwood","status":"publish","type":"product","link":"https:\/\/onparturi.fi\/en\/shop\/parta-viikset\/beard-tonic-sandalwood\/","title":{"rendered":"BEARD TONIC &#8211; SANDALWOOD 100ML"},"content":{"rendered":"<blockquote>\n<hr \/>\n<h2 class=\"LC20lb MBeuO DKV0Md\" style=\"text-align: center;\">N\u00f5beru Beard Tonic Sandalwood<\/h2>\n<hr \/>\n<h2 class=\"LC20lb MBeuO DKV0Md\" style=\"text-align: center;\"><\/h2>\n<p style=\"text-align: center;\"><a href=\"https:\/\/noberu.se\/fi\/tuotteemme\/beard-tonic\" target=\"_blank\" rel=\"noopener\">Beard Tonic<\/a> on ainutlaatuinen tuote, joka tulisi levitt\u00e4\u00e4 partaan ennen hiustenkuivaajan k\u00e4ytt\u00f6\u00e4. Se on t\u00e4ydellinen tuote niille, joiden parta on suoristettava ja kuivattava hiustenkuivaajalla. <a href=\"https:\/\/onparturi.fi\/en\/product-tag\/noberu\/\">N\u00f5beru<\/a> Tonic on suihke, joka suojaa kuumuudelta ja sis\u00e4lt\u00e4\u00e4 argan\u00f6ljy\u00e4, joka kosteuttaa partaa ja antaa sille rakennetta. Se tekee parrasta tuuheamman tuntuisen samalla, kun tuote ehk\u00e4isee parran kuivumista. Tuote suojaa partaa kuumuudelta ja sis\u00e4lt\u00e4\u00e4 kosteuttavia ainesosia.<\/p>\n<h4 style=\"text-align: center;\">\n<p>K\u00e4ytt\u00f6:<\/h4>\n<p style=\"text-align: center;\">Suihkuta m\u00e4rk\u00e4\u00e4n partaan 10 cm:n et\u00e4isyydelt\u00e4. Kuivaa hiustenkuivaajalla tuuheuden ja rakenteen maksimoimiseksi. Tuotetta voi my\u00f6s suihkauttaa suoraan k\u00e4mmenelle, josta se levitet\u00e4\u00e4n partaan.<\/p>\n<\/blockquote>","protected":false},"excerpt":{"rendered":"<p>N\u00f5beru Beard Tonic Sandalwood Beard Tonic on ainutlaatuinen tuote, joka tulisi levitt\u00e4\u00e4 partaan ennen hiustenkuivaajan k\u00e4ytt\u00f6\u00e4. Se on t\u00e4ydellinen tuote niille, joiden parta on suoristettava ja kuivattava hiustenkuivaajalla. N\u00f5beru Tonic on suihke, joka suojaa kuumuudelta ja sis\u00e4lt\u00e4\u00e4 argan\u00f6ljy\u00e4, joka kosteuttaa partaa ja antaa sille rakennetta. Se tekee parrasta tuuheamman tuntuisen samalla, kun tuote ehk\u00e4isee parran [&hellip;]<\/p>","protected":false},"featured_media":11330,"comment_status":"open","ping_status":"closed","template":"","meta":[],"product_brand":[],"product_cat":[45,218],"product_tag":[209],"class_list":{"0":"post-11329","1":"product","2":"type-product","3":"status-publish","4":"has-post-thumbnail","6":"product_cat-parta-viikset","7":"product_cat-partasaippuat-hoitoaineet","8":"product_tag-noberu","10":"first","11":"instock","12":"taxable","13":"shipping-taxable","14":"purchasable","15":"product-type-simple"},"_links":{"self":[{"href":"https:\/\/onparturi.fi\/en\/wp-json\/wp\/v2\/product\/11329","targetHints":{"allow":["GET"]}}],"collection":[{"href":"https:\/\/onparturi.fi\/en\/wp-json\/wp\/v2\/product"}],"about":[{"href":"https:\/\/onparturi.fi\/en\/wp-json\/wp\/v2\/types\/product"}],"replies":[{"embeddable":true,"href":"https:\/\/onparturi.fi\/en\/wp-json\/wp\/v2\/comments?post=11329"}],"version-history":[{"count":2,"href":"https:\/\/onparturi.fi\/en\/wp-json\/wp\/v2\/product\/11329\/revisions"}],"predecessor-version":[{"id":11332,"href":"https:\/\/onparturi.fi\/en\/wp-json\/wp\/v2\/product\/11329\/revisions\/11332"}],"wp:featuredmedia":[{"embeddable":true,"href":"https:\/\/onparturi.fi\/en\/wp-json\/wp\/v2\/media\/11330"}],"wp:attachment":[{"href":"https:\/\/onparturi.fi\/en\/wp-json\/wp\/v2\/media?parent=11329"}],"wp:term":[{"taxonomy":"product_brand","embeddable":true,"href":"https:\/\/onparturi.fi\/en\/wp-json\/wp\/v2\/product_brand?post=11329"},{"taxonomy":"product_cat","embeddable":true,"href":"https:\/\/onparturi.fi\/en\/wp-json\/wp\/v2\/product_cat?post=11329"},{"taxonomy":"product_tag","embeddable":true,"href":"https:\/\/onparturi.fi\/en\/wp-json\/wp\/v2\/product_tag?post=11329"}],"curies":[{"name":"wp","href":"https:\/\/api.w.org\/{rel}","templated":true}]}}