{"id":11323,"date":"2024-01-17T12:39:31","date_gmt":"2024-01-17T10:39:31","guid":{"rendered":"https:\/\/onparturi.fi\/?post_type=product&#038;p=11323"},"modified":"2026-01-01T17:59:03","modified_gmt":"2026-01-01T15:59:03","slug":"beard-oil-sandalwood-partaoljy","status":"publish","type":"product","link":"https:\/\/onparturi.fi\/en\/shop\/parta-viikset\/partaoljy\/beard-oil-sandalwood-partaoljy\/","title":{"rendered":"BEARD OIL FEATHER &#8211; SANDALWOOD PARTA\u00d6LJY 30ML"},"content":{"rendered":"<hr \/>\n<blockquote>\n<h2 class=\"product_title entry-title elementor-heading-title elementor-size-default\" style=\"text-align: center;\">N\u00f5beru of Sweden &#8211; Sandalwood Parta\u00f6ljy<\/h2>\n<\/blockquote>\n<hr \/>\n<div class=\"flex items-end justify-between py-3.5 uppercase border-b border-b-black\/5\">\n<blockquote>\n<p class=\"text-sm text-gray-500\">\n<\/blockquote>\n<\/div>\n<blockquote>\n<p class=\"mt-6 text-gray-600\" style=\"text-align: center;\">Feather Beard Oil on kevyempi ja hieman ohuempi <a href=\"https:\/\/onparturi.fi\/en\/product-category\/parta-viikset\/partaoljy\/\">parta\u00f6ljy<\/a>, joka imeytyy nopeasti, eik\u00e4 j\u00e4t\u00e4 partaan tai ihoon rasvaista oloa. Se suojaa ja kosteuttaa partaa ja sen alla olevaa ihoa, ehk\u00e4isten kutinaa ja ihon \u00e4rtymist\u00e4. Feather<a href=\"https:\/\/noberu.se\/fi\/tuotteemme\/beard-oil-feather\" target=\"_blank\" rel=\"noopener\"> Beard Oil<\/a> on sopiva vaihtoehto, kun olet l\u00e4hd\u00f6ss\u00e4 t\u00f6ihin tai treffeille ja haluat nopeasti korjata partasi ulkon\u00e4k\u00f6\u00e4. Jos etsit paksumpaa parta\u00f6ljy\u00e4 tuuheammalle parralle, suosittelemme<a href=\"https:\/\/onparturi.fi\/en\/product-tag\/noberu\/\"> N\u00f5berun<\/a> Heavy Beard Oil -tuotetta.<\/p>\n<p>K\u00e4ytt\u00f6:<\/p>\n<p class=\"mt-6 text-gray-600\" style=\"text-align: center;\">Levit\u00e4 parta\u00f6ljy suoraan partaan. Jos haluat kostuttaa ihoasi, hiero \u00f6ljy ihoon asti. Jos taas haluat kiiltoa, levit\u00e4 \u00f6ljy\u00e4 partakarvoihin ja niiden p\u00e4ihin.<\/p>\n<\/blockquote>\n<p>&nbsp;<\/p>\n<div class=\"flex items-end justify-between py-3.5 uppercase border-b border-b-black\/5\">\n<blockquote>\n<p class=\"text-xs font-grotesque\" style=\"text-align: center;\">VEGAANINEN\u00a0 \u00a0 \u00a0 \u00a0 \u00a0 \u00a0 \u00a0 \u00a0 \u00a0 \u00a0 \u00a0KYLL\u00c4<\/p>\n<\/blockquote>\n<\/div>","protected":false},"excerpt":{"rendered":"<p>N\u00f5beru of Sweden &#8211; Sandalwood Parta\u00f6ljy Feather Beard Oil on kevyempi ja hieman ohuempi parta\u00f6ljy, joka imeytyy nopeasti, eik\u00e4 j\u00e4t\u00e4 partaan tai ihoon rasvaista oloa. Se suojaa ja kosteuttaa partaa ja sen alla olevaa ihoa, ehk\u00e4isten kutinaa ja ihon \u00e4rtymist\u00e4. Feather Beard Oil on sopiva vaihtoehto, kun olet l\u00e4hd\u00f6ss\u00e4 t\u00f6ihin tai treffeille ja haluat nopeasti [&hellip;]<\/p>","protected":false},"featured_media":11324,"comment_status":"open","ping_status":"closed","template":"","meta":[],"product_brand":[],"product_cat":[207,45],"product_tag":[209],"class_list":{"0":"post-11323","1":"product","2":"type-product","3":"status-publish","4":"has-post-thumbnail","6":"product_cat-partaoljy","7":"product_cat-parta-viikset","8":"product_tag-noberu","10":"first","11":"instock","12":"taxable","13":"shipping-taxable","14":"purchasable","15":"product-type-simple"},"_links":{"self":[{"href":"https:\/\/onparturi.fi\/en\/wp-json\/wp\/v2\/product\/11323","targetHints":{"allow":["GET"]}}],"collection":[{"href":"https:\/\/onparturi.fi\/en\/wp-json\/wp\/v2\/product"}],"about":[{"href":"https:\/\/onparturi.fi\/en\/wp-json\/wp\/v2\/types\/product"}],"replies":[{"embeddable":true,"href":"https:\/\/onparturi.fi\/en\/wp-json\/wp\/v2\/comments?post=11323"}],"version-history":[{"count":4,"href":"https:\/\/onparturi.fi\/en\/wp-json\/wp\/v2\/product\/11323\/revisions"}],"predecessor-version":[{"id":11328,"href":"https:\/\/onparturi.fi\/en\/wp-json\/wp\/v2\/product\/11323\/revisions\/11328"}],"wp:featuredmedia":[{"embeddable":true,"href":"https:\/\/onparturi.fi\/en\/wp-json\/wp\/v2\/media\/11324"}],"wp:attachment":[{"href":"https:\/\/onparturi.fi\/en\/wp-json\/wp\/v2\/media?parent=11323"}],"wp:term":[{"taxonomy":"product_brand","embeddable":true,"href":"https:\/\/onparturi.fi\/en\/wp-json\/wp\/v2\/product_brand?post=11323"},{"taxonomy":"product_cat","embeddable":true,"href":"https:\/\/onparturi.fi\/en\/wp-json\/wp\/v2\/product_cat?post=11323"},{"taxonomy":"product_tag","embeddable":true,"href":"https:\/\/onparturi.fi\/en\/wp-json\/wp\/v2\/product_tag?post=11323"}],"curies":[{"name":"wp","href":"https:\/\/api.w.org\/{rel}","templated":true}]}}