{"id":10731,"date":"2023-11-15T21:47:26","date_gmt":"2023-11-15T19:47:26","guid":{"rendered":"https:\/\/onparturi.fi\/?post_type=product&#038;p=10731"},"modified":"2026-04-29T16:19:33","modified_gmt":"2026-04-29T13:19:33","slug":"jrl-freshfade-2020c-clipper","status":"publish","type":"product","link":"https:\/\/onparturi.fi\/en\/shop\/koneet-tarvikkeet\/clippers\/jrl-freshfade-2020c-clipper\/","title":{"rendered":"JRL FRESHFADE 2020C CLIPPER"},"content":{"rendered":"<h2 style=\"text-align: center;\"><\/h2>\n<hr \/>\n<h2 style=\"text-align: center;\"><span style=\"color: #000000;\"><a style=\"color: #000000;\" href=\"https:\/\/onparturi.fi\/en\/product-tag\/jrl-professional\/\">Jrl FreshFade 2020C Clipper<\/a><\/span><\/h2>\n<hr \/>\n<p>&nbsp;<\/p>\n<blockquote>\n<ul data-rte-list=\"default\">\n<li>Advanced Lever-locking Feature Maintains Lever Secure For Extended Use\n<ul>\n<li>4 Hours Battery Life<\/li>\n<li>Revolutionary Cool Blade<\/li>\n<li>2 adjustable speeds for cutting versatility (6,000 &amp; 7,200 revolutions per minute)<\/li>\n<li>Quiet Motor<\/li>\n<li>Lithium Ion Battery<\/li>\n<li>Hanging Hook<\/li>\n<li>Patented Smart-Clip Technology<\/li>\n<li>Longer Cutting Range opens more, from 0.5-3.5mm<\/li>\n<li>Accessories: 1 Screwdriver, 1 Brush, 1 Lubricant Oil, 1 Blade Protector, 10 Comb Guards (\u00bd#, 1#, 1-1\/2#, 2#, 3#, 4#, 5#, 6#, 7#, 8#), 1 US Plug<\/li>\n<li>Charging Dock Is Not Included<\/li>\n<\/ul>\n<\/li>\n<\/ul>\n<\/blockquote>","protected":false},"excerpt":{"rendered":"<h1>Jrl FreshFade 2020C Clipper<\/h1>\n<ul data-rte-list=\"default\">\n<li>\n<p class=\"\">Tarkennettu vipu-lukitusominaisuus pit\u00e4\u00e4 vipu varmasti paikallaan pidempiaikaista k\u00e4ytt\u00f6\u00e4 varten<\/p>\n<\/li>\n<li>\n<p class=\"\">Akun kesto 4 tuntia<\/p>\n<\/li>\n<li>\n<p class=\"\">Revolutionary Cool Blade<\/p>\n<\/li>\n<li>\n<p class=\"\">2-adjustable speeds for cutting versatility ( 6,000 &amp; 7,200 revolutions per minute)<\/p>\n<\/li>\n<li>\n<p class=\"\">Quiet Motor<\/p>\n<\/li>\n<li>\n<p class=\"\">Lithium Ion Battery<\/p>\n<\/li>\n<li>\n<p class=\"\">Hanging Hook<\/p>\n<\/li>\n<li>\n<p class=\"\">Patented Smart-Clip Technology<\/p>\n<\/li>\n<li>\n<p class=\"\">Longer Cutting Range opens more, from 0.5-3.5mm<\/p>\n<\/li>\n<li>\n<p class=\"\"><strong>Accessories: 1 Screwdriver, 1 Brush, 1 Lubricant Oil, 1 Blade Protector, 10 Comb Guards (\u00bd#, 1#, 1-1\/2#, 2#, 3#, 4#, 5#, 6#, 7#, 8#), 1 US Plug<\/strong><\/p>\n<\/li>\n<li>\n<p class=\"\"><strong>Charging Dock Is Not Included<\/strong><\/p>\n<\/li>\n<\/ul>","protected":false},"featured_media":10736,"comment_status":"open","ping_status":"closed","template":"","meta":[],"product_brand":[],"product_cat":[210,198],"product_tag":[208],"class_list":{"0":"post-10731","1":"product","2":"type-product","3":"status-publish","4":"has-post-thumbnail","6":"product_cat-clippers","7":"product_cat-koneet-tarvikkeet","8":"product_tag-jrl-professional","10":"first","11":"instock","12":"sale","13":"taxable","14":"shipping-taxable","15":"purchasable","16":"product-type-simple"},"_links":{"self":[{"href":"https:\/\/onparturi.fi\/en\/wp-json\/wp\/v2\/product\/10731","targetHints":{"allow":["GET"]}}],"collection":[{"href":"https:\/\/onparturi.fi\/en\/wp-json\/wp\/v2\/product"}],"about":[{"href":"https:\/\/onparturi.fi\/en\/wp-json\/wp\/v2\/types\/product"}],"replies":[{"embeddable":true,"href":"https:\/\/onparturi.fi\/en\/wp-json\/wp\/v2\/comments?post=10731"}],"version-history":[{"count":6,"href":"https:\/\/onparturi.fi\/en\/wp-json\/wp\/v2\/product\/10731\/revisions"}],"predecessor-version":[{"id":12318,"href":"https:\/\/onparturi.fi\/en\/wp-json\/wp\/v2\/product\/10731\/revisions\/12318"}],"wp:featuredmedia":[{"embeddable":true,"href":"https:\/\/onparturi.fi\/en\/wp-json\/wp\/v2\/media\/10736"}],"wp:attachment":[{"href":"https:\/\/onparturi.fi\/en\/wp-json\/wp\/v2\/media?parent=10731"}],"wp:term":[{"taxonomy":"product_brand","embeddable":true,"href":"https:\/\/onparturi.fi\/en\/wp-json\/wp\/v2\/product_brand?post=10731"},{"taxonomy":"product_cat","embeddable":true,"href":"https:\/\/onparturi.fi\/en\/wp-json\/wp\/v2\/product_cat?post=10731"},{"taxonomy":"product_tag","embeddable":true,"href":"https:\/\/onparturi.fi\/en\/wp-json\/wp\/v2\/product_tag?post=10731"}],"curies":[{"name":"wp","href":"https:\/\/api.w.org\/{rel}","templated":true}]}}