{"id":10702,"date":"2024-01-10T15:07:22","date_gmt":"2024-01-10T13:07:22","guid":{"rendered":"https:\/\/onparturi.fi\/?post_type=product&#038;p=10702"},"modified":"2026-01-01T17:59:23","modified_gmt":"2026-01-01T15:59:23","slug":"partaoljy-heavy","status":"publish","type":"product","link":"https:\/\/onparturi.fi\/en\/shop\/parta-viikset\/partaoljy\/partaoljy-heavy\/","title":{"rendered":"Parta\u00f6ljy Heavy Black Oak 30 ml"},"content":{"rendered":"<blockquote>\n<hr \/>\n<h2><\/h2>\n<h2 class=\"product_title entry-title elementor-heading-title elementor-size-default\" style=\"text-align: center;\"><span style=\"color: #000000;\">N\u00f5beru of Sweden<\/span> Heavy on vahva parta\u00f6ljy<\/h2>\n<p>&nbsp;<\/p>\n<hr \/>\n<p>&nbsp;<\/p>\n<p style=\"padding-left: 40px; text-align: center;\"><a href=\"https:\/\/onparturi.fi\/en\/product-tag\/noberu\/\">N\u00f5beru of Sweden\u00a0<\/a>Beard Oil Heavy sopii muhkealle parralle. Se suojaa ja kosteuttaa partaa ja sen alla olevaa ihoa, ehk\u00e4isten kutinaa ja ihon \u00e4rtymist\u00e4. Valitse Heavy Beard Oil, mik\u00e4li ihosi tuntuu kire\u00e4lt\u00e4 tai kuivalta. Levit\u00e4 sit\u00e4 heti suihkun j\u00e4lkeen tai ennen nukkumaanmenoa. Kevyemp\u00e4\u00e4 parta\u00f6ljy\u00e4 etsiville suosittelemme<a href=\"https:\/\/noberu.se\/\" target=\"_blank\" rel=\"noopener\"> N\u00f5berun<\/a> Feather Beard Oil -tuotetta.<\/p>\n<h5 style=\"padding-left: 40px; text-align: center;\"><strong>K\u00e4ytt\u00f6<\/strong><\/h5>\n<p style=\"padding-left: 40px; text-align: center;\">Levit\u00e4 parta\u00f6ljy suoraan partaan. Jos haluat kostuttaa ihoasi, hiero \u00f6ljy ihoon asti. Jos taas haluat kiiltoa, levit\u00e4 \u00f6ljy\u00e4 pzartakarvoihin ja niiden p\u00e4ihin.<\/p>\n<\/blockquote>\n<p>&nbsp;<\/p>\n<p>&nbsp;<\/p>","protected":false},"excerpt":{"rendered":"<h1 class=\"product_title entry-title elementor-heading-title elementor-size-default\" style=\"text-align: center;\">N\u00f5beru of Sweden\u00a0Beard Oil Heavy<\/h1>\n<p>&nbsp;<\/p>\n<p>sopii muhkealle parralle. Se suojaa ja kosteuttaa partaa ja sen alla olevaa ihoa, ehk\u00e4isten kutinaa ja ihon \u00e4rtymist\u00e4.<\/p>\n<p>&nbsp;<\/p>","protected":false},"featured_media":11313,"comment_status":"open","ping_status":"closed","template":"","meta":[],"product_brand":[],"product_cat":[207,45],"product_tag":[209],"class_list":{"0":"post-10702","1":"product","2":"type-product","3":"status-publish","4":"has-post-thumbnail","6":"product_cat-partaoljy","7":"product_cat-parta-viikset","8":"product_tag-noberu","10":"first","11":"instock","12":"taxable","13":"shipping-taxable","14":"purchasable","15":"product-type-simple"},"_links":{"self":[{"href":"https:\/\/onparturi.fi\/en\/wp-json\/wp\/v2\/product\/10702","targetHints":{"allow":["GET"]}}],"collection":[{"href":"https:\/\/onparturi.fi\/en\/wp-json\/wp\/v2\/product"}],"about":[{"href":"https:\/\/onparturi.fi\/en\/wp-json\/wp\/v2\/types\/product"}],"replies":[{"embeddable":true,"href":"https:\/\/onparturi.fi\/en\/wp-json\/wp\/v2\/comments?post=10702"}],"version-history":[{"count":2,"href":"https:\/\/onparturi.fi\/en\/wp-json\/wp\/v2\/product\/10702\/revisions"}],"predecessor-version":[{"id":11314,"href":"https:\/\/onparturi.fi\/en\/wp-json\/wp\/v2\/product\/10702\/revisions\/11314"}],"wp:featuredmedia":[{"embeddable":true,"href":"https:\/\/onparturi.fi\/en\/wp-json\/wp\/v2\/media\/11313"}],"wp:attachment":[{"href":"https:\/\/onparturi.fi\/en\/wp-json\/wp\/v2\/media?parent=10702"}],"wp:term":[{"taxonomy":"product_brand","embeddable":true,"href":"https:\/\/onparturi.fi\/en\/wp-json\/wp\/v2\/product_brand?post=10702"},{"taxonomy":"product_cat","embeddable":true,"href":"https:\/\/onparturi.fi\/en\/wp-json\/wp\/v2\/product_cat?post=10702"},{"taxonomy":"product_tag","embeddable":true,"href":"https:\/\/onparturi.fi\/en\/wp-json\/wp\/v2\/product_tag?post=10702"}],"curies":[{"name":"wp","href":"https:\/\/api.w.org\/{rel}","templated":true}]}}