{"id":10671,"date":"2023-10-25T22:27:09","date_gmt":"2023-10-25T19:27:09","guid":{"rendered":"https:\/\/onparturi.fi\/?post_type=product&#038;p=10671"},"modified":"2026-04-01T21:50:40","modified_gmt":"2026-04-01T18:50:40","slug":"jrl-trimmer","status":"publish","type":"product","link":"https:\/\/onparturi.fi\/en\/shop\/koneet-tarvikkeet\/trimmerit\/jrl-trimmer\/","title":{"rendered":"JRL TRIMMER FRESHFADE 2020T"},"content":{"rendered":"<hr \/>\n<blockquote>\n<h2 style=\"text-align: center;\"><span style=\"color: #000000;\"><a style=\"color: #000000;\" href=\"https:\/\/www.jrlusa.com\/shop\/ff2020t\" target=\"_blank\" rel=\"noopener\">FreshFade 2020T JRL Trimmer<\/a><\/span><\/h2>\n<\/blockquote>\n<hr \/>\n<p>&nbsp;<\/p>\n<blockquote>\n<p style=\"text-align: left;\"><strong>\u00a0<\/strong><\/p>\n<p style=\"text-align: left;\"><a href=\"https:\/\/onparturi.fi\/en\/shop\/koneet-tarvikkeet\/trimmerit\/jrl-trimmer\/?gad_source=1&amp;gclid=Cj0KCQjw0Oq2BhCCARIsAA5hubVchZYsc_wDo89Uw8qqdZuJgslFW98Aibmq9M5nvqk9ciuoOMTwudAaApDoEALw_wcB\">FreshFade 2020T<\/a> on suunniteltu kest\u00e4m\u00e4\u00e4n, k\u00e4ytt\u00e4en korkealaatuisia materiaaleja, jotka kest\u00e4v\u00e4t p\u00e4ivitt\u00e4isen k\u00e4yt\u00f6n vaatimukset.<\/p>\n<ul>\n<li style=\"text-align: left;\">360\u00b0 Exposed Ultra Sharp T-shape blade<\/li>\n<li style=\"text-align: left;\">Patented Smart-Clip Technology<\/li>\n<li style=\"text-align: left;\">Cool Blade Technology: Blade stays cool and sharp after extended use<\/li>\n<li style=\"text-align: left;\">2 hours battery life<\/li>\n<li style=\"text-align: left;\">7,200 Revolutions Per Minute<\/li>\n<li style=\"text-align: left;\">Superior Motor: 3 times more powerful on torsion than most trimmers on the market<\/li>\n<li style=\"text-align: left;\">Quiet Motor: Operates under 60dB, creating a quiet working environment<\/li>\n<li style=\"text-align: left;\">Global Universal Voltage<\/li>\n<li style=\"text-align: left;\">Stainless Steel blade ideal for lining design and dry shaving<\/li>\n<li style=\"text-align: left;\">Hanging Hook<\/li>\n<li style=\"text-align: left;\">Accessories: 1 Screwdriver, 1 Brush, 1 Lubricant Oil, 1 Blade Protector, 1 US Plug<\/li>\n<li style=\"text-align: left;\">Charging Dock Is Not Included<\/li>\n<\/ul>\n<\/blockquote>","protected":false},"excerpt":{"rendered":"<p>&nbsp;<\/p>\n<h2>FreshFade 2020T JRL Trimmer.<\/h2>\n<p>a cutting-edge grooming tool designed to elevate your hairstyling game to the next level. This trimmer is a must-have for both professional barbers and individuals looking for precision and convenience in their grooming routine.<\/p>","protected":false},"featured_media":10672,"comment_status":"open","ping_status":"closed","template":"","meta":[],"product_brand":[],"product_cat":[138,198],"product_tag":[208],"class_list":{"0":"post-10671","1":"product","2":"type-product","3":"status-publish","4":"has-post-thumbnail","6":"product_cat-trimmerit","7":"product_cat-koneet-tarvikkeet","8":"product_tag-jrl-professional","10":"first","11":"instock","12":"sale","13":"taxable","14":"shipping-taxable","15":"purchasable","16":"product-type-simple"},"_links":{"self":[{"href":"https:\/\/onparturi.fi\/en\/wp-json\/wp\/v2\/product\/10671","targetHints":{"allow":["GET"]}}],"collection":[{"href":"https:\/\/onparturi.fi\/en\/wp-json\/wp\/v2\/product"}],"about":[{"href":"https:\/\/onparturi.fi\/en\/wp-json\/wp\/v2\/types\/product"}],"replies":[{"embeddable":true,"href":"https:\/\/onparturi.fi\/en\/wp-json\/wp\/v2\/comments?post=10671"}],"version-history":[{"count":6,"href":"https:\/\/onparturi.fi\/en\/wp-json\/wp\/v2\/product\/10671\/revisions"}],"predecessor-version":[{"id":10674,"href":"https:\/\/onparturi.fi\/en\/wp-json\/wp\/v2\/product\/10671\/revisions\/10674"}],"wp:featuredmedia":[{"embeddable":true,"href":"https:\/\/onparturi.fi\/en\/wp-json\/wp\/v2\/media\/10672"}],"wp:attachment":[{"href":"https:\/\/onparturi.fi\/en\/wp-json\/wp\/v2\/media?parent=10671"}],"wp:term":[{"taxonomy":"product_brand","embeddable":true,"href":"https:\/\/onparturi.fi\/en\/wp-json\/wp\/v2\/product_brand?post=10671"},{"taxonomy":"product_cat","embeddable":true,"href":"https:\/\/onparturi.fi\/en\/wp-json\/wp\/v2\/product_cat?post=10671"},{"taxonomy":"product_tag","embeddable":true,"href":"https:\/\/onparturi.fi\/en\/wp-json\/wp\/v2\/product_tag?post=10671"}],"curies":[{"name":"wp","href":"https:\/\/api.w.org\/{rel}","templated":true}]}}